{"id":886978,"date":"2023-10-31T16:35:00","date_gmt":"2023-10-31T15:35:00","guid":{"rendered":"https:\/\/www.claret.cat\/llibre\/revista-foc-nou-510-setembreoctubre-2023-9780240315102\/"},"modified":"2023-11-09T16:55:06","modified_gmt":"2023-11-09T15:55:06","slug":"revista-foc-nou-510-setembreoctubre-2023-9780240315102","status":"publish","type":"product","link":"https:\/\/www.claret.cat\/es\/libro\/revista-foc-nou-510-setembreoctubre-2023-9780240315102\/","title":{"rendered":"REVISTA FOC NOU, 510 (SETEMBRE-OCTUBRE 2023)"},"content":{"rendered":"<p>3 P\u00d2RTIC<br \/>Quatre verbs. Jordi Pacheco<\/p>\n<p>4 L\u2019ESGL\u00c9SIA DE CADA DIA<br \/>El papa Francesc amb les minories cat\u00f2liques. Francesc Romeu<\/p>\n<p>10 EN VEU ALTA<br \/>La llengua de missa. Ramon Bassas<br \/>Tecnologia i desigualtat. Tica Font<br \/>Qui perd les arrels. Gemma Morat\u00f3 i Sendra<br \/>El dret a la vida. Cesc Rufs<br \/>Un avi\u00f3 trencat. Luc\u00eda Montobbio<br \/>\u2018Cui prodest\u2019. Olga Xirinacs<\/p>\n<p>11 PUPITRE<br \/>Una hist\u00f2ria de Migra Studium. Pepe Men\u00e9ndez<\/p>\n<p>13 ECOLOGIA INTEGRAL<br \/>Ecologia de les migracions. Eduard Ib\u00e1\u00f1ez<\/p>\n<p>15 RAN DE TERRA<br \/>Cuidadores que venen de molt lluny. Merc\u00e8 Sol\u00e9<\/p>\n<p>16 FRONTERES ENLL\u00c0<br \/>Hanan Jasim Khammas: \u201cMigrar hauria de ser una decisi\u00f3 lliure i molt meditada\u201d. Teresa Carreras<\/p>\n<p>20 PERSONES<br \/>Lisa Fortune, la veu de Nig\u00e8ria que ha captivat Tarragona. Xavier Pete Vega<\/p>\n<p>22 MIGRACIONS<br \/>Hafiz Akif Khan, migrant marxista a la recerca d\u2019asil pol\u00edtic a Gr\u00e8cia. Miguel Fern\u00e1ndez Ib\u00e1\u00f1ez<br \/>\u00bfQu\u00e8 hi ha darrere d\u2019una ruta migrat\u00f2ria? Queralt Castillo Cerezuela<\/p>\n<p>28 ASSAIG<br \/>Sant Egidi o el cristianisme de les perif\u00e8ries. Francisco Mart\u00ednez Hoyos<\/p>\n<p>30 COOPERACI\u00d3<br \/>Ferm\u00edn Maroto: \u201cEl cristianisme ha de ser llevat en qualsevol societat\u201d. Xavier Pete Vega<\/p>\n<p>32 TAST EDITORIAL<br \/>\u201cAquest no \u00e9s el vostre lloc\u201d. Ibrahima Balde i Ametz Arzallus<\/p>\n<p>34 LA FE SOTA SOSPITA<br \/>El deure d&#8217;acollir els m\u00e9s vulnerables. Francesc Torralba<\/p>\n<p>36 LA FE SOTA SOSPITA<br \/>Construir l\u2019esperan\u00e7a al CIE. Oriol Prado<\/p>\n<p>38 CAMINS DE PAU<br \/>De Pedro Arrupe a Jorge Bergoglio. Dos jesu\u00eftes entre el Vatic\u00e0 II i el S\u00ednode (I). Xavier Gar\u00ed de Barbar\u00e0<\/p>\n<p>42 L\u2019ART DE LA FE<br \/>Refugiats a la seva mateixa terra. Francis Mar\u00edn<\/p>\n<p>43 \u00bfQU\u00c9 M\u2019EXPLIQUES?<br \/>L\u2019hospitalitat com a gest de feblesa fecunda. Jordi Valls<\/p>\n<p>44 ALCEM LA VEU<br \/>La joventut del Papa. Noem\u00ed Ubach Codina<\/p>\n<p>45 ESPIRITUALITAT<br \/>\u201c\u00bfArrencar les males herbes?\u201d. Gaspar Mora<\/p>\n<p>46 LLEGIR, MIRAR, ESCOLTAR<br \/>LLEGIR, MIRAR, ESCOLTAR. Andreu Trilla, Francesc-Xavier Mar\u00edn<br \/>PETIT CERCLE. Maria Escalas<br \/>FOC NOU RECOMANA<br \/>M\u00daSICA. Jordi Gu\u00e0rdia-Romeu<br \/>CINE. Antoni Nello<br \/>M\u00c8DIA. Jordi Bota<br \/>RETRIVIUM<br \/>En la redescoberta de Jos\u00e9 de Baquedano. Albert Ferrer Flamarich<\/p>\n","protected":false},"excerpt":{"rendered":"<p>FOC NOU <\/p>\n","protected":false},"featured_media":886979,"template":"","meta":{"_acf_changed":false,"om_disable_all_campaigns":false,"rs_blank_template":"","rs_page_bg_color":"","slide_template_v7":"","inline_featured_image":false,"_monsterinsights_skip_tracking":false,"_monsterinsights_sitenote_active":false,"_monsterinsights_sitenote_note":"","_monsterinsights_sitenote_category":0},"product_brand":[],"product_cat":[271,409],"product_tag":[],"class_list":{"0":"post-886978","1":"product","2":"type-product","3":"status-publish","4":"has-post-thumbnail","6":"product_cat-en-general","7":"product_cat-en-general-pastoral-1_espiritualidad","9":"first","10":"instock","11":"taxable","12":"shipping-taxable","13":"purchasable","14":"product-type-simple"},"acf":{"autor":"FOC NOU ","codart":"024031510","libros-coleccion":"","ediciones":"1","encuadernacion":"R\u00fastica","fecha_de_publicacion":"31\/10\/2023","novedad":"1","paginas":"50","subtitulo":"","orden":"0","portada":"0","idioma":"cat","editorial":[{"ID":6240,"post_author":"3","post_date":"2022-07-28 17:47:57","post_date_gmt":"2022-07-28 15:47:57","post_content":"","post_title":"EL CIERVO","post_excerpt":"","post_status":"publish","comment_status":"closed","ping_status":"closed","post_password":"","post_name":"el-ciervo","to_ping":"","pinged":"","post_modified":"2022-07-28 17:47:57","post_modified_gmt":"2022-07-28 15:47:57","post_content_filtered":"","post_parent":0,"guid":"http:\/\/dev.claret.cat\/editorial\/el-ciervo\/","menu_order":0,"post_type":"editorial","post_mime_type":"","comment_count":"0","filter":"raw"}],"autores-libros":[{"ID":5478,"post_author":"3","post_date":"2022-07-28 17:24:51","post_date_gmt":"2022-07-28 15:24:51","post_content":"","post_title":"FOC NOU","post_excerpt":"","post_status":"publish","comment_status":"closed","ping_status":"closed","post_password":"","post_name":"foc-nou","to_ping":"","pinged":"","post_modified":"2022-07-28 17:24:51","post_modified_gmt":"2022-07-28 15:24:51","post_content_filtered":"","post_parent":0,"guid":"http:\/\/dev.claret.cat\/autor\/foc-nou\/","menu_order":0,"post_type":"autor","post_mime_type":"","comment_count":"0","filter":"raw"}]},"aioseo_notices":[],"_links":{"self":[{"href":"https:\/\/www.claret.cat\/es\/wp-json\/wp\/v2\/product\/886978","targetHints":{"allow":["GET"]}}],"collection":[{"href":"https:\/\/www.claret.cat\/es\/wp-json\/wp\/v2\/product"}],"about":[{"href":"https:\/\/www.claret.cat\/es\/wp-json\/wp\/v2\/types\/product"}],"wp:featuredmedia":[{"embeddable":true,"href":"https:\/\/www.claret.cat\/es\/wp-json\/wp\/v2\/media\/886979"}],"wp:attachment":[{"href":"https:\/\/www.claret.cat\/es\/wp-json\/wp\/v2\/media?parent=886978"}],"wp:term":[{"taxonomy":"product_brand","embeddable":true,"href":"https:\/\/www.claret.cat\/es\/wp-json\/wp\/v2\/product_brand?post=886978"},{"taxonomy":"product_cat","embeddable":true,"href":"https:\/\/www.claret.cat\/es\/wp-json\/wp\/v2\/product_cat?post=886978"},{"taxonomy":"product_tag","embeddable":true,"href":"https:\/\/www.claret.cat\/es\/wp-json\/wp\/v2\/product_tag?post=886978"}],"curies":[{"name":"wp","href":"https:\/\/api.w.org\/{rel}","templated":true}]}}