{"id":886992,"date":"2023-10-31T17:54:08","date_gmt":"2023-10-31T16:54:08","guid":{"rendered":"https:\/\/www.claret.cat\/llibre\/por-que-dali-9788408280149\/"},"modified":"2023-11-02T17:55:40","modified_gmt":"2023-11-02T16:55:40","slug":"por-que-dali-9788408280149","status":"publish","type":"product","link":"https:\/\/www.claret.cat\/es\/libro\/por-que-dali-9788408280149\/","title":{"rendered":"\u00bfPOR QU\u00c9, DAL\u00cd?"},"content":{"rendered":"<p>Una aproximaci\u00f3n a Dal\u00ed y a su pintura m\u00e1s ic\u00f3nica y enigm\u00e1tica, El Cristo, con motivo de la primera exposici\u00f3n dedicada a la obra.Con motivo de la exposici\u00f3n monogr\u00e1fica de la obra El Cristo de Dal\u00ed que acoger\u00e1 el Museu Dal\u00ed de Figueres de noviembre de 2023 a abril de 2024, Planeta publica un apasionante ensayo que nos descubre una de las obras m\u00e1s enigm\u00e1ticas del pintor.<br \/> Mediante una ficci\u00f3n en forma de correspondencia epistolar con el pintor, Javier Sierra nos sumerge en la esencia de esta obra y su proceso de creaci\u00f3n a trav\u00e9s de un perturbador interrogante: \u00bfPor qu\u00e9, Dal\u00ed?<br \/> A continuaci\u00f3n, Antonio L\u00f3pez, en di\u00e1logo con Montse Aguer, profundiza sobre la figura de Salvador Dal\u00ed y nos invita adentrarnos en la mente, el cerebro y el proceso de creaci\u00f3n de uno de los artistas m\u00e1s complejos de los \u00faltimos tiempos. La parte m\u00e1s t\u00e9cnica corre a cargo de varios miembros del centro de documentaci\u00f3n de la Fundaci\u00f3n Gala-Salvador Dal\u00ed.<\/p>\n","protected":false},"excerpt":{"rendered":"<p>SIERRA, JAVIER \/ L\u00d3PEZ GARC\u00cdA, ANTONIO \/ AGUER, MONTSE<\/p>\n","protected":false},"featured_media":887180,"template":"","meta":{"_acf_changed":false,"om_disable_all_campaigns":false,"rs_blank_template":"","rs_page_bg_color":"","slide_template_v7":"","inline_featured_image":false,"_monsterinsights_skip_tracking":false,"_monsterinsights_sitenote_active":false,"_monsterinsights_sitenote_note":"","_monsterinsights_sitenote_category":0},"product_brand":[],"product_cat":[110,560],"product_tag":[],"class_list":{"0":"post-886992","1":"product","2":"type-product","3":"status-publish","4":"has-post-thumbnail","6":"product_cat-art","7":"product_cat-arte","9":"first","10":"instock","11":"taxable","12":"shipping-taxable","13":"purchasable","14":"product-type-simple"},"acf":{"autor":"SIERRA, JAVIER \/ L\u00d3PEZ GARC\u00cdA, ANTONIO \/ AGUER, MONTSE","codart":"840828014","libros-coleccion":"Ensayos","ediciones":"1","encuadernacion":"Carton\u00e9","fecha_de_publicacion":"01\/11\/2023","novedad":"1","paginas":"192","subtitulo":"EL ENIGMA COMO PROVOCACI\u00d3N EN EL ARTE","orden":"0","portada":"0","idioma":"spa","editorial":[{"ID":6233,"post_author":"3","post_date":"2022-07-28 17:47:48","post_date_gmt":"2022-07-28 15:47:48","post_content":"","post_title":"EDITORIAL PLANETA","post_excerpt":"","post_status":"publish","comment_status":"closed","ping_status":"closed","post_password":"","post_name":"editorial-planeta","to_ping":"","pinged":"","post_modified":"2022-07-28 17:47:48","post_modified_gmt":"2022-07-28 15:47:48","post_content_filtered":"","post_parent":0,"guid":"http:\/\/dev.claret.cat\/editorial\/editorial-planeta\/","menu_order":0,"post_type":"editorial","post_mime_type":"","comment_count":"0","filter":"raw"}],"autores-libros":[{"ID":8351,"post_author":"3","post_date":"2022-09-30 09:47:55","post_date_gmt":"2022-09-30 07:47:55","post_content":"","post_title":"JAVIER SIERRA","post_excerpt":"","post_status":"publish","comment_status":"closed","ping_status":"closed","post_password":"","post_name":"javier-sierra","to_ping":"","pinged":"","post_modified":"2022-09-30 09:47:55","post_modified_gmt":"2022-09-30 07:47:55","post_content_filtered":"","post_parent":0,"guid":"http:\/\/dev.claret.cat\/autor\/javier-sierra\/","menu_order":0,"post_type":"autor","post_mime_type":"","comment_count":"0","filter":"raw"},{"ID":886990,"post_author":"3","post_date":"2023-10-31 17:54:02","post_date_gmt":"2023-10-31 16:54:02","post_content":"","post_title":"ANTONIO L\u00d3PEZ GARC\u00cdA","post_excerpt":"","post_status":"publish","comment_status":"closed","ping_status":"closed","post_password":"","post_name":"antonio-lopez-garcia","to_ping":"","pinged":"","post_modified":"2023-10-31 17:54:02","post_modified_gmt":"2023-10-31 16:54:02","post_content_filtered":"","post_parent":0,"guid":"https:\/\/www.claret.cat\/autor\/antonio-lopez-garcia\/","menu_order":0,"post_type":"autor","post_mime_type":"","comment_count":"0","filter":"raw"},{"ID":886991,"post_author":"3","post_date":"2023-10-31 17:54:05","post_date_gmt":"2023-10-31 16:54:05","post_content":"","post_title":"MONTSE AGUER","post_excerpt":"","post_status":"publish","comment_status":"closed","ping_status":"closed","post_password":"","post_name":"montse-aguer","to_ping":"","pinged":"","post_modified":"2023-10-31 17:54:05","post_modified_gmt":"2023-10-31 16:54:05","post_content_filtered":"","post_parent":0,"guid":"https:\/\/www.claret.cat\/autor\/montse-aguer\/","menu_order":0,"post_type":"autor","post_mime_type":"","comment_count":"0","filter":"raw"}]},"aioseo_notices":[],"_links":{"self":[{"href":"https:\/\/www.claret.cat\/es\/wp-json\/wp\/v2\/product\/886992","targetHints":{"allow":["GET"]}}],"collection":[{"href":"https:\/\/www.claret.cat\/es\/wp-json\/wp\/v2\/product"}],"about":[{"href":"https:\/\/www.claret.cat\/es\/wp-json\/wp\/v2\/types\/product"}],"wp:featuredmedia":[{"embeddable":true,"href":"https:\/\/www.claret.cat\/es\/wp-json\/wp\/v2\/media\/887180"}],"wp:attachment":[{"href":"https:\/\/www.claret.cat\/es\/wp-json\/wp\/v2\/media?parent=886992"}],"wp:term":[{"taxonomy":"product_brand","embeddable":true,"href":"https:\/\/www.claret.cat\/es\/wp-json\/wp\/v2\/product_brand?post=886992"},{"taxonomy":"product_cat","embeddable":true,"href":"https:\/\/www.claret.cat\/es\/wp-json\/wp\/v2\/product_cat?post=886992"},{"taxonomy":"product_tag","embeddable":true,"href":"https:\/\/www.claret.cat\/es\/wp-json\/wp\/v2\/product_tag?post=886992"}],"curies":[{"name":"wp","href":"https:\/\/api.w.org\/{rel}","templated":true}]}}