{"id":886998,"date":"2023-10-31T17:56:05","date_gmt":"2023-10-31T16:56:05","guid":{"rendered":"https:\/\/www.claret.cat\/llibre\/fin-de-gira-9788408279044\/"},"modified":"2024-05-03T10:43:16","modified_gmt":"2024-05-03T08:43:16","slug":"fin-de-gira-9788408279044","status":"publish","type":"product","link":"https:\/\/www.claret.cat\/es\/libro\/fin-de-gira-9788408279044\/","title":{"rendered":"FIN DE GIRA"},"content":{"rendered":"<p>UNA CONMOVEDORA HISTORIA DE AMOR QUE TE ROMPER\u00c1 EL CORAZ\u00d3N.Zoe Clark es hija de una estrella del rock y ha pasado sus diecis\u00e9is a\u00f1os de vida de ciudad en ciudad durante las giras mundiales de su padre. Hasta que, un buen d\u00eda, sus padres anuncian su divorcio y ella y una maleta con todas sus cosas acaban en el peque\u00f1o pueblo perdido donde creci\u00f3 su madre. Nunca antes ha ido al instituto, ha tenido trato con gente de su edad ni sabe, en realidad, lo que es tener una vida normal.<br \/> Un grupo de m\u00fasica de adolescentes, una pandilla de amigos y ese guitarrista hijo de la mejor amiga de su madre podr\u00edan ser el sitio en el mundo que cre\u00eda no ir a encontrar jam\u00e1s. Claro que tambi\u00e9n est\u00e1 ese est\u00fapido bater\u00eda al que no soporta y que parece odiarla en la misma medida y sin ning\u00fan motivo. Ese chico que, por alguna raz\u00f3n, ha renunciado por completo a la idea de ser feliz.<br \/> Nuevas experiencias, un sinf\u00edn de posibilidades y demasiadas preguntas, aunque hay una en concreto cuya respuesta puede marcar la diferencia:<br \/> Si ma\u00f1ana fuera el fin del mundo\u2026, \u00bfcon qui\u00e9n te gustar\u00eda pasar la \u00faltima noche?<\/p>\n","protected":false},"excerpt":{"rendered":"<p>NOT, ALINA<\/p>\n","protected":false},"featured_media":946182,"template":"","meta":{"_acf_changed":false,"om_disable_all_campaigns":false,"rs_blank_template":"","rs_page_bg_color":"","slide_template_v7":"","inline_featured_image":false,"_monsterinsights_skip_tracking":false,"_monsterinsights_sitenote_active":false,"_monsterinsights_sitenote_note":"","_monsterinsights_sitenote_category":0},"product_brand":[],"product_cat":[90,540],"product_tag":[],"class_list":{"0":"post-886998","1":"product","2":"type-product","3":"status-publish","4":"has-post-thumbnail","6":"product_cat-altres","7":"product_cat-otros","9":"first","10":"instock","11":"taxable","12":"shipping-taxable","13":"purchasable","14":"product-type-simple"},"acf":{"autor":"NOT, ALINA","codart":"840827904","libros-coleccion":"Ficci\u00f3n","ediciones":"1","encuadernacion":"R\u00fastica","fecha_de_publicacion":"01\/11\/2023","novedad":"1","paginas":"571","subtitulo":"","orden":"0","portada":"0","idioma":"spa","editorial":[{"ID":6233,"post_author":"3","post_date":"2022-07-28 17:47:48","post_date_gmt":"2022-07-28 15:47:48","post_content":"","post_title":"EDITORIAL PLANETA","post_excerpt":"","post_status":"publish","comment_status":"closed","ping_status":"closed","post_password":"","post_name":"editorial-planeta","to_ping":"","pinged":"","post_modified":"2022-07-28 17:47:48","post_modified_gmt":"2022-07-28 15:47:48","post_content_filtered":"","post_parent":0,"guid":"http:\/\/dev.claret.cat\/editorial\/editorial-planeta\/","menu_order":0,"post_type":"editorial","post_mime_type":"","comment_count":"0","filter":"raw"}],"autores-libros":[{"ID":149862,"post_author":"3","post_date":"2022-10-14 14:28:17","post_date_gmt":"2022-10-14 12:28:17","post_content":"","post_title":"ALINA NOT","post_excerpt":"","post_status":"publish","comment_status":"closed","ping_status":"closed","post_password":"","post_name":"alina-not","to_ping":"","pinged":"","post_modified":"2022-10-14 14:28:17","post_modified_gmt":"2022-10-14 12:28:17","post_content_filtered":"","post_parent":0,"guid":"http:\/\/dev.claret.cat\/autor\/alina-not\/","menu_order":0,"post_type":"autor","post_mime_type":"","comment_count":"0","filter":"raw"}]},"aioseo_notices":[],"_links":{"self":[{"href":"https:\/\/www.claret.cat\/es\/wp-json\/wp\/v2\/product\/886998","targetHints":{"allow":["GET"]}}],"collection":[{"href":"https:\/\/www.claret.cat\/es\/wp-json\/wp\/v2\/product"}],"about":[{"href":"https:\/\/www.claret.cat\/es\/wp-json\/wp\/v2\/types\/product"}],"wp:featuredmedia":[{"embeddable":true,"href":"https:\/\/www.claret.cat\/es\/wp-json\/wp\/v2\/media\/946182"}],"wp:attachment":[{"href":"https:\/\/www.claret.cat\/es\/wp-json\/wp\/v2\/media?parent=886998"}],"wp:term":[{"taxonomy":"product_brand","embeddable":true,"href":"https:\/\/www.claret.cat\/es\/wp-json\/wp\/v2\/product_brand?post=886998"},{"taxonomy":"product_cat","embeddable":true,"href":"https:\/\/www.claret.cat\/es\/wp-json\/wp\/v2\/product_cat?post=886998"},{"taxonomy":"product_tag","embeddable":true,"href":"https:\/\/www.claret.cat\/es\/wp-json\/wp\/v2\/product_tag?post=886998"}],"curies":[{"name":"wp","href":"https:\/\/api.w.org\/{rel}","templated":true}]}}