{"id":8870,"date":"2022-09-30T12:22:27","date_gmt":"2022-09-30T10:22:27","guid":{"rendered":"http:\/\/dev.claret.cat\/producte\/els-7-superpoders-de-la-felicitat\/"},"modified":"2025-04-08T10:55:34","modified_gmt":"2025-04-08T08:55:34","slug":"els-7-superpoders-de-la-felicitat-9788491364092","status":"publish","type":"product","link":"https:\/\/www.claret.cat\/es\/libro\/els-7-superpoders-de-la-felicitat-9788491364092\/","title":{"rendered":"ELS 7 SUPERPODERS DE LA FELICITAT"},"content":{"rendered":"<p>Les llagues d\u2019est\u00f3mac no venen del que mengem, sin\u00f3 del que se\u2019ns menja! L\u2019estr\u00e8s, les presses, la precipitaci\u00f3, les preocupacions&#8230; tot plegat pot fer que la nostra vida de cada dia ens resulti feixuga i no siguem capa\u00e7os de gaudir-ne.<br \/>Deixeu que el llibre us ajudi a alliberar-vos de preocupacions que no s\u00f3n tan importants \u2013per\u00f2 que se us \u00abmengen\u00bb per dins\u2013, identifiqueu idees falses sobre la felicitat i, sobretot, descobriu i feu vostres els 7 Superpoders de la Felicitat: estrat\u00e8gies senzilles&#8230; per\u00f2 extraordin\u00e0riament poderoses i aplicables!<br \/>Un llibre diferent, fet \u00aba m\u00e0\u00bb, ple de \u00abvisual thinking\u00bb: dibuixos expressius que us arribaran al cor, i que us ajudaran a ser m\u00e9s feli\u00e7os per ser millors pares i mares, per comunicar-vos millor, per treballar m\u00e9s a gust&#8230; Amb els 7 Superpoders podreu ser m\u00e9s feli\u00e7os per ser millors!<\/p>\n","protected":false},"excerpt":{"rendered":"<p>FERN\u00c1NDEZ SOLA, JUANJO<\/p>\n","protected":false},"featured_media":974235,"template":"","meta":{"_acf_changed":false,"om_disable_all_campaigns":false,"rs_blank_template":"","rs_page_bg_color":"","slide_template_v7":"","inline_featured_image":false,"_monsterinsights_skip_tracking":false,"_monsterinsights_sitenote_active":false,"_monsterinsights_sitenote_note":"","_monsterinsights_sitenote_category":0},"product_brand":[],"product_cat":[179,377,581],"product_tag":[],"class_list":{"0":"post-8870","1":"product","2":"type-product","3":"status-publish","4":"has-post-thumbnail","6":"product_cat-autoajuda-i-salut-mental","7":"product_cat-autoayuda-y-salud-mental","8":"product_cat-editorial-claret","10":"first","11":"instock","12":"taxable","13":"shipping-taxable","14":"purchasable","15":"product-type-simple"},"acf":{"editorial":[{"ID":6158,"post_author":"3","post_date":"2022-07-28 17:46:08","post_date_gmt":"2022-07-28 15:46:08","post_content":"","post_title":"CLARET","post_excerpt":"","post_status":"publish","comment_status":"closed","ping_status":"closed","post_password":"","post_name":"claret","to_ping":"","pinged":"","post_modified":"2022-07-28 17:46:08","post_modified_gmt":"2022-07-28 15:46:08","post_content_filtered":"","post_parent":0,"guid":"http:\/\/dev.claret.cat\/editorial\/claret\/","menu_order":0,"post_type":"editorial","post_mime_type":"","comment_count":"0","filter":"raw"}],"autores-libros":[{"ID":5683,"post_author":"3","post_date":"2022-07-28 17:29:15","post_date_gmt":"2022-07-28 15:29:15","post_content":"<strong>Juanjo Fern\u00e1ndez Sola<\/strong> \u00e9s professor, escriptor i conferenciant i creador de DIBUPA (Divulgaci\u00f3 educativa amb dibuixos i paraules que ajuden). Ha fet milers de xerrades per a fam\u00edlies, escoles i empreses sobre temes educatius i motivacionals ben diversos, combinant rigor i amenitat amb l\u2019\u00fas de visual thinking.\r\n\r\nHa publicat diversos llibres amb Editorial Claret: <em><strong><a href=\"https:\/\/www.claret.cat\/llibre\/contes-del-mestre-azenyat-per-a-educadors-9788491364283\/?c=\">Contes del mestre azenyat per a educadors<\/a><\/strong>, <strong><a href=\"https:\/\/www.claret.cat\/llibre\/els-7-superpoders-de-la-felicitat-9788491364092\/?c=\">Els 7 superpoders de la felicitat<\/a>, <a href=\"https:\/\/www.editorialclaret.cat\/producte\/la-vida-en-parella-pot-ser-una-meravella-9788491365365\/?c\">La vida en parella pot ser una meravella<\/a>, <\/strong><\/em>entre d'altres.","post_title":"JUANJO FERN\u00c1NDEZ SOLA","post_excerpt":"","post_status":"publish","comment_status":"closed","ping_status":"closed","post_password":"","post_name":"juanjo-fernandez-sola","to_ping":"","pinged":"","post_modified":"2024-10-31 10:52:53","post_modified_gmt":"2024-10-31 09:52:53","post_content_filtered":"","post_parent":0,"guid":"http:\/\/dev.claret.cat\/autor\/juanjo-fernandez-sola\/","menu_order":0,"post_type":"autor","post_mime_type":"","comment_count":"0","filter":"raw"}],"autor":"FERN\u00c1NDEZ SOLA, JUANJO","codart":"849136409","libros-coleccion":"","ediciones":"1","encuadernacion":"R\u00fastica","fecha_de_publicacion":"29\/03\/2022","novedad":"1","paginas":"120","subtitulo":"","orden":"0","portada":"0","idioma":"cat","booktrailer":"","linkebook":"","ficha":"849136409_1688650712.pdf","muestra":"","precioebook":"0","presentacion":"","resenas":"<p>Catalunya Cristiana, 11\/09\/2022 (CAST)<\/p>\n<p><a href=\"https:\/\/drive.google.com\/file\/d\/108DlIz-k-vlYW97qO3XSphceDPkYOsYC\/view?usp=sharing\" rel=\"noopener noreferrer\" target=\"_blank\">https:\/\/drive.google.com\/file\/d\/108DlIz-k-vlYW97qO3XSphceDPkYOsYC\/view?usp=sharing<\/a><\/p>\n<p><\/p>\n<p>Catalunya Cristiana, 11\/09\/2022 (CAT)<\/p>\n<p><a href=\"https:\/\/drive.google.com\/file\/d\/1rDD6BeJX12YDDHlMmT-rF3DGJG7Q4lIy\/view?usp=sharing\" rel=\"noopener noreferrer\" target=\"_blank\">https:\/\/drive.google.com\/file\/d\/1rDD6BeJX12YDDHlMmT-rF3DGJG7Q4lIy\/view?usp=sharing<\/a><\/p>\n<p><\/p>\n<p>La Veu de Sant Joan, 07\/04\/2025<\/p>\n<p><a href=\"https:\/\/x.com\/laveudesantjoan\/status\/1909290072480043088\" rel=\"noopener noreferrer\" target=\"_blank\">https:\/\/x.com\/laveudesantjoan\/status\/1909290072480043088<\/a><\/p>\n"},"aioseo_notices":[],"_links":{"self":[{"href":"https:\/\/www.claret.cat\/es\/wp-json\/wp\/v2\/product\/8870","targetHints":{"allow":["GET"]}}],"collection":[{"href":"https:\/\/www.claret.cat\/es\/wp-json\/wp\/v2\/product"}],"about":[{"href":"https:\/\/www.claret.cat\/es\/wp-json\/wp\/v2\/types\/product"}],"wp:featuredmedia":[{"embeddable":true,"href":"https:\/\/www.claret.cat\/es\/wp-json\/wp\/v2\/media\/974235"}],"wp:attachment":[{"href":"https:\/\/www.claret.cat\/es\/wp-json\/wp\/v2\/media?parent=8870"}],"wp:term":[{"taxonomy":"product_brand","embeddable":true,"href":"https:\/\/www.claret.cat\/es\/wp-json\/wp\/v2\/product_brand?post=8870"},{"taxonomy":"product_cat","embeddable":true,"href":"https:\/\/www.claret.cat\/es\/wp-json\/wp\/v2\/product_cat?post=8870"},{"taxonomy":"product_tag","embeddable":true,"href":"https:\/\/www.claret.cat\/es\/wp-json\/wp\/v2\/product_tag?post=8870"}],"curies":[{"name":"wp","href":"https:\/\/api.w.org\/{rel}","templated":true}]}}