{"id":887010,"date":"2023-10-31T17:58:02","date_gmt":"2023-10-31T16:58:02","guid":{"rendered":"https:\/\/www.claret.cat\/llibre\/bad-ash-4-suelo-sagrado-1-9788408279501\/"},"modified":"2024-07-26T12:55:09","modified_gmt":"2024-07-26T10:55:09","slug":"bad-ash-4-suelo-sagrado-1-9788408279501","status":"publish","type":"product","link":"https:\/\/www.claret.cat\/es\/libro\/bad-ash-4-suelo-sagrado-1-9788408279501\/","title":{"rendered":"BAD ASH 4. SUELO SAGRADO 1"},"content":{"rendered":"<p>\u00danete al fen\u00f3meno rom\u00e1ntico hace que salten chispas. \u00a1La historia sigue 4 a\u00f1os despu\u00e9s!Ashley y Cam se hab\u00edan hecho mil promesas antes de irse a la universidad. Y, aunque todo el mundo dec\u00eda que una relaci\u00f3n a distancia no funcionar\u00eda, ellos confiaban en que su amor podr\u00eda con todo, porque&#8230; de eso va el amor, \u00bfno? Ahora, cuatro a\u00f1os m\u00e1s tarde, una \u00fanica promesa sigue vigente entre los dos: la de olvidarse el uno del otro.<br \/> Cuando una reuni\u00f3n de viejos amigos hace que sus caminos vuelvan a cruzarse, ser\u00e1 el momento de demostrar si las promesas siguen teniendo valor&#8230; o si no fueron capaces de cumplirlas. Y, a lo mejor, encontrar\u00e1n respuesta a la pregunta que siempre marc\u00f3 sus vidas: \u00bfrealmente el amor puede con todo?<\/p>\n","protected":false},"excerpt":{"rendered":"<p>NOT, ALINA<\/p>\n","protected":false},"featured_media":887011,"template":"","meta":{"_acf_changed":false,"om_disable_all_campaigns":false,"rs_blank_template":"","rs_page_bg_color":"","slide_template_v7":"","inline_featured_image":false,"_monsterinsights_skip_tracking":false,"_monsterinsights_sitenote_active":false,"_monsterinsights_sitenote_note":"","_monsterinsights_sitenote_category":0},"product_brand":[],"product_cat":[117,566],"product_tag":[],"class_list":{"0":"post-887010","1":"product","2":"type-product","3":"status-publish","4":"has-post-thumbnail","6":"product_cat-juvenil","7":"product_cat-juvenil-3_infantil-juvenil-spa-spa","9":"first","10":"instock","11":"taxable","12":"shipping-taxable","13":"purchasable","14":"product-type-simple"},"acf":{"autor":"NOT, ALINA","codart":"840827950","libros-coleccion":"Novela","ediciones":"1","encuadernacion":"R\u00fastica","fecha_de_publicacion":"01\/11\/2023","novedad":"1","paginas":"447","subtitulo":"","orden":"0","portada":"0","idioma":"spa","editorial":[{"ID":6233,"post_author":"3","post_date":"2022-07-28 17:47:48","post_date_gmt":"2022-07-28 15:47:48","post_content":"","post_title":"EDITORIAL PLANETA","post_excerpt":"","post_status":"publish","comment_status":"closed","ping_status":"closed","post_password":"","post_name":"editorial-planeta","to_ping":"","pinged":"","post_modified":"2022-07-28 17:47:48","post_modified_gmt":"2022-07-28 15:47:48","post_content_filtered":"","post_parent":0,"guid":"http:\/\/dev.claret.cat\/editorial\/editorial-planeta\/","menu_order":0,"post_type":"editorial","post_mime_type":"","comment_count":"0","filter":"raw"}],"autores-libros":[{"ID":149862,"post_author":"3","post_date":"2022-10-14 14:28:17","post_date_gmt":"2022-10-14 12:28:17","post_content":"","post_title":"ALINA NOT","post_excerpt":"","post_status":"publish","comment_status":"closed","ping_status":"closed","post_password":"","post_name":"alina-not","to_ping":"","pinged":"","post_modified":"2022-10-14 14:28:17","post_modified_gmt":"2022-10-14 12:28:17","post_content_filtered":"","post_parent":0,"guid":"http:\/\/dev.claret.cat\/autor\/alina-not\/","menu_order":0,"post_type":"autor","post_mime_type":"","comment_count":"0","filter":"raw"}]},"aioseo_notices":[],"_links":{"self":[{"href":"https:\/\/www.claret.cat\/es\/wp-json\/wp\/v2\/product\/887010","targetHints":{"allow":["GET"]}}],"collection":[{"href":"https:\/\/www.claret.cat\/es\/wp-json\/wp\/v2\/product"}],"about":[{"href":"https:\/\/www.claret.cat\/es\/wp-json\/wp\/v2\/types\/product"}],"wp:featuredmedia":[{"embeddable":true,"href":"https:\/\/www.claret.cat\/es\/wp-json\/wp\/v2\/media\/887011"}],"wp:attachment":[{"href":"https:\/\/www.claret.cat\/es\/wp-json\/wp\/v2\/media?parent=887010"}],"wp:term":[{"taxonomy":"product_brand","embeddable":true,"href":"https:\/\/www.claret.cat\/es\/wp-json\/wp\/v2\/product_brand?post=887010"},{"taxonomy":"product_cat","embeddable":true,"href":"https:\/\/www.claret.cat\/es\/wp-json\/wp\/v2\/product_cat?post=887010"},{"taxonomy":"product_tag","embeddable":true,"href":"https:\/\/www.claret.cat\/es\/wp-json\/wp\/v2\/product_tag?post=887010"}],"curies":[{"name":"wp","href":"https:\/\/api.w.org\/{rel}","templated":true}]}}