{"id":887020,"date":"2023-10-31T18:02:47","date_gmt":"2023-10-31T17:02:47","guid":{"rendered":"https:\/\/www.claret.cat\/llibre\/bad-ash-5-suelo-sagrado-2-9788408279518\/"},"modified":"2024-07-01T16:55:47","modified_gmt":"2024-07-01T14:55:47","slug":"bad-ash-5-suelo-sagrado-2-9788408279518","status":"publish","type":"product","link":"https:\/\/www.claret.cat\/es\/libro\/bad-ash-5-suelo-sagrado-2-9788408279518\/","title":{"rendered":"BAD ASH 5. SUELO SAGRADO 2"},"content":{"rendered":"<p>\u00daltima entrega de Bad Ash: por fin el desenlace m\u00e1s esperado.Han pasado ya cerca de dos a\u00f1os desde ese verano en el lago Tahoe en el que todo termin\u00f3 hecho pedazos. Acostumbrada a la nueva realidad, Ashley ha aceptado que no volver\u00e1 a ser aquella chica que desafinaba en un coche y le recordaba a un chico que nunca se olvidara de sonre\u00edr.<br \/> La vida de Cam ha cambiado de forma radical y hace mucho tiempo que dej\u00f3 de dibujar corazones infinitos en otra piel. Lo \u00faltimo que quiere ahora mismo es que el pasado vuelva para hacer estallar la calma.<br \/> Sin embargo, hay cosas que est\u00e1n destinadas a ser. Y tambi\u00e9n personas que est\u00e1n destinadas a estar. Aunque no sea de la forma en la que siempre hab\u00edan imaginado.<br \/> \u00bfSe puede reconstruir lo que un d\u00eda se rompi\u00f3?<\/p>\n","protected":false},"excerpt":{"rendered":"<p>NOT, ALINA<\/p>\n","protected":false},"featured_media":967420,"template":"","meta":{"_acf_changed":false,"om_disable_all_campaigns":false,"rs_blank_template":"","rs_page_bg_color":"","slide_template_v7":"","inline_featured_image":false,"_monsterinsights_skip_tracking":false,"_monsterinsights_sitenote_active":false,"_monsterinsights_sitenote_note":"","_monsterinsights_sitenote_category":0},"product_brand":[],"product_cat":[117,566],"product_tag":[],"class_list":{"0":"post-887020","1":"product","2":"type-product","3":"status-publish","4":"has-post-thumbnail","6":"product_cat-juvenil","7":"product_cat-juvenil-3_infantil-juvenil-spa-spa","9":"first","10":"instock","11":"taxable","12":"shipping-taxable","13":"purchasable","14":"product-type-simple"},"acf":{"autor":"NOT, ALINA","codart":"840827951","libros-coleccion":"Novela","ediciones":"1","encuadernacion":"R\u00fastica","fecha_de_publicacion":"01\/11\/2023","novedad":"1","paginas":"590","subtitulo":"","orden":"0","portada":"0","idioma":"spa","editorial":[{"ID":6233,"post_author":"3","post_date":"2022-07-28 17:47:48","post_date_gmt":"2022-07-28 15:47:48","post_content":"","post_title":"EDITORIAL PLANETA","post_excerpt":"","post_status":"publish","comment_status":"closed","ping_status":"closed","post_password":"","post_name":"editorial-planeta","to_ping":"","pinged":"","post_modified":"2022-07-28 17:47:48","post_modified_gmt":"2022-07-28 15:47:48","post_content_filtered":"","post_parent":0,"guid":"http:\/\/dev.claret.cat\/editorial\/editorial-planeta\/","menu_order":0,"post_type":"editorial","post_mime_type":"","comment_count":"0","filter":"raw"}],"autores-libros":[{"ID":149862,"post_author":"3","post_date":"2022-10-14 14:28:17","post_date_gmt":"2022-10-14 12:28:17","post_content":"","post_title":"ALINA NOT","post_excerpt":"","post_status":"publish","comment_status":"closed","ping_status":"closed","post_password":"","post_name":"alina-not","to_ping":"","pinged":"","post_modified":"2022-10-14 14:28:17","post_modified_gmt":"2022-10-14 12:28:17","post_content_filtered":"","post_parent":0,"guid":"http:\/\/dev.claret.cat\/autor\/alina-not\/","menu_order":0,"post_type":"autor","post_mime_type":"","comment_count":"0","filter":"raw"}]},"aioseo_notices":[],"_links":{"self":[{"href":"https:\/\/www.claret.cat\/es\/wp-json\/wp\/v2\/product\/887020","targetHints":{"allow":["GET"]}}],"collection":[{"href":"https:\/\/www.claret.cat\/es\/wp-json\/wp\/v2\/product"}],"about":[{"href":"https:\/\/www.claret.cat\/es\/wp-json\/wp\/v2\/types\/product"}],"wp:featuredmedia":[{"embeddable":true,"href":"https:\/\/www.claret.cat\/es\/wp-json\/wp\/v2\/media\/967420"}],"wp:attachment":[{"href":"https:\/\/www.claret.cat\/es\/wp-json\/wp\/v2\/media?parent=887020"}],"wp:term":[{"taxonomy":"product_brand","embeddable":true,"href":"https:\/\/www.claret.cat\/es\/wp-json\/wp\/v2\/product_brand?post=887020"},{"taxonomy":"product_cat","embeddable":true,"href":"https:\/\/www.claret.cat\/es\/wp-json\/wp\/v2\/product_cat?post=887020"},{"taxonomy":"product_tag","embeddable":true,"href":"https:\/\/www.claret.cat\/es\/wp-json\/wp\/v2\/product_tag?post=887020"}],"curies":[{"name":"wp","href":"https:\/\/api.w.org\/{rel}","templated":true}]}}