{"id":887033,"date":"2023-10-31T18:06:15","date_gmt":"2023-10-31T17:06:15","guid":{"rendered":"https:\/\/www.claret.cat\/llibre\/sobre-el-inconveniente-de-tener-muchos-amigos-9788434436923\/"},"modified":"2025-11-24T12:05:18","modified_gmt":"2025-11-24T11:05:18","slug":"sobre-el-inconveniente-de-tener-muchos-amigos-9788434436923","status":"publish","type":"product","link":"https:\/\/www.claret.cat\/es\/libro\/sobre-el-inconveniente-de-tener-muchos-amigos-9788434436923\/","title":{"rendered":"SOBRE EL INCONVENIENTE DE TENER MUCHOS AMIGOS"},"content":{"rendered":"<p>Edici\u00f3n que re\u00fane tres escritos de Plutarco (C\u00f3mo distinguir a un adulador de un amigo, C\u00f3mo sacar provecho de los enemigos y Sobre la abundanciade amigos) y un texto de Gonzalo Torn\u00e9 sobre la amistad en el siglo xxi.\u00bfQu\u00e9 recorrido ha hecho la amistad desde el mundo antiguo hasta hoy? \u00bfHa cambiado la Red de manera esencial el modo en el que nos relacionamos con nuestros amigos y enemigos? Uno de los autores cl\u00e1sicos que m\u00e1s ahond\u00f3 en esta cuesti\u00f3n fue Plutarco, en tres de sus textos fundamentales nos ense\u00f1\u00f3 a extraerle todo el jugo a este v\u00ednculo afectivo, a consolar, a protegernos de pelmas y de aprovechados, a ganar buenas compa\u00f1\u00edas y a conservarlas&#8230; En definitiva, a volvernos maestros de esta clase de relaciones. Muchas de estas lecciones siguen vigentes, pero los tiempos<br \/>han cambiado. Internet ha supuesto una revoluci\u00f3n<br \/>de los lazos humanos. Gonzalo Torn\u00e9, con un ojo puesto en la obra de Plutarco, nos cuenta c\u00f3mo las redes sociales y la mensajer\u00eda instant\u00e1nea nos han procurado nuevas maneras de prometer, de traicionar, de hacernos cargo; en definitiva, de vivir.<\/p>\n","protected":false},"excerpt":{"rendered":"<p>PLUTARCO<\/p>\n","protected":false},"featured_media":887190,"template":"","meta":{"_acf_changed":false,"om_disable_all_campaigns":false,"rs_blank_template":"","rs_page_bg_color":"","slide_template_v7":"","inline_featured_image":false,"_monsterinsights_skip_tracking":false,"_monsterinsights_sitenote_active":false,"_monsterinsights_sitenote_note":"","_monsterinsights_sitenote_category":0},"product_brand":[],"product_cat":[373,166],"product_tag":[],"class_list":{"0":"post-887033","1":"product","2":"type-product","3":"status-publish","4":"has-post-thumbnail","6":"product_cat-autores","7":"product_cat-autors-filosofia","9":"first","10":"instock","11":"taxable","12":"shipping-taxable","13":"purchasable","14":"product-type-simple"},"acf":{"autor":"PLUTARCO","codart":"843443692","libros-coleccion":"Quintaesencia","ediciones":"1","encuadernacion":"R\u00fastica","fecha_de_publicacion":"01\/11\/2023","novedad":"1","paginas":"247","subtitulo":"","orden":"0","portada":"0","idioma":"spa","editorial":[{"ID":6220,"post_author":"3","post_date":"2022-07-28 17:47:28","post_date_gmt":"2022-07-28 15:47:28","post_content":"","post_title":"Editorial Ariel","post_excerpt":"","post_status":"publish","comment_status":"closed","ping_status":"closed","post_password":"","post_name":"editorial-ariel","to_ping":"","pinged":"","post_modified":"2022-07-28 17:47:28","post_modified_gmt":"2022-07-28 15:47:28","post_content_filtered":"","post_parent":0,"guid":"http:\/\/dev.claret.cat\/editorial\/editorial-ariel\/","menu_order":0,"post_type":"editorial","post_mime_type":"","comment_count":"0","filter":"raw"}],"autores-libros":[{"ID":167371,"post_author":"3","post_date":"2022-10-14 18:10:40","post_date_gmt":"2022-10-14 16:10:40","post_content":"","post_title":"PLUTARCO","post_excerpt":"","post_status":"publish","comment_status":"closed","ping_status":"closed","post_password":"","post_name":"plutarco","to_ping":"","pinged":"","post_modified":"2022-10-14 18:10:40","post_modified_gmt":"2022-10-14 16:10:40","post_content_filtered":"","post_parent":0,"guid":"http:\/\/dev.claret.cat\/autor\/plutarco\/","menu_order":0,"post_type":"autor","post_mime_type":"","comment_count":"0","filter":"raw"}],"booktrailer":"","resenas":""},"aioseo_notices":[],"_links":{"self":[{"href":"https:\/\/www.claret.cat\/es\/wp-json\/wp\/v2\/product\/887033","targetHints":{"allow":["GET"]}}],"collection":[{"href":"https:\/\/www.claret.cat\/es\/wp-json\/wp\/v2\/product"}],"about":[{"href":"https:\/\/www.claret.cat\/es\/wp-json\/wp\/v2\/types\/product"}],"wp:featuredmedia":[{"embeddable":true,"href":"https:\/\/www.claret.cat\/es\/wp-json\/wp\/v2\/media\/887190"}],"wp:attachment":[{"href":"https:\/\/www.claret.cat\/es\/wp-json\/wp\/v2\/media?parent=887033"}],"wp:term":[{"taxonomy":"product_brand","embeddable":true,"href":"https:\/\/www.claret.cat\/es\/wp-json\/wp\/v2\/product_brand?post=887033"},{"taxonomy":"product_cat","embeddable":true,"href":"https:\/\/www.claret.cat\/es\/wp-json\/wp\/v2\/product_cat?post=887033"},{"taxonomy":"product_tag","embeddable":true,"href":"https:\/\/www.claret.cat\/es\/wp-json\/wp\/v2\/product_tag?post=887033"}],"curies":[{"name":"wp","href":"https:\/\/api.w.org\/{rel}","templated":true}]}}