{"id":887058,"date":"2023-10-31T18:13:55","date_gmt":"2023-10-31T17:13:55","guid":{"rendered":"https:\/\/www.claret.cat\/llibre\/hercules-el-heroe-que-no-quiso-serlo-9788419812063\/"},"modified":"2024-01-04T13:36:21","modified_gmt":"2024-01-04T12:36:21","slug":"hercules-el-heroe-que-no-quiso-serlo-9788419812063","status":"publish","type":"product","link":"https:\/\/www.claret.cat\/es\/libro\/hercules-el-heroe-que-no-quiso-serlo-9788419812063\/","title":{"rendered":"H\u00c9RCULES, EL H\u00c9ROE QUE NO QUISO SERLO"},"content":{"rendered":"<p>Vuelve la mitolog\u00eda griega narrada como un buen salseo: ahora le toca a H\u00e9rcules contar su historia.La nueva novela mitol\u00f3gica de Pol Gise, creador de contenido con m\u00e1s de 3 millones de seguidores en redes, despu\u00e9s del \u00e9xito conseguido con su primera novela Hades, el dios menos malo.<br \/> En una \u00e9poca en la que todos los hombres sue\u00f1an con ser h\u00e9roes, algunos nacen predestinados a serlo\u2026 aunque no quieran. Esta es la historia de un semidios con un don y una maldici\u00f3n que lo persiguieron toda la vida, pero tambi\u00e9n es la historia de una madre que hizo todo lo posible para proteger a su hijo de su destino, una diosa capaz de lo que sea por vengar las infidelidades de su marido y un rey tan temible como envidioso.<br \/> H\u00e9rcules, el hijo m\u00e1s famoso de Zeus, fue un ni\u00f1o enga\u00f1ado y un hombre maldito que se desvivi\u00f3 por lo que cre\u00eda justo. Su historia se ha intentado simplificar ignorando sus sentimientos y su punto de vista, pero ahora ha llegado el momento de que sea \u00e9l quien nos la cuente.<\/p>\n","protected":false},"excerpt":{"rendered":"<p>GISE, POL<\/p>\n","protected":false},"featured_media":887059,"template":"","meta":{"_acf_changed":false,"om_disable_all_campaigns":false,"rs_blank_template":"","rs_page_bg_color":"","slide_template_v7":"","inline_featured_image":false,"_monsterinsights_skip_tracking":false,"_monsterinsights_sitenote_active":false,"_monsterinsights_sitenote_note":"","_monsterinsights_sitenote_category":0},"product_brand":[],"product_cat":[90,540],"product_tag":[],"class_list":{"0":"post-887058","1":"product","2":"type-product","3":"status-publish","4":"has-post-thumbnail","6":"product_cat-altres","7":"product_cat-otros","9":"first","10":"instock","11":"taxable","12":"shipping-taxable","13":"purchasable","14":"product-type-simple"},"acf":{"autor":"GISE, POL","codart":"841981206","libros-coleccion":"temas de hoy","ediciones":"1","encuadernacion":"R\u00fastica","fecha_de_publicacion":"01\/11\/2023","novedad":"1","paginas":"349","subtitulo":"","orden":"0","portada":"0","idioma":"spa","editorial":[{"ID":6209,"post_author":"3","post_date":"2022-07-28 17:47:12","post_date_gmt":"2022-07-28 15:47:12","post_content":"","post_title":"Ediciones Temas de Hoy","post_excerpt":"","post_status":"publish","comment_status":"closed","ping_status":"closed","post_password":"","post_name":"ediciones-temas-de-hoy","to_ping":"","pinged":"","post_modified":"2022-07-28 17:47:12","post_modified_gmt":"2022-07-28 15:47:12","post_content_filtered":"","post_parent":0,"guid":"http:\/\/dev.claret.cat\/editorial\/ediciones-temas-de-hoy\/","menu_order":0,"post_type":"editorial","post_mime_type":"","comment_count":"0","filter":"raw"}],"autores-libros":[{"ID":167380,"post_author":"3","post_date":"2022-10-14 18:10:44","post_date_gmt":"2022-10-14 16:10:44","post_content":"","post_title":"POL GISE","post_excerpt":"","post_status":"publish","comment_status":"closed","ping_status":"closed","post_password":"","post_name":"pol-gise","to_ping":"","pinged":"","post_modified":"2022-10-14 18:10:44","post_modified_gmt":"2022-10-14 16:10:44","post_content_filtered":"","post_parent":0,"guid":"http:\/\/dev.claret.cat\/autor\/pol-gise\/","menu_order":0,"post_type":"autor","post_mime_type":"","comment_count":"0","filter":"raw"}]},"aioseo_notices":[],"_links":{"self":[{"href":"https:\/\/www.claret.cat\/es\/wp-json\/wp\/v2\/product\/887058","targetHints":{"allow":["GET"]}}],"collection":[{"href":"https:\/\/www.claret.cat\/es\/wp-json\/wp\/v2\/product"}],"about":[{"href":"https:\/\/www.claret.cat\/es\/wp-json\/wp\/v2\/types\/product"}],"wp:featuredmedia":[{"embeddable":true,"href":"https:\/\/www.claret.cat\/es\/wp-json\/wp\/v2\/media\/887059"}],"wp:attachment":[{"href":"https:\/\/www.claret.cat\/es\/wp-json\/wp\/v2\/media?parent=887058"}],"wp:term":[{"taxonomy":"product_brand","embeddable":true,"href":"https:\/\/www.claret.cat\/es\/wp-json\/wp\/v2\/product_brand?post=887058"},{"taxonomy":"product_cat","embeddable":true,"href":"https:\/\/www.claret.cat\/es\/wp-json\/wp\/v2\/product_cat?post=887058"},{"taxonomy":"product_tag","embeddable":true,"href":"https:\/\/www.claret.cat\/es\/wp-json\/wp\/v2\/product_tag?post=887058"}],"curies":[{"name":"wp","href":"https:\/\/api.w.org\/{rel}","templated":true}]}}