{"id":887260,"date":"2023-11-02T18:46:16","date_gmt":"2023-11-02T17:46:16","guid":{"rendered":"https:\/\/www.claret.cat\/llibre\/los-casos-del-inspector-drilo-9788419607911\/"},"modified":"2023-11-02T18:58:26","modified_gmt":"2023-11-02T17:58:26","slug":"los-casos-del-inspector-drilo-9788419607911","status":"publish","type":"product","link":"https:\/\/www.claret.cat\/es\/libro\/los-casos-del-inspector-drilo-9788419607911\/","title":{"rendered":"LOS CASOS DEL INSPECTOR DRILO"},"content":{"rendered":"<p>En el pueblo de Forestville hay muchos misterios, pero el Inspector Drilo y sus ayudantes, los Emis, siempre est\u00e1n tras la pista para resolverlos. En este \u00e1lbum se recogen diez casos, cada uno provocado por una emoci\u00f3n: la verg\u00fcenza, la tristeza, los celos, el amor, el asco\u2026 El Inspector Drilo describe cada emoci\u00f3n, qu\u00e9 se siente y c\u00f3mo identificarla.<br \/> Un manual que explica las emociones a trav\u00e9s de interesantes misterios que conseguir\u00e1n que los lectores y lectoras las entiendan mientras se divierten solucionando los casos.<\/p>\n","protected":false},"excerpt":{"rendered":"<p>ISERN, SUSANNA<\/p>\n","protected":false},"featured_media":887261,"template":"","meta":{"_acf_changed":false,"om_disable_all_campaigns":false,"rs_blank_template":"","rs_page_bg_color":"","slide_template_v7":"","inline_featured_image":false,"_monsterinsights_skip_tracking":false,"_monsterinsights_sitenote_active":false,"_monsterinsights_sitenote_note":"","_monsterinsights_sitenote_category":0},"product_brand":[],"product_cat":[133,132,362,363],"product_tag":[],"class_list":{"0":"post-887260","1":"product","2":"type-product","3":"status-publish","4":"has-post-thumbnail","6":"product_cat-lectures-per-adolescents-12-18-anys","7":"product_cat-lectures-per-preadolescents-6-12-anys","8":"product_cat-libros-preadolescentes-6-12-anos","9":"product_cat-lecturas-por-adolescentes-12-18-anos","11":"first","12":"instock","13":"taxable","14":"shipping-taxable","15":"purchasable","16":"product-type-simple"},"acf":{"autor":"ISERN, SUSANNA","codart":"841960791","libros-coleccion":"FORA DE COL.LECCI\u00d3","ediciones":"1","encuadernacion":"Carton\u00e9","fecha_de_publicacion":"01\/10\/2023","novedad":"1","paginas":"93","subtitulo":"DIEZ MISTERIOS SOBRE EMOCIONES","orden":"0","portada":"0","idioma":"spa","editorial":[{"ID":148592,"post_author":"3","post_date":"2022-10-14 11:59:27","post_date_gmt":"2022-10-14 09:59:27","post_content":"","post_title":"NUBEOCHO","post_excerpt":"","post_status":"publish","comment_status":"closed","ping_status":"closed","post_password":"","post_name":"nubeocho","to_ping":"","pinged":"","post_modified":"2022-10-14 11:59:27","post_modified_gmt":"2022-10-14 09:59:27","post_content_filtered":"","post_parent":0,"guid":"http:\/\/dev.claret.cat\/editorial\/nubeocho\/","menu_order":0,"post_type":"editorial","post_mime_type":"","comment_count":"0","filter":"raw"}],"autores-libros":[{"ID":169977,"post_author":"3","post_date":"2022-10-14 22:31:33","post_date_gmt":"2022-10-14 20:31:33","post_content":"","post_title":"SUSANNA ISERN","post_excerpt":"","post_status":"publish","comment_status":"closed","ping_status":"closed","post_password":"","post_name":"susanna-isern","to_ping":"","pinged":"","post_modified":"2022-10-14 22:31:33","post_modified_gmt":"2022-10-14 20:31:33","post_content_filtered":"","post_parent":0,"guid":"http:\/\/dev.claret.cat\/autor\/susanna-isern\/","menu_order":0,"post_type":"autor","post_mime_type":"","comment_count":"0","filter":"raw"}]},"aioseo_notices":[],"_links":{"self":[{"href":"https:\/\/www.claret.cat\/es\/wp-json\/wp\/v2\/product\/887260","targetHints":{"allow":["GET"]}}],"collection":[{"href":"https:\/\/www.claret.cat\/es\/wp-json\/wp\/v2\/product"}],"about":[{"href":"https:\/\/www.claret.cat\/es\/wp-json\/wp\/v2\/types\/product"}],"wp:featuredmedia":[{"embeddable":true,"href":"https:\/\/www.claret.cat\/es\/wp-json\/wp\/v2\/media\/887261"}],"wp:attachment":[{"href":"https:\/\/www.claret.cat\/es\/wp-json\/wp\/v2\/media?parent=887260"}],"wp:term":[{"taxonomy":"product_brand","embeddable":true,"href":"https:\/\/www.claret.cat\/es\/wp-json\/wp\/v2\/product_brand?post=887260"},{"taxonomy":"product_cat","embeddable":true,"href":"https:\/\/www.claret.cat\/es\/wp-json\/wp\/v2\/product_cat?post=887260"},{"taxonomy":"product_tag","embeddable":true,"href":"https:\/\/www.claret.cat\/es\/wp-json\/wp\/v2\/product_tag?post=887260"}],"curies":[{"name":"wp","href":"https:\/\/api.w.org\/{rel}","templated":true}]}}