{"id":887336,"date":"2023-11-03T13:56:40","date_gmt":"2023-11-03T12:56:40","guid":{"rendered":"https:\/\/www.claret.cat\/llibre\/les-llums-de-febrer-mesos-amb-tu-4-9788419421128\/"},"modified":"2024-07-22T18:10:16","modified_gmt":"2024-07-22T16:10:16","slug":"les-llums-de-febrer-mesos-amb-tu-4-9788419421128","status":"publish","type":"product","link":"https:\/\/www.claret.cat\/es\/libro\/les-llums-de-febrer-mesos-amb-tu-4-9788419421128\/","title":{"rendered":"LES LLUMS DE FEBRER (MESOS AMB TU 4)"},"content":{"rendered":"<p>El quart i l&#8221;\u00faltim llibre de la saga Mesos amb tu, de Joana Marc\u00fas. Arriba l&#8221;esperad\u00edssim final de la saga juvenil que ha enamorat centenars de milers de lectors. L&#8221;Ellie Ross viu \u00fanicament per al b\u00e0squet.<br \/>El seu objectiu? Ser la primera noia de l&#8221;equip de la seva ciutat.<br \/>El seu principal obstacle? En V\u00edctor, amb qui no parla des dels quinze anys i amb qui, sens dubte, la cosa no va acabar gens b\u00e9. En Jay Ross viu \u00fanicament per a la seva fam\u00edlia.<br \/>El seu objectiu?Trobar quin \u00e9s el seu prop\u00f2sit d&#8221;una vegada per totes.<br \/>El seu principal obstacle? El nou cuidador de la seva \u00e0via: en Nolan, independent i odiosament perfecte. De l&#8221;amor a l&#8221;odi nom\u00e9s hi ha un pas, per\u00f2 de l&#8221;odi a l&#8221;amor hi ha un cam\u00ed molt llarg. Un que \u00e9s ple de crisis existencials i de cops de pilota al cap.<br \/>I, com cada any, els llums de febrer ens esperen al final del cam\u00ed. Ja has pensat quin ser\u00e0 el teu desig?La sort ja ha estat tirada.<\/p>\n","protected":false},"excerpt":{"rendered":"<p>MARC\u00daS, JOANA<\/p>\n","protected":false},"featured_media":967534,"template":"","meta":{"_acf_changed":false,"om_disable_all_campaigns":false,"rs_blank_template":"","rs_page_bg_color":"","slide_template_v7":"","inline_featured_image":false,"_monsterinsights_skip_tracking":false,"_monsterinsights_sitenote_active":false,"_monsterinsights_sitenote_note":"","_monsterinsights_sitenote_category":0},"product_brand":[],"product_cat":[133,363],"product_tag":[],"class_list":{"0":"post-887336","1":"product","2":"type-product","3":"status-publish","4":"has-post-thumbnail","6":"product_cat-lectures-per-adolescents-12-18-anys","7":"product_cat-lecturas-por-adolescentes-12-18-anos","9":"first","10":"instock","11":"taxable","12":"shipping-taxable","13":"purchasable","14":"product-type-simple"},"acf":{"autor":"MARC\u00daS, JOANA","codart":"841942112","libros-coleccion":"","ediciones":"1","encuadernacion":"R\u00fastica","fecha_de_publicacion":"01\/12\/2023","novedad":"1","paginas":"0","subtitulo":"","orden":"0","portada":"0","idioma":"cat","editorial":[{"ID":6310,"post_author":"3","post_date":"2022-07-28 17:49:26","post_date_gmt":"2022-07-28 15:49:26","post_content":"","post_title":"MONTENA","post_excerpt":"","post_status":"publish","comment_status":"closed","ping_status":"closed","post_password":"","post_name":"montena","to_ping":"","pinged":"","post_modified":"2022-07-28 17:49:26","post_modified_gmt":"2022-07-28 15:49:26","post_content_filtered":"","post_parent":0,"guid":"http:\/\/dev.claret.cat\/editorial\/montena\/","menu_order":0,"post_type":"editorial","post_mime_type":"","comment_count":"0","filter":"raw"}],"autores-libros":[{"ID":5604,"post_author":"3","post_date":"2022-07-28 17:27:33","post_date_gmt":"2022-07-28 15:27:33","post_content":"","post_title":"JOANA MARC\u00daS","post_excerpt":"","post_status":"publish","comment_status":"closed","ping_status":"closed","post_password":"","post_name":"joana-marcus","to_ping":"","pinged":"","post_modified":"2022-07-28 17:27:33","post_modified_gmt":"2022-07-28 15:27:33","post_content_filtered":"","post_parent":0,"guid":"http:\/\/dev.claret.cat\/autor\/joana-marcus\/","menu_order":0,"post_type":"autor","post_mime_type":"","comment_count":"0","filter":"raw"}]},"aioseo_notices":[],"_links":{"self":[{"href":"https:\/\/www.claret.cat\/es\/wp-json\/wp\/v2\/product\/887336","targetHints":{"allow":["GET"]}}],"collection":[{"href":"https:\/\/www.claret.cat\/es\/wp-json\/wp\/v2\/product"}],"about":[{"href":"https:\/\/www.claret.cat\/es\/wp-json\/wp\/v2\/types\/product"}],"wp:featuredmedia":[{"embeddable":true,"href":"https:\/\/www.claret.cat\/es\/wp-json\/wp\/v2\/media\/967534"}],"wp:attachment":[{"href":"https:\/\/www.claret.cat\/es\/wp-json\/wp\/v2\/media?parent=887336"}],"wp:term":[{"taxonomy":"product_brand","embeddable":true,"href":"https:\/\/www.claret.cat\/es\/wp-json\/wp\/v2\/product_brand?post=887336"},{"taxonomy":"product_cat","embeddable":true,"href":"https:\/\/www.claret.cat\/es\/wp-json\/wp\/v2\/product_cat?post=887336"},{"taxonomy":"product_tag","embeddable":true,"href":"https:\/\/www.claret.cat\/es\/wp-json\/wp\/v2\/product_tag?post=887336"}],"curies":[{"name":"wp","href":"https:\/\/api.w.org\/{rel}","templated":true}]}}