{"id":887339,"date":"2023-11-03T14:01:28","date_gmt":"2023-11-03T13:01:28","guid":{"rendered":"https:\/\/www.claret.cat\/llibre\/les-bruixes-de-brooklyn-lencanteri-de-lany-9788468362557\/"},"modified":"2026-03-05T17:56:11","modified_gmt":"2026-03-05T16:56:11","slug":"les-bruixes-de-brooklyn-lencanteri-de-lany-9788468362557","status":"publish","type":"product","link":"https:\/\/www.claret.cat\/es\/libro\/les-bruixes-de-brooklyn-lencanteri-de-lany-9788468362557\/","title":{"rendered":"LES BRUIXES DE BROOKLYN: L?ENCANTERI DE L?ANY"},"content":{"rendered":"<p>Tot i que l?Effie acaba de fer dotze anys, la seva vida no ha canviat gaire? Fins que una excursi\u00f3 de l?escola a Coney Island es tor\u00e7a una mica. Cada vegada que l?Effie creu que t\u00e9 controlats els poders m\u00e0gics, apareix una cosa nova (o, en aquest cas, desapareix!) Amb l?ajuda de la Garance, d?unes quantes gavines xerraires, d?una tortuga molt servicial i d?un VIATGE EN EL TEMPS (?!), l?Effie trobar\u00e0 peti qui peti aquesta sirena i, mentrestant, gaudir\u00e0 d?una bona aventura!<\/p>\n","protected":false},"excerpt":{"rendered":"<p>ESCABASSE, SOPHIE<\/p>\n","protected":false},"featured_media":1088355,"template":"","meta":{"_acf_changed":false,"om_disable_all_campaigns":false,"rs_blank_template":"","rs_page_bg_color":"","slide_template_v7":"","inline_featured_image":false,"_monsterinsights_skip_tracking":false,"_monsterinsights_sitenote_active":false,"_monsterinsights_sitenote_note":"","_monsterinsights_sitenote_category":0},"product_brand":[],"product_cat":[90,540],"product_tag":[],"class_list":{"0":"post-887339","1":"product","2":"type-product","3":"status-publish","4":"has-post-thumbnail","6":"product_cat-altres","7":"product_cat-otros","9":"first","10":"instock","11":"taxable","12":"shipping-taxable","13":"purchasable","14":"product-type-simple"},"acf":{"autor":"ESCABASSE, SOPHIE","codart":"846836255","libros-coleccion":"FORA DE COL.LECCI\u00d3","ediciones":"1","encuadernacion":"Carton\u00e9","fecha_de_publicacion":"01\/11\/2023","novedad":"1","paginas":"215","subtitulo":"","orden":"0","portada":"0","idioma":"cat","editorial":[{"ID":6193,"post_author":"3","post_date":"2022-07-28 17:46:53","post_date_gmt":"2022-07-28 15:46:53","post_content":"","post_title":"EDEBE GUADIEL","post_excerpt":"","post_status":"publish","comment_status":"closed","ping_status":"closed","post_password":"","post_name":"edebe-guadiel","to_ping":"","pinged":"","post_modified":"2022-07-28 17:46:53","post_modified_gmt":"2022-07-28 15:46:53","post_content_filtered":"","post_parent":0,"guid":"http:\/\/dev.claret.cat\/editorial\/edebe-guadiel\/","menu_order":0,"post_type":"editorial","post_mime_type":"","comment_count":"0","filter":"raw"}],"autores-libros":[{"ID":169693,"post_author":"3","post_date":"2022-10-14 22:29:16","post_date_gmt":"2022-10-14 20:29:16","post_content":"","post_title":"SOPHIE ESCABASSE","post_excerpt":"","post_status":"publish","comment_status":"closed","ping_status":"closed","post_password":"","post_name":"sophie-escabasse","to_ping":"","pinged":"","post_modified":"2022-10-14 22:29:16","post_modified_gmt":"2022-10-14 20:29:16","post_content_filtered":"","post_parent":0,"guid":"http:\/\/dev.claret.cat\/autor\/sophie-escabasse\/","menu_order":0,"post_type":"autor","post_mime_type":"","comment_count":"0","filter":"raw"}],"booktrailer":"","resenas":""},"aioseo_notices":[],"_links":{"self":[{"href":"https:\/\/www.claret.cat\/es\/wp-json\/wp\/v2\/product\/887339","targetHints":{"allow":["GET"]}}],"collection":[{"href":"https:\/\/www.claret.cat\/es\/wp-json\/wp\/v2\/product"}],"about":[{"href":"https:\/\/www.claret.cat\/es\/wp-json\/wp\/v2\/types\/product"}],"wp:featuredmedia":[{"embeddable":true,"href":"https:\/\/www.claret.cat\/es\/wp-json\/wp\/v2\/media\/1088355"}],"wp:attachment":[{"href":"https:\/\/www.claret.cat\/es\/wp-json\/wp\/v2\/media?parent=887339"}],"wp:term":[{"taxonomy":"product_brand","embeddable":true,"href":"https:\/\/www.claret.cat\/es\/wp-json\/wp\/v2\/product_brand?post=887339"},{"taxonomy":"product_cat","embeddable":true,"href":"https:\/\/www.claret.cat\/es\/wp-json\/wp\/v2\/product_cat?post=887339"},{"taxonomy":"product_tag","embeddable":true,"href":"https:\/\/www.claret.cat\/es\/wp-json\/wp\/v2\/product_tag?post=887339"}],"curies":[{"name":"wp","href":"https:\/\/api.w.org\/{rel}","templated":true}]}}