{"id":887368,"date":"2023-11-03T16:02:36","date_gmt":"2023-11-03T15:02:36","guid":{"rendered":"https:\/\/www.claret.cat\/llibre\/pubertat-positiva-per-a-noies-cap-a-ladolescencia-9788417207991\/"},"modified":"2023-11-03T18:14:51","modified_gmt":"2023-11-03T17:14:51","slug":"pubertat-positiva-per-a-noies-cap-a-ladolescencia-9788417207991","status":"publish","type":"product","link":"https:\/\/www.claret.cat\/es\/libro\/pubertat-positiva-per-a-noies-cap-a-ladolescencia-9788417207991\/","title":{"rendered":"PUBERTAT POSITIVA PER A NOIES &#8211; CAP A L&#8221;ADOLESC\u00c8NCIA"},"content":{"rendered":"<p>\u00abPubertat positiva per a noies \u00e9s una ajuda d&#8221;or per als pares per abordar aquest dif\u00edcil tema amb la seva filla. La idea de l&#8221;acceptaci\u00f3 del cos, que les dones adultes maduren amb el temps, ha de comen\u00e7ar abans. S\u00f3n els pares els que aqu\u00ed tenen un paper important. M&#8221;agradaria que el meu fill i els seus amics tamb\u00e9 llegissin aquesta guia. M\u00e9s coneixement significa menys vergonya i conjectures. M\u00e9s comprensi\u00f3 i empatia. Independentment del seu sexe.\u00bb \u2014Krystian Hanke, periodista de Radio 357, autor del projecte Tatuar.<\/p>\n<p> Pubertat positiva per a noies \u00e9s un llibre per a noies sobre la pubertat. Ple de sensibilitat i empatia, est\u00e0 recomanat per a noies entre 8 i 12 anys.<br \/> \u00c9s positiu pel cos perqu\u00e8:<\/p>\n<p> \u2022 Posa \u00e8mfasi en el que es pot fer gr\u00e0cies al cos, no en com es veu.<\/p>\n<p> \u2022 Ajuda a construir un llenguatge positiu i sensible cap a una mateixa i el seu cos.<\/p>\n<p> \u2022 Proporciona informaci\u00f3 de confian\u00e7a i accessible que ajuda a entendre els canvis relacionats amb la primera menstruaci\u00f3 i el per\u00edode de la pubertat.<\/p>\n<p> \u00abQu\u00e8 \u00e9s la pubertat?\u00bb, \u00abqu\u00e8 canvia?\u00bb, \u00abcom fer-te m\u00e9s forta\u00bb, \u00abcom et veus a tu mateixa?\u00bb, \u00abel teu cos per sota del melic\u00bb, \u00abla primera regla\u00bb, \u00abcom cuidar-te durant la pubertat?\u00bb, \u00abquan acaba?\u00bb i \u00abper qu\u00e8 el teu cos \u00e9s la teva llar?\u00bb s\u00f3n els temes que descobrir\u00e0s en aquest fascinant llibre.<\/p>\n<p> Llibre seleccionat per al prestigi\u00f3s cat\u00e0leg White Ravens 2022 publicat per la Biblioteca Internacional de la Joventut, el centre d&#8221;investigaci\u00f3 sobre llibres infantils m\u00e9s gran d&#8221;Europa.<\/p>\n<p> Llibre guanyador del premi Lokomotywa 2021 a la categoria Fakt (\u00abFets\u00bb) que reconeix els llibres de divulgaci\u00f3 cient\u00edfica que desperten i alimenten la curiositat sobre el m\u00f3n.<\/p>\n<p> \u00abLes autores cobreixen un ampli espectre de temes, des de canvis en el cos fins a emocions i relacions, que es presenten d&#8221;una manera perspica\u00e7 per\u00f2 no aclaparadora. Comparteixen el seu coneixement expert sobre la pubertat femenina, de manera respectuosa amb les lectores. El llibre tamb\u00e9 \u00e9s apropiadament subtil, tant textualment com visualment. Les il\u00b7lustracions en colors pastel, en particular, expressen perfectament la idea de la positivitat corporal i aborden directament temes que alguns considerarien tab\u00fa.\u00bb \u2014White Ravens 2022, Biblioteca Internacional de la Joventut.<\/p>\n<p> \u00abAquest \u00e9s un llibre que moltes de nosaltres haur\u00edem volgut tenir quan vam passar de nenes a dones. Inspira la positivitat corporal i explica per qu\u00e8 val la pena prendre&#8221;s seriosament l&#8221;autocura emp\u00e0tica.\u00bb \u2014Magda Korczynska i Magda Falinska, creadores del projecte educatiu Com criar noies.<\/p>\n<p> \u00abEn cert sentit, \u00e9s un llibre revolucionari perqu\u00e8 remou la c\u00e0rrega generacional de vergonyes, pors i obligacions inscrites en la corpore\u00eftat femenina. El donaria a cada nena pel seu des\u00e8 aniversari! (o una mica abans o despr\u00e9s). Per a un bon comen\u00e7ament.\u00bb \u2014Dra. N. Alicja Dlugolecka, pedagoga i educadora sexual.<\/p>\n<p> Altres llibres similars d&#8221;Edicions del Pirata:<\/p>\n<p> \u2022 Pubertat positiva per a nois<\/p>\n","protected":false},"excerpt":{"rendered":"<p>PIETRUSZCZAK, B\u00c1RBARA<\/p>\n","protected":false},"featured_media":887645,"template":"","meta":{"_acf_changed":false,"om_disable_all_campaigns":false,"rs_blank_template":"","rs_page_bg_color":"","slide_template_v7":"","inline_featured_image":false,"_monsterinsights_skip_tracking":false,"_monsterinsights_sitenote_active":false,"_monsterinsights_sitenote_note":"","_monsterinsights_sitenote_category":0},"product_brand":[],"product_cat":[133,363],"product_tag":[],"class_list":{"0":"post-887368","1":"product","2":"type-product","3":"status-publish","4":"has-post-thumbnail","6":"product_cat-lectures-per-adolescents-12-18-anys","7":"product_cat-lecturas-por-adolescentes-12-18-anos","9":"first","10":"instock","11":"taxable","12":"shipping-taxable","13":"purchasable","14":"product-type-simple"},"acf":{"autor":"PIETRUSZCZAK, B\u00c1RBARA","codart":"841720799","libros-coleccion":"FORA DE COL.LECCI\u00d3","ediciones":"1","encuadernacion":"Carton\u00e9","fecha_de_publicacion":"01\/11\/2023","novedad":"1","paginas":"202","subtitulo":"GUIA DELS CANVIS AL COS, LA PRIMERA REGLA I LA POSITIVITAT CORPORAL","orden":"0","portada":"0","idioma":"cat","editorial":[{"ID":147881,"post_author":"3","post_date":"2022-10-14 11:53:55","post_date_gmt":"2022-10-14 09:53:55","post_content":"","post_title":"EDICIONS DEL PIRATA","post_excerpt":"","post_status":"publish","comment_status":"closed","ping_status":"closed","post_password":"","post_name":"edicions-del-pirata","to_ping":"","pinged":"","post_modified":"2022-10-14 11:53:55","post_modified_gmt":"2022-10-14 09:53:55","post_content_filtered":"","post_parent":0,"guid":"http:\/\/dev.claret.cat\/editorial\/edicions-del-pirata\/","menu_order":0,"post_type":"editorial","post_mime_type":"","comment_count":"0","filter":"raw"}],"autores-libros":[{"ID":887367,"post_author":"3","post_date":"2023-11-03 16:02:32","post_date_gmt":"2023-11-03 15:02:32","post_content":"","post_title":"B\u00c1RBARA PIETRUSZCZAK","post_excerpt":"","post_status":"publish","comment_status":"closed","ping_status":"closed","post_password":"","post_name":"barbara-pietruszczak","to_ping":"","pinged":"","post_modified":"2023-11-03 16:02:32","post_modified_gmt":"2023-11-03 15:02:32","post_content_filtered":"","post_parent":0,"guid":"https:\/\/www.claret.cat\/autor\/barbara-pietruszczak\/","menu_order":0,"post_type":"autor","post_mime_type":"","comment_count":"0","filter":"raw"}]},"aioseo_notices":[],"_links":{"self":[{"href":"https:\/\/www.claret.cat\/es\/wp-json\/wp\/v2\/product\/887368","targetHints":{"allow":["GET"]}}],"collection":[{"href":"https:\/\/www.claret.cat\/es\/wp-json\/wp\/v2\/product"}],"about":[{"href":"https:\/\/www.claret.cat\/es\/wp-json\/wp\/v2\/types\/product"}],"wp:featuredmedia":[{"embeddable":true,"href":"https:\/\/www.claret.cat\/es\/wp-json\/wp\/v2\/media\/887645"}],"wp:attachment":[{"href":"https:\/\/www.claret.cat\/es\/wp-json\/wp\/v2\/media?parent=887368"}],"wp:term":[{"taxonomy":"product_brand","embeddable":true,"href":"https:\/\/www.claret.cat\/es\/wp-json\/wp\/v2\/product_brand?post=887368"},{"taxonomy":"product_cat","embeddable":true,"href":"https:\/\/www.claret.cat\/es\/wp-json\/wp\/v2\/product_cat?post=887368"},{"taxonomy":"product_tag","embeddable":true,"href":"https:\/\/www.claret.cat\/es\/wp-json\/wp\/v2\/product_tag?post=887368"}],"curies":[{"name":"wp","href":"https:\/\/api.w.org\/{rel}","templated":true}]}}