{"id":887374,"date":"2023-11-03T16:03:09","date_gmt":"2023-11-03T15:03:09","guid":{"rendered":"https:\/\/www.claret.cat\/llibre\/pubertad-positiva-para-chicas-hacia-la-adolescencia-9788419898050\/"},"modified":"2026-02-16T10:45:41","modified_gmt":"2026-02-16T09:45:41","slug":"pubertad-positiva-para-chicas-hacia-la-adolescencia-9788419898050","status":"publish","type":"product","link":"https:\/\/www.claret.cat\/es\/libro\/pubertad-positiva-para-chicas-hacia-la-adolescencia-9788419898050\/","title":{"rendered":"PUBERTAD POSITIVA PARA CHICAS &#8211; HACIA LA ADOLESCENCIA"},"content":{"rendered":"<p>\u00abPubertad positiva para chicas es una ayuda de oro para los padres mientras abordan este dif\u00edcil tema con su hija. La idea de la aceptaci\u00f3n del cuerpo, que las mujeres adultas maduran con el tiempo, debe comenzar antes. Son los padres quienes tienen un papel importante que desempe\u00f1ar aqu\u00ed. Me gustar\u00eda que mi hijo y sus amigos tambi\u00e9n leyeran esta gu\u00eda. M\u00e1s conocimiento significa menos verg\u00fcenza y conjeturas. M\u00e1s comprensi\u00f3n y empat\u00eda. Independientemente de su sexo\u00bb (Krystian Hanke, periodista de Radio 357, autor del proyecto Tatuar).<\/p>\n<p> Pubertad positiva para chicas es un libro sobre la pubertad femenina. Lleno de sensibilidad y empat\u00eda, est\u00e1 recomendado para chicas de entre 8 y 12 a\u00f1os.<\/p>\n<p> Es cuerpopositivo por las siguientes razones:<\/p>\n<p> \u2022 Enfatiza lo que se puede hacer gracias al cuerpo, no c\u00f3mo se ve.<\/p>\n<p> \u2022 Ayuda a construir un lenguaje positivo y sensible hacia una misma y su cuerpo.<\/p>\n<p> \u2022 Proporciona informaci\u00f3n accesible y de confianza que ayuda a entender los cambios relacionados con la primera menstruaci\u00f3n y el periodo de la pubertad.<\/p>\n<p> En este fascinante libro descubrir\u00e1s los siguientes temas: \u00bfqu\u00e9 es la pubertad?; \u00bfqu\u00e9 cambia?; c\u00f3mo hacerte m\u00e1s fuerte; \u00bfc\u00f3mo te ves a ti misma?; tu cuerpo por debajo del ombligo; la primera regla; \u00bfc\u00f3mo cuidarte durante la pubertad?; \u00bfcu\u00e1ndo termina?; \u00bfpor qu\u00e9 tu cuerpo es tu casa?<\/p>\n<p> Libro seleccionado para el prestigioso cat\u00e1logo White Ravens 2022, publicado por la Biblioteca Internacional de la Juventud, el centro de investigaci\u00f3n sobre libros infantiles m\u00e1s grande de Europa.<\/p>\n<p> Libro ganador del premio Lokomotywa 2021 en la categor\u00eda Fakt (Hechos), que reconoce los libros de divulgaci\u00f3n cient\u00edfica que despiertan y alimentan la curiosidad sobre el mundo.<\/p>\n<p> \u00abLa autora cubre un amplio espectro de temas, desde cambios en el cuerpo hasta emociones y relaciones, que se presentan de una manera ingeniosa, pero no abrumadora. Compartiendo su conocimiento experto sobre la pubertad femenina, el texto es respetuoso hacia sus lectoras. El libro tambi\u00e9n es apropiadamente sutil, tanto en lo textual como en lo visual. Las ilustraciones en colores pastel expresan perfectamente la idea de la positividad corporal y abordan de manera directa temas que algunos considerar\u00edan tab\u00fa\u00bb (White Ravens 2022, Biblioteca Internacional de la Juventud.<\/p>\n<p> \u00abUn libro que muchas de nosotras hubi\u00e9ramos querido tener cuando pasamos de ni\u00f1as a mujeres. Inspira positividad corporal y explica por qu\u00e9 vale la pena tomarse en serio el autocuidado emp\u00e1tico\u00bb (Magda Korczynska y Magda Falinska, creadoras del proyecto educativo &#8216;C\u00f3mo Criar Ni\u00f1as)&#8217;.<\/p>\n<p> \u00abEn cierto sentido, es un libro revolucionario porque elimina el bagaje generacional de verg\u00fcenzas, miedos y obligaciones inscritos en la corporeidad femenina. \u00a1De estar en el lugar de cada madre, abuela, t\u00eda o hermana mayor, se lo dar\u00eda a cada ni\u00f1a por su d\u00e9cimo cumplea\u00f1os (o un poco antes o despu\u00e9s), para empezar con buen pie!\u00bb (Dra. Alicja Dlugolecka, pedagoga y educadora sexual).<\/p>\n<p> Otros libros similares de Editorial el Pirata:<\/p>\n<p> \u2022 Pubertad positiva para chicos<\/p>\n","protected":false},"excerpt":{"rendered":"<p>PIETRUSZCZAK, B\u00c1RBARA<\/p>\n","protected":false},"featured_media":1083898,"template":"","meta":{"_acf_changed":false,"om_disable_all_campaigns":false,"rs_blank_template":"","rs_page_bg_color":"","slide_template_v7":"","inline_featured_image":false,"_monsterinsights_skip_tracking":false,"_monsterinsights_sitenote_active":false,"_monsterinsights_sitenote_note":"","_monsterinsights_sitenote_category":0},"product_brand":[],"product_cat":[133,363],"product_tag":[],"class_list":{"0":"post-887374","1":"product","2":"type-product","3":"status-publish","4":"has-post-thumbnail","6":"product_cat-lectures-per-adolescents-12-18-anys","7":"product_cat-lecturas-por-adolescentes-12-18-anos","9":"first","10":"outofstock","11":"taxable","12":"shipping-taxable","13":"purchasable","14":"product-type-simple"},"acf":{"autor":"PIETRUSZCZAK, B\u00c1RBARA","codart":"841989805","libros-coleccion":"FORA DE COL.LECCI\u00d3","ediciones":"1","encuadernacion":"Carton\u00e9","fecha_de_publicacion":"01\/11\/2023","novedad":"0","paginas":"202","subtitulo":"GU\u00cdA DE LOS CAMBIOS EN EL CUERPO, LA PRIMERA REGLA Y LA POSITIVIDAD CORPORAL","orden":"0","portada":"0","idioma":"spa","editorial":[{"ID":147970,"post_author":"3","post_date":"2022-10-14 11:54:38","post_date_gmt":"2022-10-14 09:54:38","post_content":"","post_title":"Editorial el Pirata","post_excerpt":"","post_status":"publish","comment_status":"closed","ping_status":"closed","post_password":"","post_name":"editorial-el-pirata","to_ping":"","pinged":"","post_modified":"2022-10-14 11:54:38","post_modified_gmt":"2022-10-14 09:54:38","post_content_filtered":"","post_parent":0,"guid":"http:\/\/dev.claret.cat\/editorial\/editorial-el-pirata\/","menu_order":0,"post_type":"editorial","post_mime_type":"","comment_count":"0","filter":"raw"}],"autores-libros":[{"ID":887367,"post_author":"3","post_date":"2023-11-03 16:02:32","post_date_gmt":"2023-11-03 15:02:32","post_content":"","post_title":"B\u00c1RBARA PIETRUSZCZAK","post_excerpt":"","post_status":"publish","comment_status":"closed","ping_status":"closed","post_password":"","post_name":"barbara-pietruszczak","to_ping":"","pinged":"","post_modified":"2023-11-03 16:02:32","post_modified_gmt":"2023-11-03 15:02:32","post_content_filtered":"","post_parent":0,"guid":"https:\/\/www.claret.cat\/autor\/barbara-pietruszczak\/","menu_order":0,"post_type":"autor","post_mime_type":"","comment_count":"0","filter":"raw"}],"booktrailer":"","resenas":""},"aioseo_notices":[],"_links":{"self":[{"href":"https:\/\/www.claret.cat\/es\/wp-json\/wp\/v2\/product\/887374","targetHints":{"allow":["GET"]}}],"collection":[{"href":"https:\/\/www.claret.cat\/es\/wp-json\/wp\/v2\/product"}],"about":[{"href":"https:\/\/www.claret.cat\/es\/wp-json\/wp\/v2\/types\/product"}],"wp:featuredmedia":[{"embeddable":true,"href":"https:\/\/www.claret.cat\/es\/wp-json\/wp\/v2\/media\/1083898"}],"wp:attachment":[{"href":"https:\/\/www.claret.cat\/es\/wp-json\/wp\/v2\/media?parent=887374"}],"wp:term":[{"taxonomy":"product_brand","embeddable":true,"href":"https:\/\/www.claret.cat\/es\/wp-json\/wp\/v2\/product_brand?post=887374"},{"taxonomy":"product_cat","embeddable":true,"href":"https:\/\/www.claret.cat\/es\/wp-json\/wp\/v2\/product_cat?post=887374"},{"taxonomy":"product_tag","embeddable":true,"href":"https:\/\/www.claret.cat\/es\/wp-json\/wp\/v2\/product_tag?post=887374"}],"curies":[{"name":"wp","href":"https:\/\/api.w.org\/{rel}","templated":true}]}}