{"id":887453,"date":"2023-11-03T16:26:39","date_gmt":"2023-11-03T15:26:39","guid":{"rendered":"https:\/\/www.claret.cat\/llibre\/el-silenci-dels-astronautes-9788429781496\/"},"modified":"2024-01-31T19:48:54","modified_gmt":"2024-01-31T18:48:54","slug":"el-silenci-dels-astronautes-9788429781496","status":"publish","type":"product","link":"https:\/\/www.claret.cat\/es\/libro\/el-silenci-dels-astronautes-9788429781496\/","title":{"rendered":"EL SILENCI DELS ASTRONAUTES"},"content":{"rendered":"<p>Premi Joanot Martorell 2023: la hist\u00f2ria d\u2018una mare i una filla que malden per adaptar-se a l&#8217;entorn.La Rita, de set anys, t\u00e9 problemes greus de comunicaci\u00f3 a l&#8217;escola. S&#8217;ha inventat una bombolla que la protegeix dels que l&#8217;envolten i viu en el seu silenci. No parla amb ning\u00fa. En canvi, a casa, no calla.<br \/>L&#8217;Anna, la mare de la Rita, viu atrapada en una bombolla de culpabilitat. Atabalada per la feina, per la seva preocupaci\u00f3 per la Rita i pel record de la filla que se li va morir a la panxa a mig embar\u00e0s, no aconsegueix escriure.<br \/>La hist\u00f2ria de David Vetter, un nen nord-americ\u00e0 que va viure dotze anys tancat en una bombolla de pl\u00e0stic perqu\u00e8 el seu sistema immunitari no funcionava, els servir\u00e0 a mare i filla per superar les seves pors i vulnerabilitats i sortir de les presons invisibles que s&#8217;han constru\u00eft.<\/p>\n","protected":false},"excerpt":{"rendered":"<p>F\u00c0BREGAS FERR\u00daS, LAIA<\/p>\n","protected":false},"featured_media":901163,"template":"","meta":{"_acf_changed":false,"om_disable_all_campaigns":false,"rs_blank_template":"","rs_page_bg_color":"","slide_template_v7":"","inline_featured_image":false,"_monsterinsights_skip_tracking":false,"_monsterinsights_sitenote_active":false,"_monsterinsights_sitenote_note":"","_monsterinsights_sitenote_category":0},"product_brand":[],"product_cat":[127,357],"product_tag":[],"class_list":{"0":"post-887453","1":"product","2":"type-product","3":"status-publish","4":"has-post-thumbnail","6":"product_cat-novella-contemporania","7":"product_cat-novela-contemporanea","9":"first","10":"instock","11":"taxable","12":"shipping-taxable","13":"purchasable","14":"product-type-simple"},"acf":{"autor":"F\u00c0BREGAS FERR\u00daS, LAIA","codart":"842978149","libros-coleccion":"El Balanc\u00ed","ediciones":"1","encuadernacion":"Carton\u00e9","fecha_de_publicacion":"01\/11\/2023","novedad":"1","paginas":"225","subtitulo":"PREMI JOANOT MARTORELL 2023","orden":"0","portada":"0","idioma":"cat","editorial":[{"ID":6210,"post_author":"3","post_date":"2022-07-28 17:47:13","post_date_gmt":"2022-07-28 15:47:13","post_content":"","post_title":"Edicions 62","post_excerpt":"","post_status":"publish","comment_status":"closed","ping_status":"closed","post_password":"","post_name":"edicions-62","to_ping":"","pinged":"","post_modified":"2022-07-28 17:47:13","post_modified_gmt":"2022-07-28 15:47:13","post_content_filtered":"","post_parent":0,"guid":"http:\/\/dev.claret.cat\/editorial\/edicions-62\/","menu_order":0,"post_type":"editorial","post_mime_type":"","comment_count":"0","filter":"raw"}],"autores-libros":[{"ID":161833,"post_author":"3","post_date":"2022-10-14 17:26:14","post_date_gmt":"2022-10-14 15:26:14","post_content":"","post_title":"LAIA F\u00c0BREGAS FERR\u00daS","post_excerpt":"","post_status":"publish","comment_status":"closed","ping_status":"closed","post_password":"","post_name":"laia-fabregas-ferrus","to_ping":"","pinged":"","post_modified":"2022-10-14 17:26:14","post_modified_gmt":"2022-10-14 15:26:14","post_content_filtered":"","post_parent":0,"guid":"http:\/\/dev.claret.cat\/autor\/laia-fabregas-ferrus\/","menu_order":0,"post_type":"autor","post_mime_type":"","comment_count":"0","filter":"raw"}]},"aioseo_notices":[],"_links":{"self":[{"href":"https:\/\/www.claret.cat\/es\/wp-json\/wp\/v2\/product\/887453","targetHints":{"allow":["GET"]}}],"collection":[{"href":"https:\/\/www.claret.cat\/es\/wp-json\/wp\/v2\/product"}],"about":[{"href":"https:\/\/www.claret.cat\/es\/wp-json\/wp\/v2\/types\/product"}],"wp:featuredmedia":[{"embeddable":true,"href":"https:\/\/www.claret.cat\/es\/wp-json\/wp\/v2\/media\/901163"}],"wp:attachment":[{"href":"https:\/\/www.claret.cat\/es\/wp-json\/wp\/v2\/media?parent=887453"}],"wp:term":[{"taxonomy":"product_brand","embeddable":true,"href":"https:\/\/www.claret.cat\/es\/wp-json\/wp\/v2\/product_brand?post=887453"},{"taxonomy":"product_cat","embeddable":true,"href":"https:\/\/www.claret.cat\/es\/wp-json\/wp\/v2\/product_cat?post=887453"},{"taxonomy":"product_tag","embeddable":true,"href":"https:\/\/www.claret.cat\/es\/wp-json\/wp\/v2\/product_tag?post=887453"}],"curies":[{"name":"wp","href":"https:\/\/api.w.org\/{rel}","templated":true}]}}