{"id":887462,"date":"2023-11-03T16:27:48","date_gmt":"2023-11-03T15:27:48","guid":{"rendered":"https:\/\/www.claret.cat\/llibre\/per-que-dali-9788429781564\/"},"modified":"2024-01-31T19:49:09","modified_gmt":"2024-01-31T18:49:09","slug":"per-que-dali-9788429781564","status":"publish","type":"product","link":"https:\/\/www.claret.cat\/es\/libro\/per-que-dali-9788429781564\/","title":{"rendered":"PER QU\u00c8, DAL\u00cd?"},"content":{"rendered":"<p>Una aproximaci\u00f3 a Dal\u00ed i a la seva pintura m\u00e9s\u00a0ic\u00f2nica i enigm\u00e0tica, El Crist, amb motiu de la\u00a0primera exposici\u00f3 dedicada a l&#8217;obra.<br \/> Amb motiu de l&#8217;exposici\u00f3 monogr\u00e0fica de l&#8217;obra El Crist de Dal\u00ed, que acollir\u00e0 el Museu Dal\u00ed de Figueres del novembre del 2023 a l&#8217;abril del 2024, Planeta publica un apassionant assaig que ens descobreix una de les obres m\u00e9s enigm\u00e0tiques del pintor.<br \/> Mitjan\u00e7ant una ficci\u00f3 en forma de correspond\u00e8ncia epistolar amb el pintor, Javier Sierra ens submergeix en l&#8217;ess\u00e8ncia d&#8217;aquesta obra i el seu proc\u00e9s de creaci\u00f3 a trav\u00e9s d&#8217;un pertorbador interrogant: Per qu\u00e8, Dal\u00ed?<br \/> A continuaci\u00f3, Antonio L\u00f3pez, en di\u00e0leg amb Montse Aguer, aprofundeix sobre la figura de Salvador Dal\u00ed i ens convida a endinsar-nos en la ment, el cervell i el proc\u00e9s de creaci\u00f3 d&#8217;un dels artistes m\u00e9s complexos dels \u00faltims temps. La part m\u00e9s t\u00e8cnica va a c\u00e0rrec de diversos membres del centre de documentaci\u00f3 de la Fundaci\u00f3 Gala-Salvador Dal\u00ed.<\/p>\n","protected":false},"excerpt":{"rendered":"<p>SIERRA, JAVIER \/ L\u00d3PEZ GARC\u00cdA, ANTONIO \/ AGUER, MONTSE<\/p>\n","protected":false},"featured_media":926613,"template":"","meta":{"_acf_changed":false,"om_disable_all_campaigns":false,"rs_blank_template":"","rs_page_bg_color":"","slide_template_v7":"","inline_featured_image":false,"_monsterinsights_skip_tracking":false,"_monsterinsights_sitenote_active":false,"_monsterinsights_sitenote_note":"","_monsterinsights_sitenote_category":0},"product_brand":[],"product_cat":[110,560],"product_tag":[],"class_list":{"0":"post-887462","1":"product","2":"type-product","3":"status-publish","4":"has-post-thumbnail","6":"product_cat-art","7":"product_cat-arte","9":"first","10":"instock","11":"taxable","12":"shipping-taxable","13":"purchasable","14":"product-type-simple"},"acf":{"autor":"SIERRA, JAVIER \/ L\u00d3PEZ GARC\u00cdA, ANTONIO \/ AGUER, MONTSE","codart":"842978156","libros-coleccion":"Assaig","ediciones":"1","encuadernacion":"Carton\u00e9","fecha_de_publicacion":"01\/11\/2023","novedad":"1","paginas":"200","subtitulo":"L'ENIGMA COM A PROVOCACI\u00d3 A L'ART","orden":"0","portada":"0","idioma":"cat","editorial":[{"ID":6210,"post_author":"3","post_date":"2022-07-28 17:47:13","post_date_gmt":"2022-07-28 15:47:13","post_content":"","post_title":"Edicions 62","post_excerpt":"","post_status":"publish","comment_status":"closed","ping_status":"closed","post_password":"","post_name":"edicions-62","to_ping":"","pinged":"","post_modified":"2022-07-28 17:47:13","post_modified_gmt":"2022-07-28 15:47:13","post_content_filtered":"","post_parent":0,"guid":"http:\/\/dev.claret.cat\/editorial\/edicions-62\/","menu_order":0,"post_type":"editorial","post_mime_type":"","comment_count":"0","filter":"raw"}],"autores-libros":[{"ID":886990,"post_author":"3","post_date":"2023-10-31 17:54:02","post_date_gmt":"2023-10-31 16:54:02","post_content":"","post_title":"ANTONIO L\u00d3PEZ GARC\u00cdA","post_excerpt":"","post_status":"publish","comment_status":"closed","ping_status":"closed","post_password":"","post_name":"antonio-lopez-garcia","to_ping":"","pinged":"","post_modified":"2023-10-31 17:54:02","post_modified_gmt":"2023-10-31 16:54:02","post_content_filtered":"","post_parent":0,"guid":"https:\/\/www.claret.cat\/autor\/antonio-lopez-garcia\/","menu_order":0,"post_type":"autor","post_mime_type":"","comment_count":"0","filter":"raw"},{"ID":8351,"post_author":"3","post_date":"2022-09-30 09:47:55","post_date_gmt":"2022-09-30 07:47:55","post_content":"","post_title":"JAVIER SIERRA","post_excerpt":"","post_status":"publish","comment_status":"closed","ping_status":"closed","post_password":"","post_name":"javier-sierra","to_ping":"","pinged":"","post_modified":"2022-09-30 09:47:55","post_modified_gmt":"2022-09-30 07:47:55","post_content_filtered":"","post_parent":0,"guid":"http:\/\/dev.claret.cat\/autor\/javier-sierra\/","menu_order":0,"post_type":"autor","post_mime_type":"","comment_count":"0","filter":"raw"},{"ID":886991,"post_author":"3","post_date":"2023-10-31 17:54:05","post_date_gmt":"2023-10-31 16:54:05","post_content":"","post_title":"MONTSE AGUER","post_excerpt":"","post_status":"publish","comment_status":"closed","ping_status":"closed","post_password":"","post_name":"montse-aguer","to_ping":"","pinged":"","post_modified":"2023-10-31 17:54:05","post_modified_gmt":"2023-10-31 16:54:05","post_content_filtered":"","post_parent":0,"guid":"https:\/\/www.claret.cat\/autor\/montse-aguer\/","menu_order":0,"post_type":"autor","post_mime_type":"","comment_count":"0","filter":"raw"}]},"aioseo_notices":[],"_links":{"self":[{"href":"https:\/\/www.claret.cat\/es\/wp-json\/wp\/v2\/product\/887462","targetHints":{"allow":["GET"]}}],"collection":[{"href":"https:\/\/www.claret.cat\/es\/wp-json\/wp\/v2\/product"}],"about":[{"href":"https:\/\/www.claret.cat\/es\/wp-json\/wp\/v2\/types\/product"}],"wp:featuredmedia":[{"embeddable":true,"href":"https:\/\/www.claret.cat\/es\/wp-json\/wp\/v2\/media\/926613"}],"wp:attachment":[{"href":"https:\/\/www.claret.cat\/es\/wp-json\/wp\/v2\/media?parent=887462"}],"wp:term":[{"taxonomy":"product_brand","embeddable":true,"href":"https:\/\/www.claret.cat\/es\/wp-json\/wp\/v2\/product_brand?post=887462"},{"taxonomy":"product_cat","embeddable":true,"href":"https:\/\/www.claret.cat\/es\/wp-json\/wp\/v2\/product_cat?post=887462"},{"taxonomy":"product_tag","embeddable":true,"href":"https:\/\/www.claret.cat\/es\/wp-json\/wp\/v2\/product_tag?post=887462"}],"curies":[{"name":"wp","href":"https:\/\/api.w.org\/{rel}","templated":true}]}}