{"id":887513,"date":"2023-11-03T16:51:37","date_gmt":"2023-11-03T15:51:37","guid":{"rendered":"https:\/\/www.claret.cat\/llibre\/sapiens-10e-aniversari-9788429781595\/"},"modified":"2024-06-05T18:00:13","modified_gmt":"2024-06-05T16:00:13","slug":"sapiens-10e-aniversari-9788429781595","status":"publish","type":"product","link":"https:\/\/www.claret.cat\/es\/libro\/sapiens-10e-aniversari-9788429781595\/","title":{"rendered":"S\u00c0PIENS (10\u00c8 ANIVERSARI)"},"content":{"rendered":"<p>10 ANYS. EDICI\u00d3 ANIVERSARI<\/p>\n<p> El relat apassionant de l&#8221;extraordin\u00e0ria hist\u00f2ria del g\u00e8nere hum\u00e0 S\u00e0piens, el best-seller mundial, celebra 10 anys des de la seva primera edici\u00f3 amb una nova edici\u00f3 actualitzada.Cont\u00e9 un nou ep\u00edleg de l&#8221;autor en qu\u00e8 reflexiona sobre els canvis de la darrera d\u00e8cada i diverses revisions de l&#8221;autor, aix\u00ed com il\u00b7lustracions en color.<\/p>\n<p> El relat apassionant de l&#8221;extraordin\u00e0ria hist\u00f2ria del g\u00e8nere hum\u00e0. S\u00e0piens, el best-seller mundial, celebra deu anys amb aquesta nova edici\u00f3 actualitzada. Una exclusiva edici\u00f3 d&#8221;aniversari il\u00b7lustrada a color que inclou un nou ep\u00edleg de Yuval Noah Harari, que hi reflexiona sobre els canvis de l&#8221;\u00faltima d\u00e8cada, i incorpora diverses revisions de l&#8221;autor. Una obra brillant que ofereix una nova perspectiva de la humanitat i que ens permet connectar els fets del passat amb les preocupacions actuals.<br \/> \u00a0<br \/> \u00a0<br \/> \u00abUn gran relat de la hist\u00f2ria de la civilitzaci\u00f3 humana, des dels primers ca\u00e7adors-recol\u00b7lectors fins a la societat i economia actuals.\u00bb Mark Zuckerberg<br \/> \u00a0<br \/> \u00abNo he llegit mai res millor.\u00bb Henning Mankell<br \/> \u00a0<br \/> \u00abAborda les q\u00fcestions cabdals de la hist\u00f2ria i del m\u00f3n modern, i est\u00e0 escrit amb un llenguatge d&#8221;una vivesa inoblidable. Us entusiasmar\u00e0.\u00bb Jared Diamond<\/p>\n","protected":false},"excerpt":{"rendered":"<p>NOAH HARARI, YUVAL<\/p>\n","protected":false},"featured_media":887535,"template":"","meta":{"_acf_changed":false,"om_disable_all_campaigns":false,"rs_blank_template":"","rs_page_bg_color":"","slide_template_v7":"","inline_featured_image":false,"_monsterinsights_skip_tracking":false,"_monsterinsights_sitenote_active":false,"_monsterinsights_sitenote_note":"","_monsterinsights_sitenote_category":0},"product_brand":[],"product_cat":[157,370],"product_tag":[],"class_list":{"0":"post-887513","1":"product","2":"type-product","3":"status-publish","4":"has-post-thumbnail","6":"product_cat-investigacio-i-corrents","7":"product_cat-investigacion-y-corrientes","9":"first","10":"instock","11":"taxable","12":"shipping-taxable","13":"purchasable","14":"product-type-simple"},"acf":{"autor":"NOAH HARARI, YUVAL","codart":"842978159","libros-coleccion":"Llibres a l'Abast","ediciones":"1","encuadernacion":"Carton\u00e9","fecha_de_publicacion":"01\/11\/2023","novedad":"1","paginas":"609","subtitulo":"UNA BREU HIST\u00d2RIA DE LA HUMANITAT","orden":"0","portada":"0","idioma":"cat","editorial":[{"ID":6210,"post_author":"3","post_date":"2022-07-28 17:47:13","post_date_gmt":"2022-07-28 15:47:13","post_content":"","post_title":"Edicions 62","post_excerpt":"","post_status":"publish","comment_status":"closed","ping_status":"closed","post_password":"","post_name":"edicions-62","to_ping":"","pinged":"","post_modified":"2022-07-28 17:47:13","post_modified_gmt":"2022-07-28 15:47:13","post_content_filtered":"","post_parent":0,"guid":"http:\/\/dev.claret.cat\/editorial\/edicions-62\/","menu_order":0,"post_type":"editorial","post_mime_type":"","comment_count":"0","filter":"raw"}],"autores-libros":[{"ID":6105,"post_author":"3","post_date":"2022-07-28 17:38:17","post_date_gmt":"2022-07-28 15:38:17","post_content":"","post_title":"YUVAL NOAH HARARI","post_excerpt":"","post_status":"publish","comment_status":"closed","ping_status":"closed","post_password":"","post_name":"yuval-noah-harari","to_ping":"","pinged":"","post_modified":"2022-07-28 17:38:17","post_modified_gmt":"2022-07-28 15:38:17","post_content_filtered":"","post_parent":0,"guid":"http:\/\/dev.claret.cat\/autor\/yuval-noah-harari\/","menu_order":0,"post_type":"autor","post_mime_type":"","comment_count":"0","filter":"raw"}]},"aioseo_notices":[],"_links":{"self":[{"href":"https:\/\/www.claret.cat\/es\/wp-json\/wp\/v2\/product\/887513","targetHints":{"allow":["GET"]}}],"collection":[{"href":"https:\/\/www.claret.cat\/es\/wp-json\/wp\/v2\/product"}],"about":[{"href":"https:\/\/www.claret.cat\/es\/wp-json\/wp\/v2\/types\/product"}],"wp:featuredmedia":[{"embeddable":true,"href":"https:\/\/www.claret.cat\/es\/wp-json\/wp\/v2\/media\/887535"}],"wp:attachment":[{"href":"https:\/\/www.claret.cat\/es\/wp-json\/wp\/v2\/media?parent=887513"}],"wp:term":[{"taxonomy":"product_brand","embeddable":true,"href":"https:\/\/www.claret.cat\/es\/wp-json\/wp\/v2\/product_brand?post=887513"},{"taxonomy":"product_cat","embeddable":true,"href":"https:\/\/www.claret.cat\/es\/wp-json\/wp\/v2\/product_cat?post=887513"},{"taxonomy":"product_tag","embeddable":true,"href":"https:\/\/www.claret.cat\/es\/wp-json\/wp\/v2\/product_tag?post=887513"}],"curies":[{"name":"wp","href":"https:\/\/api.w.org\/{rel}","templated":true}]}}