{"id":887519,"date":"2023-11-03T16:53:24","date_gmt":"2023-11-03T15:53:24","guid":{"rendered":"https:\/\/www.claret.cat\/llibre\/5-ingredients-mediterranis-9788466430890\/"},"modified":"2024-01-31T16:22:47","modified_gmt":"2024-01-31T15:22:47","slug":"5-ingredients-mediterranis-9788466430890","status":"publish","type":"product","link":"https:\/\/www.claret.cat\/es\/libro\/5-ingredients-mediterranis-9788466430890\/","title":{"rendered":"5 INGREDIENTS MEDITERRANIS"},"content":{"rendered":"<p>Torna Jamie Oliver amb el format de les receptes que m\u00e9s agraden als seus seguidors: les basades en 5 ingredients.El nou llibre de Jamie uneix la cuina f\u00e0cil amb el meravell\u00f3s menjar del Mediterrani, que sempre li ha tingut el cor robat.<br \/> Amb m\u00e9s de 120 receptes f\u00e0cils de seguir, simples i totalment delicioses, 5 ingredients mediterranis s&#8221;inspira en els sabors, les combinacions i els ingredients b\u00e0sics i comuns de tot el Mediterrani, incloent-hi el menjar i els sabors d&#8221;Espanya, Fran\u00e7a, Tun\u00edsia i Gr\u00e8cia.<br \/> Profusament il\u00b7lustrat, a la introducci\u00f3 hi apareixen tamb\u00e9 diverses fotografies del viatge que va fer per omplir-se dels sabors, les olors, l&#8221;atmosfera, el sol i sobretot el menjar mediterrani. Les p\u00e0gines de receptes seguiran el disseny clar i net de \u00ab5 ingredients\u00bb, aquesta vegada combinats amb accessoris acolorits i un enfocament l\u00fadic per explicar la hist\u00f2ria del Mediterrani a trav\u00e9s de les fotografies.<\/p>\n","protected":false},"excerpt":{"rendered":"<p>OLIVER, JAMIE<\/p>\n","protected":false},"featured_media":900411,"template":"","meta":{"_acf_changed":false,"om_disable_all_campaigns":false,"rs_blank_template":"","rs_page_bg_color":"","slide_template_v7":"","inline_featured_image":false,"_monsterinsights_skip_tracking":false,"_monsterinsights_sitenote_active":false,"_monsterinsights_sitenote_note":"","_monsterinsights_sitenote_category":0},"product_brand":[],"product_cat":[553,103],"product_tag":[],"class_list":{"0":"post-887519","1":"product","2":"type-product","3":"status-publish","4":"has-post-thumbnail","6":"product_cat-cocina","7":"product_cat-cuina","9":"first","10":"instock","11":"taxable","12":"shipping-taxable","13":"purchasable","14":"product-type-simple"},"acf":{"autor":"OLIVER, JAMIE","codart":"846643089","libros-coleccion":"FORA DE COL.LECCI\u00d3","ediciones":"1","encuadernacion":"Carton\u00e9","fecha_de_publicacion":"01\/11\/2023","novedad":"1","paginas":"317","subtitulo":"","orden":"0","portada":"0","idioma":"cat","editorial":[{"ID":6166,"post_author":"3","post_date":"2022-07-28 17:46:19","post_date_gmt":"2022-07-28 15:46:19","post_content":"","post_title":"Columna CAT","post_excerpt":"","post_status":"publish","comment_status":"closed","ping_status":"closed","post_password":"","post_name":"columna-cat","to_ping":"","pinged":"","post_modified":"2022-07-28 17:46:19","post_modified_gmt":"2022-07-28 15:46:19","post_content_filtered":"","post_parent":0,"guid":"http:\/\/dev.claret.cat\/editorial\/columna-cat\/","menu_order":0,"post_type":"editorial","post_mime_type":"","comment_count":"0","filter":"raw"}],"autores-libros":[{"ID":158450,"post_author":"3","post_date":"2022-10-14 15:36:57","post_date_gmt":"2022-10-14 13:36:57","post_content":"","post_title":"JAMIE OLIVER","post_excerpt":"","post_status":"publish","comment_status":"closed","ping_status":"closed","post_password":"","post_name":"jamie-oliver","to_ping":"","pinged":"","post_modified":"2022-10-14 15:36:57","post_modified_gmt":"2022-10-14 13:36:57","post_content_filtered":"","post_parent":0,"guid":"http:\/\/dev.claret.cat\/autor\/jamie-oliver\/","menu_order":0,"post_type":"autor","post_mime_type":"","comment_count":"0","filter":"raw"}]},"aioseo_notices":[],"_links":{"self":[{"href":"https:\/\/www.claret.cat\/es\/wp-json\/wp\/v2\/product\/887519","targetHints":{"allow":["GET"]}}],"collection":[{"href":"https:\/\/www.claret.cat\/es\/wp-json\/wp\/v2\/product"}],"about":[{"href":"https:\/\/www.claret.cat\/es\/wp-json\/wp\/v2\/types\/product"}],"wp:featuredmedia":[{"embeddable":true,"href":"https:\/\/www.claret.cat\/es\/wp-json\/wp\/v2\/media\/900411"}],"wp:attachment":[{"href":"https:\/\/www.claret.cat\/es\/wp-json\/wp\/v2\/media?parent=887519"}],"wp:term":[{"taxonomy":"product_brand","embeddable":true,"href":"https:\/\/www.claret.cat\/es\/wp-json\/wp\/v2\/product_brand?post=887519"},{"taxonomy":"product_cat","embeddable":true,"href":"https:\/\/www.claret.cat\/es\/wp-json\/wp\/v2\/product_cat?post=887519"},{"taxonomy":"product_tag","embeddable":true,"href":"https:\/\/www.claret.cat\/es\/wp-json\/wp\/v2\/product_tag?post=887519"}],"curies":[{"name":"wp","href":"https:\/\/api.w.org\/{rel}","templated":true}]}}