{"id":88753,"date":"2022-10-11T18:21:21","date_gmt":"2022-10-11T16:21:21","guid":{"rendered":"http:\/\/dev.claret.cat\/producte\/los-cuentos-de-los-hermanos-grimm\/"},"modified":"2023-07-01T11:58:59","modified_gmt":"2023-07-01T09:58:59","slug":"los-cuentos-de-los-hermanos-grimm-9788417744069","status":"publish","type":"product","link":"https:\/\/www.claret.cat\/es\/libro\/los-cuentos-de-los-hermanos-grimm-9788417744069\/","title":{"rendered":"LOS CUENTOS DE LOS HERMANOS GRIMM"},"content":{"rendered":"<p>\u201cCaperucita\u201d, \u201cLos m\u00fasicos de Bremen\u201d, \u201cBlancanieves\u201d y cuatro cuentos m\u00e1s ilustrados.<br \/>Descubre los cl\u00e1sicos o inv\u00e9ntate una excusa para le\u00e9rselos a los m\u00e1s peque\u00f1os y regresar a tu infancia.<\/p>\n<p>6cm x 5 cm<\/p>\n","protected":false},"excerpt":{"rendered":"<p>CABALLO REGALADO<\/p>\n","protected":false},"featured_media":384930,"template":"","meta":{"_acf_changed":false,"om_disable_all_campaigns":false,"rs_blank_template":"","rs_page_bg_color":"","slide_template_v7":"","inline_featured_image":false,"_monsterinsights_skip_tracking":false,"_monsterinsights_sitenote_active":false,"_monsterinsights_sitenote_note":"","_monsterinsights_sitenote_category":0},"product_brand":[],"product_cat":[90,540],"product_tag":[],"class_list":{"0":"post-88753","1":"product","2":"type-product","3":"status-publish","4":"has-post-thumbnail","6":"product_cat-altres","7":"product_cat-otros","9":"first","10":"instock","11":"taxable","12":"shipping-taxable","13":"purchasable","14":"product-type-simple"},"acf":{"autor":"CABALLO REGALADO","codart":"841774406","libros-coleccion":"","ediciones":"1","encuadernacion":"R\u00fastica","fecha_de_publicacion":"01\/11\/2018","novedad":"1","paginas":"300","subtitulo":"","orden":"0","portada":"0","idioma":"spa","editorial":[{"ID":147579,"post_author":"3","post_date":"2022-10-14 11:51:39","post_date_gmt":"2022-10-14 09:51:39","post_content":"","post_title":"Caballo Regalado","post_excerpt":"","post_status":"publish","comment_status":"closed","ping_status":"closed","post_password":"","post_name":"caballo-regalado","to_ping":"","pinged":"","post_modified":"2022-10-14 11:51:39","post_modified_gmt":"2022-10-14 09:51:39","post_content_filtered":"","post_parent":0,"guid":"http:\/\/dev.claret.cat\/editorial\/caballo-regalado\/","menu_order":0,"post_type":"editorial","post_mime_type":"","comment_count":"0","filter":"raw"}],"autores-libros":[{"ID":151996,"post_author":"3","post_date":"2022-10-14 14:45:17","post_date_gmt":"2022-10-14 12:45:17","post_content":"","post_title":"CABALLO REGALADO","post_excerpt":"","post_status":"publish","comment_status":"closed","ping_status":"closed","post_password":"","post_name":"caballo-regalado","to_ping":"","pinged":"","post_modified":"2022-10-14 14:45:17","post_modified_gmt":"2022-10-14 12:45:17","post_content_filtered":"","post_parent":0,"guid":"http:\/\/dev.claret.cat\/autor\/caballo-regalado\/","menu_order":0,"post_type":"autor","post_mime_type":"","comment_count":"0","filter":"raw"}]},"aioseo_notices":[],"_links":{"self":[{"href":"https:\/\/www.claret.cat\/es\/wp-json\/wp\/v2\/product\/88753","targetHints":{"allow":["GET"]}}],"collection":[{"href":"https:\/\/www.claret.cat\/es\/wp-json\/wp\/v2\/product"}],"about":[{"href":"https:\/\/www.claret.cat\/es\/wp-json\/wp\/v2\/types\/product"}],"wp:featuredmedia":[{"embeddable":true,"href":"https:\/\/www.claret.cat\/es\/wp-json\/wp\/v2\/media\/384930"}],"wp:attachment":[{"href":"https:\/\/www.claret.cat\/es\/wp-json\/wp\/v2\/media?parent=88753"}],"wp:term":[{"taxonomy":"product_brand","embeddable":true,"href":"https:\/\/www.claret.cat\/es\/wp-json\/wp\/v2\/product_brand?post=88753"},{"taxonomy":"product_cat","embeddable":true,"href":"https:\/\/www.claret.cat\/es\/wp-json\/wp\/v2\/product_cat?post=88753"},{"taxonomy":"product_tag","embeddable":true,"href":"https:\/\/www.claret.cat\/es\/wp-json\/wp\/v2\/product_tag?post=88753"}],"curies":[{"name":"wp","href":"https:\/\/api.w.org\/{rel}","templated":true}]}}