{"id":887562,"date":"2023-11-03T17:47:53","date_gmt":"2023-11-03T16:47:53","guid":{"rendered":"https:\/\/www.claret.cat\/llibre\/criatures-magiques-del-bosc-9788448959104\/"},"modified":"2024-04-10T17:50:06","modified_gmt":"2024-04-10T15:50:06","slug":"criatures-magiques-del-bosc-9788448959104","status":"publish","type":"product","link":"https:\/\/www.claret.cat\/es\/libro\/criatures-magiques-del-bosc-9788448959104\/","title":{"rendered":"CRIATURES M\u00c0GIQUES DEL BOSC"},"content":{"rendered":"<p>Un bosc m\u00e0gic \u00e9s ple de criatures extraordin\u00e0ries: follets, fades, gnoms, nimfes&#8230; en aquest llibre, els m\u00e9s petits descobriran moltes coses sobre aquests \u00e9ssers fant\u00e0stic, com els llocs on viuen, la indument\u00e0ria que porten o qu\u00e8 \u00e9s el que m\u00e9s els agrada fer per divertir-se! Per afavorir la lectura aut\u00f2noma dels infants, cada doble p\u00e0gina presenta el text de manera breu i escrit amb dues modalitats de lletra: de pal i lligada.<\/p>\n","protected":false},"excerpt":{"rendered":"<p>BALD\u00d3, ESTEL \/ GIL, ROSA \/ SOLIVA, MARIA<\/p>\n","protected":false},"featured_media":887678,"template":"","meta":{"_acf_changed":false,"om_disable_all_campaigns":false,"rs_blank_template":"","rs_page_bg_color":"","slide_template_v7":"","inline_featured_image":false,"_monsterinsights_skip_tracking":false,"_monsterinsights_sitenote_active":false,"_monsterinsights_sitenote_note":"","_monsterinsights_sitenote_category":0},"product_brand":[],"product_cat":[132,362],"product_tag":[],"class_list":{"0":"post-887562","1":"product","2":"type-product","3":"status-publish","4":"has-post-thumbnail","6":"product_cat-lectures-per-preadolescents-6-12-anys","7":"product_cat-libros-preadolescentes-6-12-anos","9":"first","10":"instock","11":"taxable","12":"shipping-taxable","13":"purchasable","14":"product-type-simple"},"acf":{"autor":"BALD\u00d3, ESTEL \/ GIL, ROSA \/ SOLIVA, MARIA","codart":"844895910","libros-coleccion":"Llibres Infantils I Juvenils - El Bosc D","ediciones":"1","encuadernacion":"R\u00fastica","fecha_de_publicacion":"01\/10\/2023","novedad":"1","paginas":"24","subtitulo":"","orden":"0","portada":"0","idioma":"cat","editorial":[{"ID":147525,"post_author":"3","post_date":"2022-10-14 11:51:14","post_date_gmt":"2022-10-14 09:51:14","post_content":"","post_title":"BARCANOVA","post_excerpt":"","post_status":"publish","comment_status":"closed","ping_status":"closed","post_password":"","post_name":"barcanova","to_ping":"","pinged":"","post_modified":"2022-10-14 11:51:14","post_modified_gmt":"2022-10-14 09:51:14","post_content_filtered":"","post_parent":0,"guid":"http:\/\/dev.claret.cat\/editorial\/barcanova\/","menu_order":0,"post_type":"editorial","post_mime_type":"","comment_count":"0","filter":"raw"}],"autores-libros":[{"ID":155389,"post_author":"3","post_date":"2022-10-14 15:12:26","post_date_gmt":"2022-10-14 13:12:26","post_content":"","post_title":"ESTEL BALD\u00d3","post_excerpt":"","post_status":"publish","comment_status":"closed","ping_status":"closed","post_password":"","post_name":"estel-baldo","to_ping":"","pinged":"","post_modified":"2022-10-14 15:12:26","post_modified_gmt":"2022-10-14 13:12:26","post_content_filtered":"","post_parent":0,"guid":"http:\/\/dev.claret.cat\/autor\/estel-baldo\/","menu_order":0,"post_type":"autor","post_mime_type":"","comment_count":"0","filter":"raw"},{"ID":168488,"post_author":"3","post_date":"2022-10-14 22:19:31","post_date_gmt":"2022-10-14 20:19:31","post_content":"","post_title":"ROSA GIL","post_excerpt":"","post_status":"publish","comment_status":"closed","ping_status":"closed","post_password":"","post_name":"rosa-gil","to_ping":"","pinged":"","post_modified":"2022-10-14 22:19:31","post_modified_gmt":"2022-10-14 20:19:31","post_content_filtered":"","post_parent":0,"guid":"http:\/\/dev.claret.cat\/autor\/rosa-gil\/","menu_order":0,"post_type":"autor","post_mime_type":"","comment_count":"0","filter":"raw"},{"ID":163780,"post_author":"3","post_date":"2022-10-14 17:41:48","post_date_gmt":"2022-10-14 15:41:48","post_content":"","post_title":"MARIA SOLIVA","post_excerpt":"","post_status":"publish","comment_status":"closed","ping_status":"closed","post_password":"","post_name":"maria-soliva","to_ping":"","pinged":"","post_modified":"2022-10-14 17:41:48","post_modified_gmt":"2022-10-14 15:41:48","post_content_filtered":"","post_parent":0,"guid":"http:\/\/dev.claret.cat\/autor\/maria-soliva\/","menu_order":0,"post_type":"autor","post_mime_type":"","comment_count":"0","filter":"raw"}]},"aioseo_notices":[],"_links":{"self":[{"href":"https:\/\/www.claret.cat\/es\/wp-json\/wp\/v2\/product\/887562","targetHints":{"allow":["GET"]}}],"collection":[{"href":"https:\/\/www.claret.cat\/es\/wp-json\/wp\/v2\/product"}],"about":[{"href":"https:\/\/www.claret.cat\/es\/wp-json\/wp\/v2\/types\/product"}],"wp:featuredmedia":[{"embeddable":true,"href":"https:\/\/www.claret.cat\/es\/wp-json\/wp\/v2\/media\/887678"}],"wp:attachment":[{"href":"https:\/\/www.claret.cat\/es\/wp-json\/wp\/v2\/media?parent=887562"}],"wp:term":[{"taxonomy":"product_brand","embeddable":true,"href":"https:\/\/www.claret.cat\/es\/wp-json\/wp\/v2\/product_brand?post=887562"},{"taxonomy":"product_cat","embeddable":true,"href":"https:\/\/www.claret.cat\/es\/wp-json\/wp\/v2\/product_cat?post=887562"},{"taxonomy":"product_tag","embeddable":true,"href":"https:\/\/www.claret.cat\/es\/wp-json\/wp\/v2\/product_tag?post=887562"}],"curies":[{"name":"wp","href":"https:\/\/api.w.org\/{rel}","templated":true}]}}