{"id":887576,"date":"2023-11-03T17:52:51","date_gmt":"2023-11-03T16:52:51","guid":{"rendered":"https:\/\/www.claret.cat\/llibre\/els-meus-primers-contes-larousse-9788419739353\/"},"modified":"2023-11-03T18:46:33","modified_gmt":"2023-11-03T17:46:33","slug":"els-meus-primers-contes-larousse-9788419739353","status":"publish","type":"product","link":"https:\/\/www.claret.cat\/es\/libro\/els-meus-primers-contes-larousse-9788419739353\/","title":{"rendered":"ELS MEUS PRIMERS CONTES LAROUSSE"},"content":{"rendered":"<p>Una magn\u00edfica<br \/> col\u00b7lecci\u00f3 dels contes cl\u00e0ssics m\u00e9s coneguts, segons les versions de Charles<br \/> Perrault, Hans Christian Andersen i els germans Grimm: La Blancaneu, La<br \/> Ventafocs, La Bella Dorment, El Gat amb Botes, En Polzet, La Caputxeta<br \/> Vermella, L&#8221;Aneguet Lleig, Els tres porquets, Hansel i Gretel i Els<br \/> m\u00fasics de Bremen. <\/p>\n<p> Amb<br \/> unes il\u00b7lustracions sorprenents, aquests contes de tota la vida mantenen amb<br \/> fidelitat el text original, per tal que infants i les fam\u00edlies s&#8221;ho passin<br \/> d&#8221;all\u00f2 m\u00e9s b\u00e9.<\/p>\n","protected":false},"excerpt":{"rendered":"<p>GRIMM, JACOB \/ GRIMM, MILHELM \/ PERRAULT, CHARLES \/ ANDERSEN, HANS CHRISTIAN<\/p>\n","protected":false},"featured_media":887684,"template":"","meta":{"_acf_changed":false,"om_disable_all_campaigns":false,"rs_blank_template":"","rs_page_bg_color":"","slide_template_v7":"","inline_featured_image":false,"_monsterinsights_skip_tracking":false,"_monsterinsights_sitenote_active":false,"_monsterinsights_sitenote_note":"","_monsterinsights_sitenote_category":0},"product_brand":[],"product_cat":[132,362],"product_tag":[],"class_list":{"0":"post-887576","1":"product","2":"type-product","3":"status-publish","4":"has-post-thumbnail","6":"product_cat-lectures-per-preadolescents-6-12-anys","7":"product_cat-libros-preadolescentes-6-12-anos","9":"first","10":"instock","11":"taxable","12":"shipping-taxable","13":"purchasable","14":"product-type-simple"},"acf":{"autor":"GRIMM, JACOB \/ GRIMM, MILHELM \/ PERRAULT, CHARLES \/ ANDERSEN, HANS CHRISTIAN","codart":"841973935","libros-coleccion":"Larousse - Infantil \/ Juvenil - Catal\u00e1n","ediciones":"1","encuadernacion":"Carton\u00e9","fecha_de_publicacion":"01\/10\/2023","novedad":"1","paginas":"124","subtitulo":"","orden":"0","portada":"0","idioma":"cat","editorial":[{"ID":148398,"post_author":"3","post_date":"2022-10-14 11:57:56","post_date_gmt":"2022-10-14 09:57:56","post_content":"","post_title":"Larousse","post_excerpt":"","post_status":"publish","comment_status":"closed","ping_status":"closed","post_password":"","post_name":"larousse","to_ping":"","pinged":"","post_modified":"2022-10-14 11:57:56","post_modified_gmt":"2022-10-14 09:57:56","post_content_filtered":"","post_parent":0,"guid":"http:\/\/dev.claret.cat\/editorial\/larousse\/","menu_order":0,"post_type":"editorial","post_mime_type":"","comment_count":"0","filter":"raw"}],"autores-libros":[{"ID":152772,"post_author":"3","post_date":"2022-10-14 14:51:27","post_date_gmt":"2022-10-14 12:51:27","post_content":"","post_title":"CHARLES PERRAULT","post_excerpt":"","post_status":"publish","comment_status":"closed","ping_status":"closed","post_password":"","post_name":"charles-perrault","to_ping":"","pinged":"","post_modified":"2022-10-14 14:51:27","post_modified_gmt":"2022-10-14 12:51:27","post_content_filtered":"","post_parent":0,"guid":"http:\/\/dev.claret.cat\/autor\/charles-perrault\/","menu_order":0,"post_type":"autor","post_mime_type":"","comment_count":"0","filter":"raw"},{"ID":158298,"post_author":"3","post_date":"2022-10-14 15:35:44","post_date_gmt":"2022-10-14 13:35:44","post_content":"","post_title":"JACOB GRIMM","post_excerpt":"","post_status":"publish","comment_status":"closed","ping_status":"closed","post_password":"","post_name":"jacob-grimm","to_ping":"","pinged":"","post_modified":"2022-10-14 15:35:44","post_modified_gmt":"2022-10-14 13:35:44","post_content_filtered":"","post_parent":0,"guid":"http:\/\/dev.claret.cat\/autor\/jacob-grimm\/","menu_order":0,"post_type":"autor","post_mime_type":"","comment_count":"0","filter":"raw"},{"ID":887575,"post_author":"3","post_date":"2023-11-03 17:52:48","post_date_gmt":"2023-11-03 16:52:48","post_content":"","post_title":"MILHELM GRIMM","post_excerpt":"","post_status":"publish","comment_status":"closed","ping_status":"closed","post_password":"","post_name":"milhelm-grimm","to_ping":"","pinged":"","post_modified":"2023-11-03 17:52:48","post_modified_gmt":"2023-11-03 16:52:48","post_content_filtered":"","post_parent":0,"guid":"https:\/\/www.claret.cat\/autor\/milhelm-grimm\/","menu_order":0,"post_type":"autor","post_mime_type":"","comment_count":"0","filter":"raw"},{"ID":157350,"post_author":"3","post_date":"2022-10-14 15:28:08","post_date_gmt":"2022-10-14 13:28:08","post_content":"","post_title":"HANS CHRISTIAN ANDERSEN","post_excerpt":"","post_status":"publish","comment_status":"closed","ping_status":"closed","post_password":"","post_name":"hans-christian-andersen","to_ping":"","pinged":"","post_modified":"2022-10-14 15:28:08","post_modified_gmt":"2022-10-14 13:28:08","post_content_filtered":"","post_parent":0,"guid":"http:\/\/dev.claret.cat\/autor\/hans-christian-andersen\/","menu_order":0,"post_type":"autor","post_mime_type":"","comment_count":"0","filter":"raw"}]},"aioseo_notices":[],"_links":{"self":[{"href":"https:\/\/www.claret.cat\/es\/wp-json\/wp\/v2\/product\/887576","targetHints":{"allow":["GET"]}}],"collection":[{"href":"https:\/\/www.claret.cat\/es\/wp-json\/wp\/v2\/product"}],"about":[{"href":"https:\/\/www.claret.cat\/es\/wp-json\/wp\/v2\/types\/product"}],"wp:featuredmedia":[{"embeddable":true,"href":"https:\/\/www.claret.cat\/es\/wp-json\/wp\/v2\/media\/887684"}],"wp:attachment":[{"href":"https:\/\/www.claret.cat\/es\/wp-json\/wp\/v2\/media?parent=887576"}],"wp:term":[{"taxonomy":"product_brand","embeddable":true,"href":"https:\/\/www.claret.cat\/es\/wp-json\/wp\/v2\/product_brand?post=887576"},{"taxonomy":"product_cat","embeddable":true,"href":"https:\/\/www.claret.cat\/es\/wp-json\/wp\/v2\/product_cat?post=887576"},{"taxonomy":"product_tag","embeddable":true,"href":"https:\/\/www.claret.cat\/es\/wp-json\/wp\/v2\/product_tag?post=887576"}],"curies":[{"name":"wp","href":"https:\/\/api.w.org\/{rel}","templated":true}]}}