{"id":887732,"date":"2023-11-04T12:07:32","date_gmt":"2023-11-04T11:07:32","guid":{"rendered":"https:\/\/www.claret.cat\/llibre\/armonia-cromatica-edicion-pantone-9788416965960\/"},"modified":"2023-11-06T12:32:27","modified_gmt":"2023-11-06T11:32:27","slug":"armonia-cromatica-edicion-pantone-9788416965960","status":"publish","type":"product","link":"https:\/\/www.claret.cat\/es\/libro\/armonia-cromatica-edicion-pantone-9788416965960\/","title":{"rendered":"ARMON\u00cdA CROM\u00c1TICA. EDICI\u00d3N PANTONE \u00ae"},"content":{"rendered":"<p>Con Eiseman, directora del equipo que selecciona el Color Pantone del A\u00f1o, este libro presenta diferentes apartados, como predicci\u00f3n y tendencias crom\u00e1ticas, preferencias crom\u00e1ticas personales y su significado,mensajes crom\u00e1ticos, proporciones correctas y efectos especiales.<br \/> El uso adecuado del color crea diferentes ambientes para el hogar, la oficina,los productos o el mercado. Este libro le ayudar\u00e1 a recrear un ambiente determinado mediante el uso del color.<\/p>\n","protected":false},"excerpt":{"rendered":"<p>EISEMAN, LEATRICE<\/p>\n","protected":false},"featured_media":887907,"template":"","meta":{"_acf_changed":false,"om_disable_all_campaigns":false,"rs_blank_template":"","rs_page_bg_color":"","slide_template_v7":"","inline_featured_image":false,"_monsterinsights_skip_tracking":false,"_monsterinsights_sitenote_active":false,"_monsterinsights_sitenote_note":"","_monsterinsights_sitenote_category":0},"product_brand":[],"product_cat":[110,560],"product_tag":[],"class_list":{"0":"post-887732","1":"product","2":"type-product","3":"status-publish","4":"has-post-thumbnail","6":"product_cat-art","7":"product_cat-arte","9":"first","10":"instock","11":"taxable","12":"shipping-taxable","13":"purchasable","14":"product-type-simple"},"acf":{"autor":"EISEMAN, LEATRICE","codart":"841696596","libros-coleccion":"","ediciones":"1","encuadernacion":"R\u00fastica","fecha_de_publicacion":"01\/09\/2023","novedad":"1","paginas":"216","subtitulo":"GU\u00cdA COMPLETA CON INFORMACI\u00d3N ESPECIALIZADA SOBRE EL USO DEL COLOR PARA RESULTAD","orden":"0","portada":"0","idioma":"spa","editorial":[{"ID":147554,"post_author":"3","post_date":"2022-10-14 11:51:27","post_date_gmt":"2022-10-14 09:51:27","post_content":"","post_title":"BLUME (Naturart)","post_excerpt":"","post_status":"publish","comment_status":"closed","ping_status":"closed","post_password":"","post_name":"blume-naturart","to_ping":"","pinged":"","post_modified":"2022-10-14 11:51:27","post_modified_gmt":"2022-10-14 09:51:27","post_content_filtered":"","post_parent":0,"guid":"http:\/\/dev.claret.cat\/editorial\/blume-naturart\/","menu_order":0,"post_type":"editorial","post_mime_type":"","comment_count":"0","filter":"raw"}],"autores-libros":[{"ID":887754,"post_author":"3","post_date":"2023-11-04 12:22:24","post_date_gmt":"2023-11-04 11:22:24","post_content":"","post_title":"LEATRICE EISEMAN","post_excerpt":"","post_status":"publish","comment_status":"closed","ping_status":"closed","post_password":"","post_name":"leatrice-eiseman","to_ping":"","pinged":"","post_modified":"2023-11-04 12:22:24","post_modified_gmt":"2023-11-04 11:22:24","post_content_filtered":"","post_parent":0,"guid":"https:\/\/www.claret.cat\/autor\/leatrice-eiseman\/","menu_order":0,"post_type":"autor","post_mime_type":"","comment_count":"0","filter":"raw"}]},"aioseo_notices":[],"_links":{"self":[{"href":"https:\/\/www.claret.cat\/es\/wp-json\/wp\/v2\/product\/887732","targetHints":{"allow":["GET"]}}],"collection":[{"href":"https:\/\/www.claret.cat\/es\/wp-json\/wp\/v2\/product"}],"about":[{"href":"https:\/\/www.claret.cat\/es\/wp-json\/wp\/v2\/types\/product"}],"wp:featuredmedia":[{"embeddable":true,"href":"https:\/\/www.claret.cat\/es\/wp-json\/wp\/v2\/media\/887907"}],"wp:attachment":[{"href":"https:\/\/www.claret.cat\/es\/wp-json\/wp\/v2\/media?parent=887732"}],"wp:term":[{"taxonomy":"product_brand","embeddable":true,"href":"https:\/\/www.claret.cat\/es\/wp-json\/wp\/v2\/product_brand?post=887732"},{"taxonomy":"product_cat","embeddable":true,"href":"https:\/\/www.claret.cat\/es\/wp-json\/wp\/v2\/product_cat?post=887732"},{"taxonomy":"product_tag","embeddable":true,"href":"https:\/\/www.claret.cat\/es\/wp-json\/wp\/v2\/product_tag?post=887732"}],"curies":[{"name":"wp","href":"https:\/\/api.w.org\/{rel}","templated":true}]}}