{"id":887748,"date":"2023-11-04T12:13:06","date_gmt":"2023-11-04T11:13:06","guid":{"rendered":"https:\/\/www.claret.cat\/llibre\/brunilda-i-bru-la-festa-de-lesport-9788419785213\/"},"modified":"2023-11-21T17:15:43","modified_gmt":"2023-11-21T16:15:43","slug":"brunilda-i-bru-la-festa-de-lesport-9788419785213","status":"publish","type":"product","link":"https:\/\/www.claret.cat\/es\/libro\/brunilda-i-bru-la-festa-de-lesport-9788419785213\/","title":{"rendered":"BRUNILDA I BRU. LA FESTA DE L&#8217;ESPORT"},"content":{"rendered":"<p>* La Brunilda i el Bru participen en la Festa de l&#8221;esport que se celebra a la seva localitat. L&#8221;esdeveniment principal \u00e9s la cursa d&#8221;obstacles amb escombra, que \u00e9s d&#8221;all\u00f2 m\u00e9s emocionant. <br \/> * Aquest any la Brunilda est\u00e0 decidida a guanyar-la una vegada per totes, per\u00f2 podr\u00e0 volar de dret a la vict\u00f2ria amb el Bru?<br \/> * Una aventura esportiva de la Brunilda i el Bru!<\/p>\n<p> La col\u00b7lecci\u00f3 de la Brunilda i el Bru ha estat la del\u00edcia dels lectors, joves i adults, des del 1987. Tots dos s&#8221;han convertit en personatges preferits a moltes llars i escoles de tot el m\u00f3n.<\/p>\n","protected":false},"excerpt":{"rendered":"<p>THOMAS, VALERIE \/ PAUL, KORKY<\/p>\n","protected":false},"featured_media":887963,"template":"","meta":{"_acf_changed":false,"om_disable_all_campaigns":false,"rs_blank_template":"","rs_page_bg_color":"","slide_template_v7":"","inline_featured_image":false,"_monsterinsights_skip_tracking":false,"_monsterinsights_sitenote_active":false,"_monsterinsights_sitenote_note":"","_monsterinsights_sitenote_category":0},"product_brand":[],"product_cat":[132,362],"product_tag":[],"class_list":{"0":"post-887748","1":"product","2":"type-product","3":"status-publish","4":"has-post-thumbnail","6":"product_cat-lectures-per-preadolescents-6-12-anys","7":"product_cat-libros-preadolescentes-6-12-anos","9":"first","10":"instock","11":"taxable","12":"shipping-taxable","13":"purchasable","14":"product-type-simple"},"acf":{"autor":"THOMAS, VALERIE \/ PAUL, KORKY","codart":"841978521","libros-coleccion":"","ediciones":"1","encuadernacion":"Carton\u00e9","fecha_de_publicacion":"01\/09\/2023","novedad":"1","paginas":"32","subtitulo":"","orden":"0","portada":"0","idioma":"cat","editorial":[{"ID":147554,"post_author":"3","post_date":"2022-10-14 11:51:27","post_date_gmt":"2022-10-14 09:51:27","post_content":"","post_title":"BLUME (Naturart)","post_excerpt":"","post_status":"publish","comment_status":"closed","ping_status":"closed","post_password":"","post_name":"blume-naturart","to_ping":"","pinged":"","post_modified":"2022-10-14 11:51:27","post_modified_gmt":"2022-10-14 09:51:27","post_content_filtered":"","post_parent":0,"guid":"http:\/\/dev.claret.cat\/editorial\/blume-naturart\/","menu_order":0,"post_type":"editorial","post_mime_type":"","comment_count":"0","filter":"raw"}],"autores-libros":[{"ID":170791,"post_author":"3","post_date":"2022-10-14 22:38:11","post_date_gmt":"2022-10-14 20:38:11","post_content":"","post_title":"VALERIE THOMAS","post_excerpt":"","post_status":"publish","comment_status":"closed","ping_status":"closed","post_password":"","post_name":"valerie-thomas","to_ping":"","pinged":"","post_modified":"2022-10-14 22:38:11","post_modified_gmt":"2022-10-14 20:38:11","post_content_filtered":"","post_parent":0,"guid":"http:\/\/dev.claret.cat\/autor\/valerie-thomas\/","menu_order":0,"post_type":"autor","post_mime_type":"","comment_count":"0","filter":"raw"},{"ID":425199,"post_author":"3","post_date":"2023-05-16 08:16:43","post_date_gmt":"2023-05-16 06:16:43","post_content":"","post_title":"KORKY PAUL","post_excerpt":"","post_status":"publish","comment_status":"closed","ping_status":"closed","post_password":"","post_name":"korky-paul","to_ping":"","pinged":"","post_modified":"2023-05-16 08:16:43","post_modified_gmt":"2023-05-16 06:16:43","post_content_filtered":"","post_parent":0,"guid":"https:\/\/www.claret.cat\/autor\/korky-paul\/","menu_order":0,"post_type":"autor","post_mime_type":"","comment_count":"0","filter":"raw"}]},"aioseo_notices":[],"_links":{"self":[{"href":"https:\/\/www.claret.cat\/es\/wp-json\/wp\/v2\/product\/887748","targetHints":{"allow":["GET"]}}],"collection":[{"href":"https:\/\/www.claret.cat\/es\/wp-json\/wp\/v2\/product"}],"about":[{"href":"https:\/\/www.claret.cat\/es\/wp-json\/wp\/v2\/types\/product"}],"wp:featuredmedia":[{"embeddable":true,"href":"https:\/\/www.claret.cat\/es\/wp-json\/wp\/v2\/media\/887963"}],"wp:attachment":[{"href":"https:\/\/www.claret.cat\/es\/wp-json\/wp\/v2\/media?parent=887748"}],"wp:term":[{"taxonomy":"product_brand","embeddable":true,"href":"https:\/\/www.claret.cat\/es\/wp-json\/wp\/v2\/product_brand?post=887748"},{"taxonomy":"product_cat","embeddable":true,"href":"https:\/\/www.claret.cat\/es\/wp-json\/wp\/v2\/product_cat?post=887748"},{"taxonomy":"product_tag","embeddable":true,"href":"https:\/\/www.claret.cat\/es\/wp-json\/wp\/v2\/product_tag?post=887748"}],"curies":[{"name":"wp","href":"https:\/\/api.w.org\/{rel}","templated":true}]}}