{"id":88828,"date":"2022-10-11T18:22:17","date_gmt":"2022-10-11T16:22:17","guid":{"rendered":"http:\/\/dev.claret.cat\/producte\/sherlock-holmes-laventura-de-la-banda-de-topos\/"},"modified":"2023-02-16T17:10:30","modified_gmt":"2023-02-16T16:10:30","slug":"sherlock-holmes-laventura-de-la-banda-de-topos-9788417744052","status":"publish","type":"product","link":"https:\/\/www.claret.cat\/es\/libro\/sherlock-holmes-laventura-de-la-banda-de-topos-9788417744052\/","title":{"rendered":"SHERLOCK HOLMES. L&#8217;AVENTURA DE LA BANDA DE TOPOS"},"content":{"rendered":"<p>Aquest conte curt de Conan Doyle va ser publicat per primera vegada al diari The Strand el 1892.<br \/>Igual que l\u2019original, aquesta edici\u00f3 cont\u00e9 les emblem\u00e0tiques il\u00b7lustracions de Sidney Paget.<br \/>I tota la m\u00edstica policial.<br \/>No necessitar\u00e0s lupa!<\/p>\n<p>6 cm x 5 cm<\/p>\n","protected":false},"excerpt":{"rendered":"<p>CONAN DOYLE, SIR ARTHUR<\/p>\n","protected":false},"featured_media":390899,"template":"","meta":{"_acf_changed":false,"om_disable_all_campaigns":false,"rs_blank_template":"","rs_page_bg_color":"","slide_template_v7":"","inline_featured_image":false,"_monsterinsights_skip_tracking":false,"_monsterinsights_sitenote_active":false,"_monsterinsights_sitenote_note":"","_monsterinsights_sitenote_category":0},"product_brand":[],"product_cat":[90,540],"product_tag":[],"class_list":{"0":"post-88828","1":"product","2":"type-product","3":"status-publish","4":"has-post-thumbnail","6":"product_cat-altres","7":"product_cat-otros","9":"first","10":"instock","11":"taxable","12":"shipping-taxable","13":"purchasable","14":"product-type-simple"},"acf":{"autor":"CONAN DOYLE, SIR ARTHUR","codart":"841774405","libros-coleccion":"","ediciones":"1","encuadernacion":"R\u00fastica","fecha_de_publicacion":"01\/11\/2018","novedad":"1","paginas":"300","subtitulo":"","orden":"0","portada":"0","idioma":"cat","editorial":[{"ID":147579,"post_author":"3","post_date":"2022-10-14 11:51:39","post_date_gmt":"2022-10-14 09:51:39","post_content":"","post_title":"Caballo Regalado","post_excerpt":"","post_status":"publish","comment_status":"closed","ping_status":"closed","post_password":"","post_name":"caballo-regalado","to_ping":"","pinged":"","post_modified":"2022-10-14 11:51:39","post_modified_gmt":"2022-10-14 09:51:39","post_content_filtered":"","post_parent":0,"guid":"http:\/\/dev.claret.cat\/editorial\/caballo-regalado\/","menu_order":0,"post_type":"editorial","post_mime_type":"","comment_count":"0","filter":"raw"}],"autores-libros":[{"ID":169589,"post_author":"3","post_date":"2022-10-14 22:28:26","post_date_gmt":"2022-10-14 20:28:26","post_content":"","post_title":"SIR ARTHUR CONAN DOYLE","post_excerpt":"","post_status":"publish","comment_status":"closed","ping_status":"closed","post_password":"","post_name":"sir-arthur-conan-doyle","to_ping":"","pinged":"","post_modified":"2022-10-14 22:28:26","post_modified_gmt":"2022-10-14 20:28:26","post_content_filtered":"","post_parent":0,"guid":"http:\/\/dev.claret.cat\/autor\/sir-arthur-conan-doyle\/","menu_order":0,"post_type":"autor","post_mime_type":"","comment_count":"0","filter":"raw"}]},"aioseo_notices":[],"_links":{"self":[{"href":"https:\/\/www.claret.cat\/es\/wp-json\/wp\/v2\/product\/88828","targetHints":{"allow":["GET"]}}],"collection":[{"href":"https:\/\/www.claret.cat\/es\/wp-json\/wp\/v2\/product"}],"about":[{"href":"https:\/\/www.claret.cat\/es\/wp-json\/wp\/v2\/types\/product"}],"wp:featuredmedia":[{"embeddable":true,"href":"https:\/\/www.claret.cat\/es\/wp-json\/wp\/v2\/media\/390899"}],"wp:attachment":[{"href":"https:\/\/www.claret.cat\/es\/wp-json\/wp\/v2\/media?parent=88828"}],"wp:term":[{"taxonomy":"product_brand","embeddable":true,"href":"https:\/\/www.claret.cat\/es\/wp-json\/wp\/v2\/product_brand?post=88828"},{"taxonomy":"product_cat","embeddable":true,"href":"https:\/\/www.claret.cat\/es\/wp-json\/wp\/v2\/product_cat?post=88828"},{"taxonomy":"product_tag","embeddable":true,"href":"https:\/\/www.claret.cat\/es\/wp-json\/wp\/v2\/product_tag?post=88828"}],"curies":[{"name":"wp","href":"https:\/\/api.w.org\/{rel}","templated":true}]}}