{"id":8891,"date":"2022-09-30T12:22:56","date_gmt":"2022-09-30T10:22:56","guid":{"rendered":"http:\/\/dev.claret.cat\/producte\/el-magisterio-de-la-iglesia\/"},"modified":"2026-01-28T12:47:05","modified_gmt":"2026-01-28T11:47:05","slug":"el-magisterio-de-la-iglesia-9788425420870","status":"publish","type":"product","link":"https:\/\/www.claret.cat\/es\/libro\/el-magisterio-de-la-iglesia-9788425420870\/","title":{"rendered":"EL MAGISTERIO DE LA IGLESIA"},"content":{"rendered":"<p>El Magisterio de la Iglesia o Enchiridion Symbolorum recoge las confesiones de fe, las decisiones conciliares, los decretos de s\u00ednodos y las enc\u00edclicas del Magisterio eclesi\u00e1stico. La versi\u00f3n original latina, preparada por el doctor Denzinger y publicada por primera vez en 1854, ha sido reeditada a lo largo de m\u00e1s de un siglo en m\u00e1s de treinta ediciones sucesivas continuamente revisadas y enmendadas por especialistas. La 38\u00aa edici\u00f3n del &#8216;Denzinger&#8217;, actualizada por el profesor H\u00fcnermann de la Universidad de Tubinga, se caracteriza por hallarse completada por una selecci\u00f3n de textos del Magisterio tomados de los documentos oficiales del Concilio Vaticano II, de las enc\u00edclicas pontificias, las declaraciones de la CELAM y de los documentos de la \u00e9poca postconciliar hasta el a\u00f1o 1995. <br \/>La presente edici\u00f3n, conforme a la tradici\u00f3n de la obra, consta de dos partes: la primera comprende los credos o confesiones de fe de la Iglesia antigua; la segunda parte, los documentos del Magisterio eclesi\u00e1stico estructurados en orden cronol\u00f3gico y en relaci\u00f3n con los correspondientes pontificados de los obispos de Roma. El objetivo de esta nueva versi\u00f3n biling\u00fce es presentar el patrimonio dogm\u00e1tico de la Iglesia a trav\u00e9s de la traducci\u00f3n al castellano de los textos originales, redactados sobre todo en lat\u00edn y griego, pero tambi\u00e9n en alem\u00e1n, espa\u00f1ol, franc\u00e9s, ingl\u00e9s e italiano. <br \/>Para esta nueva edici\u00f3n se han refundido las introducciones hist\u00f3ricas y los ep\u00edgrafes, los t\u00edtulos de las columnas y las notas a pie de p\u00e1gina, los \u00edndices, las indicaciones de fuentes y las bibliograf\u00edas. El texto de los documentos ha sido reexaminado y enmendado con ayuda de ediciones cr\u00edticas. Asimismo se ha dedicado especial atenci\u00f3n a la revisi\u00f3n del \u00edndice sistem\u00e1tico, en virtud de los nuevos planteamientos teol\u00f3gicos del Concilio Vaticano II y de los documentos postconciliares.<br \/>Generaciones de te\u00f3logos han utilizado y vienen utilizando el &#8216;Denzinger&#8217; como instrumento de estudio y fuente de consulta de los textos que exponen las verdades dogm\u00e1ticas y las interpretaciones de la Iglesia.<\/p>\n","protected":false},"excerpt":{"rendered":"<p>DENZINGER, HEINRICH<\/p>\n","protected":false},"featured_media":330876,"template":"","meta":{"_acf_changed":false,"om_disable_all_campaigns":false,"rs_blank_template":"","rs_page_bg_color":"","slide_template_v7":"","inline_featured_image":false,"_monsterinsights_skip_tracking":false,"_monsterinsights_sitenote_active":false,"_monsterinsights_sitenote_note":"","_monsterinsights_sitenote_category":0},"product_brand":[],"product_cat":[277,415,283,511,275,413],"product_tag":[],"class_list":{"0":"post-8891","1":"product","2":"type-product","3":"status-publish","4":"has-post-thumbnail","6":"product_cat-dogmatica","7":"product_cat-dogmatica-teologia-1_espiritualidad","8":"product_cat-eclesiologia-teologia","9":"product_cat-eclesiologia-teologia-1_espiritualidad","10":"product_cat-fonamental","11":"product_cat-fundamental","13":"first","14":"outofstock","15":"taxable","16":"shipping-taxable","17":"purchasable","18":"product-type-simple"},"acf":{"editorial":[{"ID":6266,"post_author":"3","post_date":"2022-07-28 17:48:31","post_date_gmt":"2022-07-28 15:48:31","post_content":"","post_title":"HERDER","post_excerpt":"","post_status":"publish","comment_status":"closed","ping_status":"closed","post_password":"","post_name":"herder","to_ping":"","pinged":"","post_modified":"2022-07-28 17:48:31","post_modified_gmt":"2022-07-28 15:48:31","post_content_filtered":"","post_parent":0,"guid":"http:\/\/dev.claret.cat\/editorial\/herder\/","menu_order":0,"post_type":"editorial","post_mime_type":"","comment_count":"0","filter":"raw"}],"autores-libros":[{"ID":8341,"post_author":"3","post_date":"2022-09-30 09:47:51","post_date_gmt":"2022-09-30 07:47:51","post_content":"","post_title":"HEINRICH DENZINGER","post_excerpt":"","post_status":"publish","comment_status":"closed","ping_status":"closed","post_password":"","post_name":"heinrich-denzinger","to_ping":"","pinged":"","post_modified":"2022-09-30 09:47:51","post_modified_gmt":"2022-09-30 07:47:51","post_content_filtered":"","post_parent":0,"guid":"http:\/\/dev.claret.cat\/autor\/heinrich-denzinger\/","menu_order":0,"post_type":"autor","post_mime_type":"","comment_count":"0","filter":"raw"}],"autor":"DENZINGER, HEINRICH","codart":"842542087","libros-coleccion":"FORA DE COL.LECCI\u00d3","ediciones":"2","encuadernacion":"Carton\u00e9","fecha_de_publicacion":"31\/05\/2006","novedad":"0","paginas":"1632","subtitulo":"ENCHIRIDION SYMBOLORUM DEFINITIONUM ET DECLARATIONUM DE REBUS FIDEI ET MORUM","orden":"999","portada":"0","idioma":"spa","booktrailer":"","resenas":""},"aioseo_notices":[],"_links":{"self":[{"href":"https:\/\/www.claret.cat\/es\/wp-json\/wp\/v2\/product\/8891","targetHints":{"allow":["GET"]}}],"collection":[{"href":"https:\/\/www.claret.cat\/es\/wp-json\/wp\/v2\/product"}],"about":[{"href":"https:\/\/www.claret.cat\/es\/wp-json\/wp\/v2\/types\/product"}],"wp:featuredmedia":[{"embeddable":true,"href":"https:\/\/www.claret.cat\/es\/wp-json\/wp\/v2\/media\/330876"}],"wp:attachment":[{"href":"https:\/\/www.claret.cat\/es\/wp-json\/wp\/v2\/media?parent=8891"}],"wp:term":[{"taxonomy":"product_brand","embeddable":true,"href":"https:\/\/www.claret.cat\/es\/wp-json\/wp\/v2\/product_brand?post=8891"},{"taxonomy":"product_cat","embeddable":true,"href":"https:\/\/www.claret.cat\/es\/wp-json\/wp\/v2\/product_cat?post=8891"},{"taxonomy":"product_tag","embeddable":true,"href":"https:\/\/www.claret.cat\/es\/wp-json\/wp\/v2\/product_tag?post=8891"}],"curies":[{"name":"wp","href":"https:\/\/api.w.org\/{rel}","templated":true}]}}