{"id":88930,"date":"2022-10-11T18:23:33","date_gmt":"2022-10-11T16:23:33","guid":{"rendered":"http:\/\/dev.claret.cat\/producte\/eso-no-estaba-en-mi-libro-de-la-primera-guerra-mundial\/"},"modified":"2023-01-28T04:09:52","modified_gmt":"2023-01-28T03:09:52","slug":"eso-no-estaba-en-mi-libro-de-la-primera-guerra-mundial-9788417558048","status":"publish","type":"product","link":"https:\/\/www.claret.cat\/es\/libro\/eso-no-estaba-en-mi-libro-de-la-primera-guerra-mundial-9788417558048\/","title":{"rendered":"ESO NO ESTABA EN MI LIBRO DE LA PRIMERA GUERRA MUNDIAL"},"content":{"rendered":"<p>\u00bfSab\u00edas que los primeros aviones derribados en la Primera Guerra Mundial fueron abatidos a ladrillazos? \u00bfO que el compositor espa\u00f1ol Enrique Granados fue v\u00edctima de la guerra submarina declarada por los alemanes? A\u00fan m\u00e1s sorprendente resulta conocer los detalles que rodean la misteriosa desaparici\u00f3n sin dejar rastro de todo un batall\u00f3n brit\u00e1nico en Gal\u00edpoli o descubrir que los Estados Unidos estuvieron a punto de entrar en guerra con M\u00e9xico por culpa de un telegrama.<\/p>\n<p> La Primera Guerra Mundial, tambi\u00e9n conocida como la Gran Guerra, hace honor a su apelativo. De 1914 a 1918, el mundo se sobrecogi\u00f3 ante una contienda en la que se vieron implicadas las principales potencias de la \u00e9poca y en la que, por primera vez en la historia, no hubo l\u00edmites geogr\u00e1ficos para los campos de batalla. <br \/>     Cuando se ha cumplido el primer centenario de su final, el escritor Jos\u00e9 Luis Hern\u00e1ndez Garvi nos ofrece en las p\u00e1ginas de Eso no estaba en mi libro de la Primera Guerra Mundial un ensayo hist\u00f3rico, fruto de una exhaustiva investigaci\u00f3n, que nos ayudar\u00e1 a descubrir episodios poco conocidos de la contienda que se dijo que acabar\u00eda con todas las guerras. Con un estilo ameno y vibrante, que nos recuerda al de un relato de ficci\u00f3n, el autor nos traslada al drama vivido por los soldados en las trincheras, a las nubes entre las que vol\u00f3 el triplano del Bar\u00f3n Rojo, o a los oc\u00e9anos surcados por escurridizos submarinos y barcos corsarios, para narrarnos unos hechos sorprendentes de los que la mayor\u00eda de nosotros apenas hab\u00edamos o\u00eddo hablar.<\/p>\n","protected":false},"excerpt":{"rendered":"<p>HERN\u00c1NDEZ GARVI, JOS\u00c9 LUIS<\/p>\n","protected":false},"featured_media":88931,"template":"","meta":{"_acf_changed":false,"om_disable_all_campaigns":false,"rs_blank_template":"","rs_page_bg_color":"","slide_template_v7":"","inline_featured_image":false,"_monsterinsights_skip_tracking":false,"_monsterinsights_sitenote_active":false,"_monsterinsights_sitenote_note":"","_monsterinsights_sitenote_category":0},"product_brand":[],"product_cat":[151],"product_tag":[],"class_list":{"0":"post-88930","1":"product","2":"type-product","3":"status-publish","4":"has-post-thumbnail","6":"product_cat-contemporania","8":"first","9":"instock","10":"taxable","11":"shipping-taxable","12":"purchasable","13":"product-type-simple"},"acf":{"editorial":[{"ID":6120,"post_author":"3","post_date":"2022-07-28 17:45:19","post_date_gmt":"2022-07-28 15:45:19","post_content":"","post_title":"ALMUZARA","post_excerpt":"","post_status":"publish","comment_status":"closed","ping_status":"closed","post_password":"","post_name":"almuzara","to_ping":"","pinged":"","post_modified":"2022-07-28 17:45:19","post_modified_gmt":"2022-07-28 15:45:19","post_content_filtered":"","post_parent":0,"guid":"http:\/\/dev.claret.cat\/editorial\/almuzara\/","menu_order":0,"post_type":"editorial","post_mime_type":"","comment_count":"0","filter":"raw"}],"autor":"HERN\u00c1NDEZ GARVI, JOS\u00c9 LUIS","codart":"841755804","libros-coleccion":"Historia","ediciones":"1","encuadernacion":"R\u00fastica","fecha_de_publicacion":"01\/11\/2018","novedad":"1","paginas":"320","subtitulo":"","orden":"0","portada":"0","idioma":"spa","autores-libros":[{"ID":160335,"post_author":"3","post_date":"2022-10-14 15:52:14","post_date_gmt":"2022-10-14 13:52:14","post_content":"","post_title":"JOS\u00c9 LUIS HERN\u00c1NDEZ GARVI","post_excerpt":"","post_status":"publish","comment_status":"closed","ping_status":"closed","post_password":"","post_name":"jose-luis-hernandez-garvi","to_ping":"","pinged":"","post_modified":"2022-10-14 15:52:14","post_modified_gmt":"2022-10-14 13:52:14","post_content_filtered":"","post_parent":0,"guid":"http:\/\/dev.claret.cat\/autor\/jose-luis-hernandez-garvi\/","menu_order":0,"post_type":"autor","post_mime_type":"","comment_count":"0","filter":"raw"}]},"aioseo_notices":[],"_links":{"self":[{"href":"https:\/\/www.claret.cat\/es\/wp-json\/wp\/v2\/product\/88930","targetHints":{"allow":["GET"]}}],"collection":[{"href":"https:\/\/www.claret.cat\/es\/wp-json\/wp\/v2\/product"}],"about":[{"href":"https:\/\/www.claret.cat\/es\/wp-json\/wp\/v2\/types\/product"}],"wp:featuredmedia":[{"embeddable":true,"href":"https:\/\/www.claret.cat\/es\/wp-json\/wp\/v2\/media\/88931"}],"wp:attachment":[{"href":"https:\/\/www.claret.cat\/es\/wp-json\/wp\/v2\/media?parent=88930"}],"wp:term":[{"taxonomy":"product_brand","embeddable":true,"href":"https:\/\/www.claret.cat\/es\/wp-json\/wp\/v2\/product_brand?post=88930"},{"taxonomy":"product_cat","embeddable":true,"href":"https:\/\/www.claret.cat\/es\/wp-json\/wp\/v2\/product_cat?post=88930"},{"taxonomy":"product_tag","embeddable":true,"href":"https:\/\/www.claret.cat\/es\/wp-json\/wp\/v2\/product_tag?post=88930"}],"curies":[{"name":"wp","href":"https:\/\/api.w.org\/{rel}","templated":true}]}}