{"id":88960,"date":"2022-10-11T18:23:57","date_gmt":"2022-10-11T16:23:57","guid":{"rendered":"http:\/\/dev.claret.cat\/producte\/tu-dieta-puede-salvar-el-planeta\/"},"modified":"2023-01-28T22:09:46","modified_gmt":"2023-01-28T21:09:46","slug":"tu-dieta-puede-salvar-el-planeta-9788449338205","status":"publish","type":"product","link":"https:\/\/www.claret.cat\/es\/libro\/tu-dieta-puede-salvar-el-planeta-9788449338205\/","title":{"rendered":"TU DIETA PUEDE SALVAR EL PLANETA"},"content":{"rendered":"<p>\u00bfNos estamos cargando el planeta con nuestra alimentaci\u00f3n?<br \/> Seg\u00fan el nutricionista Aitor S\u00e1nchez la respuesta es s\u00ed. En el mundo actual, un acto tan rutinario como hacer la compra puede condenar o salvar nuestro planeta. Est\u00e1 en nuestras manos tomar conciencia de ello y decidir de forma m\u00e1s responsable con el medioambiente y el resto del planeta.<br \/> En este libro, Aitor S\u00e1nchez reflexiona sobre c\u00f3mo hemos llegado a esta situaci\u00f3n de alto impacto medioambiental y analiza cada uno de los factores que nos han conducido hasta ello. La huella de carbono generada por los kil\u00f3metros que recorren nuestros alimentos, el coste de la producci\u00f3n alimentaria, los modelos de explotaci\u00f3n animal, el coste social de los alimentos malsanos o la repercusi\u00f3n de los envases de pl\u00e1stico son algunos de los temas que aborda el autor en este libro donde ofrece, adem\u00e1s, alternativas espec\u00edficas para promover el cambio hacia un consumo responsable.<br \/> Tu dieta puede salvar el planeta nos muestra c\u00f3mo la nutrici\u00f3n y la salud se relacionan con cada uno de los elementos que hemos visto anteriormente y concluye que la salida a este reto de salud y sostenibilidad es la misma; porque la alimentaci\u00f3n saludable debe ser tambi\u00e9n una alimentaci\u00f3n sostenible.<\/p>\n","protected":false},"excerpt":{"rendered":"<p>S\u00c1NCHEZ GARC\u00cdA, AITOR<\/p>\n","protected":false},"featured_media":88961,"template":"","meta":{"_acf_changed":false,"om_disable_all_campaigns":false,"rs_blank_template":"","rs_page_bg_color":"","slide_template_v7":"","inline_featured_image":false,"_monsterinsights_skip_tracking":false,"_monsterinsights_sitenote_active":false,"_monsterinsights_sitenote_note":"","_monsterinsights_sitenote_category":0},"product_brand":[],"product_cat":[90],"product_tag":[],"class_list":{"0":"post-88960","1":"product","2":"type-product","3":"status-publish","4":"has-post-thumbnail","6":"product_cat-altres","8":"first","9":"instock","10":"taxable","11":"shipping-taxable","12":"purchasable","13":"product-type-simple"},"acf":{"editorial":[{"ID":6206,"post_author":"3","post_date":"2022-07-28 17:47:08","post_date_gmt":"2022-07-28 15:47:08","post_content":"","post_title":"Ediciones Paid\u00f3s","post_excerpt":"","post_status":"publish","comment_status":"closed","ping_status":"closed","post_password":"","post_name":"ediciones-paidos","to_ping":"","pinged":"","post_modified":"2022-07-28 17:47:08","post_modified_gmt":"2022-07-28 15:47:08","post_content_filtered":"","post_parent":0,"guid":"http:\/\/dev.claret.cat\/editorial\/ediciones-paidos\/","menu_order":0,"post_type":"editorial","post_mime_type":"","comment_count":"0","filter":"raw"}],"autor":"S\u00c1NCHEZ GARC\u00cdA, AITOR","codart":"844933820","libros-coleccion":"Divulgaci\u00f3n","ediciones":"1","encuadernacion":"R\u00fastica","fecha_de_publicacion":"01\/05\/2021","novedad":"1","paginas":"277","subtitulo":"POR UNA ALIMENTACI\u00d3N SANA Y SOSTENIBLE","orden":"0","portada":"0","idioma":"spa","autores-libros":[{"ID":149307,"post_author":"3","post_date":"2022-10-14 14:23:49","post_date_gmt":"2022-10-14 12:23:49","post_content":"","post_title":"AITOR S\u00c1NCHEZ GARC\u00cdA","post_excerpt":"","post_status":"publish","comment_status":"closed","ping_status":"closed","post_password":"","post_name":"aitor-sanchez-garcia","to_ping":"","pinged":"","post_modified":"2022-10-14 14:23:49","post_modified_gmt":"2022-10-14 12:23:49","post_content_filtered":"","post_parent":0,"guid":"http:\/\/dev.claret.cat\/autor\/aitor-sanchez-garcia\/","menu_order":0,"post_type":"autor","post_mime_type":"","comment_count":"0","filter":"raw"}]},"aioseo_notices":[],"_links":{"self":[{"href":"https:\/\/www.claret.cat\/es\/wp-json\/wp\/v2\/product\/88960","targetHints":{"allow":["GET"]}}],"collection":[{"href":"https:\/\/www.claret.cat\/es\/wp-json\/wp\/v2\/product"}],"about":[{"href":"https:\/\/www.claret.cat\/es\/wp-json\/wp\/v2\/types\/product"}],"wp:featuredmedia":[{"embeddable":true,"href":"https:\/\/www.claret.cat\/es\/wp-json\/wp\/v2\/media\/88961"}],"wp:attachment":[{"href":"https:\/\/www.claret.cat\/es\/wp-json\/wp\/v2\/media?parent=88960"}],"wp:term":[{"taxonomy":"product_brand","embeddable":true,"href":"https:\/\/www.claret.cat\/es\/wp-json\/wp\/v2\/product_brand?post=88960"},{"taxonomy":"product_cat","embeddable":true,"href":"https:\/\/www.claret.cat\/es\/wp-json\/wp\/v2\/product_cat?post=88960"},{"taxonomy":"product_tag","embeddable":true,"href":"https:\/\/www.claret.cat\/es\/wp-json\/wp\/v2\/product_tag?post=88960"}],"curies":[{"name":"wp","href":"https:\/\/api.w.org\/{rel}","templated":true}]}}