{"id":88990,"date":"2022-10-11T18:24:22","date_gmt":"2022-10-11T16:24:22","guid":{"rendered":"http:\/\/dev.claret.cat\/producte\/golpe-de-efecto-bolsillo\/"},"modified":"2025-02-04T17:52:44","modified_gmt":"2025-02-04T16:52:44","slug":"golpe-de-efecto-bolsillo-9788491873501","status":"publish","type":"product","link":"https:\/\/www.claret.cat\/es\/libro\/golpe-de-efecto-bolsillo-9788491873501\/","title":{"rendered":"GOLPE DE EFECTO (BOLSILLO)"},"content":{"rendered":"<p>MYRON BOLITAR NUNCA SE RINDE, AUNQUE TODO EST\u00c9 EN SU CONTRA.Durante la celebraci\u00f3n del Open estadounidense, la tenista Vallerie Simpson es asesinada en medio de la multitud. La joven quer\u00eda relanzar su carrera profesional con la ayuda del agente deportivo Myron Bolitar, pero alguien ha acabado con ella. Aunque Bolitar est\u00e1 bastante ocupado representando otro tenista prometedor llamado Duane Richwood, decide averiguar qui\u00e9n deseaba ver muerta a Valerie. Una tragedia de tal calibre no puede quedar enterrada bajo una capa de mentiras.<\/p>\n","protected":false},"excerpt":{"rendered":"<p>COBEN HARLAN<\/p>\n","protected":false},"featured_media":88991,"template":"","meta":{"_acf_changed":false,"om_disable_all_campaigns":false,"rs_blank_template":"","rs_page_bg_color":"","slide_template_v7":"","inline_featured_image":false,"_monsterinsights_skip_tracking":false,"_monsterinsights_sitenote_active":false,"_monsterinsights_sitenote_note":"","_monsterinsights_sitenote_category":0},"product_brand":[],"product_cat":[127,357],"product_tag":[],"class_list":{"0":"post-88990","1":"product","2":"type-product","3":"status-publish","4":"has-post-thumbnail","6":"product_cat-novella-contemporania","7":"product_cat-novela-contemporanea","9":"first","10":"instock","11":"taxable","12":"shipping-taxable","13":"purchasable","14":"product-type-simple"},"acf":{"editorial":[{"ID":148737,"post_author":"3","post_date":"2022-10-14 12:00:35","post_date_gmt":"2022-10-14 10:00:35","post_content":"","post_title":"RBA Libros","post_excerpt":"","post_status":"publish","comment_status":"closed","ping_status":"closed","post_password":"","post_name":"rba-libros","to_ping":"","pinged":"","post_modified":"2022-10-14 12:00:35","post_modified_gmt":"2022-10-14 10:00:35","post_content_filtered":"","post_parent":0,"guid":"http:\/\/dev.claret.cat\/editorial\/rba-libros\/","menu_order":0,"post_type":"editorial","post_mime_type":"","comment_count":"0","filter":"raw"}],"autor":"COBEN HARLAN","codart":"849187350","libros-coleccion":"Ficci\u00f3n","ediciones":"1","encuadernacion":"R\u00fastica","fecha_de_publicacion":"01\/05\/2021","novedad":"1","paginas":"402","subtitulo":"","orden":"0","portada":"0","idioma":"spa","autores-libros":[{"ID":153143,"post_author":"3","post_date":"2022-10-14 14:54:25","post_date_gmt":"2022-10-14 12:54:25","post_content":"","post_title":"COBEN HARLAN","post_excerpt":"","post_status":"publish","comment_status":"closed","ping_status":"closed","post_password":"","post_name":"coben-harlan","to_ping":"","pinged":"","post_modified":"2022-10-14 14:54:25","post_modified_gmt":"2022-10-14 12:54:25","post_content_filtered":"","post_parent":0,"guid":"http:\/\/dev.claret.cat\/autor\/coben-harlan\/","menu_order":0,"post_type":"autor","post_mime_type":"","comment_count":"0","filter":"raw"}]},"aioseo_notices":[],"_links":{"self":[{"href":"https:\/\/www.claret.cat\/es\/wp-json\/wp\/v2\/product\/88990","targetHints":{"allow":["GET"]}}],"collection":[{"href":"https:\/\/www.claret.cat\/es\/wp-json\/wp\/v2\/product"}],"about":[{"href":"https:\/\/www.claret.cat\/es\/wp-json\/wp\/v2\/types\/product"}],"wp:featuredmedia":[{"embeddable":true,"href":"https:\/\/www.claret.cat\/es\/wp-json\/wp\/v2\/media\/88991"}],"wp:attachment":[{"href":"https:\/\/www.claret.cat\/es\/wp-json\/wp\/v2\/media?parent=88990"}],"wp:term":[{"taxonomy":"product_brand","embeddable":true,"href":"https:\/\/www.claret.cat\/es\/wp-json\/wp\/v2\/product_brand?post=88990"},{"taxonomy":"product_cat","embeddable":true,"href":"https:\/\/www.claret.cat\/es\/wp-json\/wp\/v2\/product_cat?post=88990"},{"taxonomy":"product_tag","embeddable":true,"href":"https:\/\/www.claret.cat\/es\/wp-json\/wp\/v2\/product_tag?post=88990"}],"curies":[{"name":"wp","href":"https:\/\/api.w.org\/{rel}","templated":true}]}}