{"id":8900,"date":"2022-09-30T12:23:05","date_gmt":"2022-09-30T10:23:05","guid":{"rendered":"http:\/\/dev.claret.cat\/producte\/asi-en-la-tierra\/"},"modified":"2024-05-02T05:27:09","modified_gmt":"2024-05-02T03:27:09","slug":"asi-en-la-tierra-9788428838887","status":"publish","type":"product","link":"https:\/\/www.claret.cat\/es\/libro\/asi-en-la-tierra-9788428838887\/","title":{"rendered":"AS\u00cd EN LA TIERRA"},"content":{"rendered":"<p>En el atardecer de su vida, en esa etapa final de duraci\u00f3n incierta en la que las inquietudes profesionales y pol\u00edticas y las ilusiones de alcanzar objetivos personales dejan paso franco a la reflexi\u00f3n individual, Manuel ha escrito un libro de esos que no son f\u00e1ciles de encontrar.As\u00ed en la tierra refleja la felicidad que nos brinda nuestro Dios, Padre bueno, y que quiere transmitir a aquellos que no la conocen pero que desean disfrutar de esa alegr\u00eda en sus vidas. Son las palabras del Padrenuestro que nos invitan a que nuestros d\u00edas sean &#8216;como en los cielos&#8217;. [&#8230;]El libro, al adentrarnos en ese Dios que nos abraza, resultaser una apasionada historia de felicidad, esa de la que no esf\u00e1cil hablar y que se basa en la alegr\u00eda de saber que \u00c9l est\u00e1 y vive en nosotros.<\/p>\n","protected":false},"excerpt":{"rendered":"<p>MEDINA, MANUEL<\/p>\n","protected":false},"featured_media":338451,"template":"","meta":{"_acf_changed":false,"om_disable_all_campaigns":false,"rs_blank_template":"","rs_page_bg_color":"","slide_template_v7":"","inline_featured_image":false,"_monsterinsights_skip_tracking":false,"_monsterinsights_sitenote_active":false,"_monsterinsights_sitenote_note":"","_monsterinsights_sitenote_category":0},"product_brand":[],"product_cat":[278,508],"product_tag":[],"class_list":{"0":"post-8900","1":"product","2":"type-product","3":"status-publish","4":"has-post-thumbnail","6":"product_cat-misteri-de-deu","7":"product_cat-misterio-de-dios","9":"first","10":"instock","11":"taxable","12":"shipping-taxable","13":"purchasable","14":"product-type-simple"},"acf":{"editorial":[{"ID":6335,"post_author":"3","post_date":"2022-07-28 17:49:59","post_date_gmt":"2022-07-28 15:49:59","post_content":"","post_title":"PPC altres","post_excerpt":"","post_status":"publish","comment_status":"closed","ping_status":"closed","post_password":"","post_name":"ppc-altres","to_ping":"","pinged":"","post_modified":"2022-07-28 17:49:59","post_modified_gmt":"2022-07-28 15:49:59","post_content_filtered":"","post_parent":0,"guid":"http:\/\/dev.claret.cat\/editorial\/ppc-altres\/","menu_order":0,"post_type":"editorial","post_mime_type":"","comment_count":"0","filter":"raw"}],"autores-libros":[{"ID":5779,"post_author":"3","post_date":"2022-07-28 17:31:17","post_date_gmt":"2022-07-28 15:31:17","post_content":"","post_title":"MANUEL MEDINA","post_excerpt":"","post_status":"publish","comment_status":"closed","ping_status":"closed","post_password":"","post_name":"manuel-medina","to_ping":"","pinged":"","post_modified":"2022-07-28 17:31:17","post_modified_gmt":"2022-07-28 15:31:17","post_content_filtered":"","post_parent":0,"guid":"http:\/\/dev.claret.cat\/autor\/manuel-medina\/","menu_order":0,"post_type":"autor","post_mime_type":"","comment_count":"0","filter":"raw"}],"autor":"MEDINA, MANUEL","codart":"842883888","libros-coleccion":"Manuales de Oraci\u00f3n","ediciones":"1","encuadernacion":"R\u00fastica","fecha_de_publicacion":"14\/06\/2022","novedad":"1","paginas":"272","subtitulo":"","orden":"0","portada":"0","idioma":"spa"},"aioseo_notices":[],"_links":{"self":[{"href":"https:\/\/www.claret.cat\/es\/wp-json\/wp\/v2\/product\/8900","targetHints":{"allow":["GET"]}}],"collection":[{"href":"https:\/\/www.claret.cat\/es\/wp-json\/wp\/v2\/product"}],"about":[{"href":"https:\/\/www.claret.cat\/es\/wp-json\/wp\/v2\/types\/product"}],"wp:featuredmedia":[{"embeddable":true,"href":"https:\/\/www.claret.cat\/es\/wp-json\/wp\/v2\/media\/338451"}],"wp:attachment":[{"href":"https:\/\/www.claret.cat\/es\/wp-json\/wp\/v2\/media?parent=8900"}],"wp:term":[{"taxonomy":"product_brand","embeddable":true,"href":"https:\/\/www.claret.cat\/es\/wp-json\/wp\/v2\/product_brand?post=8900"},{"taxonomy":"product_cat","embeddable":true,"href":"https:\/\/www.claret.cat\/es\/wp-json\/wp\/v2\/product_cat?post=8900"},{"taxonomy":"product_tag","embeddable":true,"href":"https:\/\/www.claret.cat\/es\/wp-json\/wp\/v2\/product_tag?post=8900"}],"curies":[{"name":"wp","href":"https:\/\/api.w.org\/{rel}","templated":true}]}}