{"id":89026,"date":"2022-10-11T18:24:51","date_gmt":"2022-10-11T16:24:51","guid":{"rendered":"http:\/\/dev.claret.cat\/producte\/problemes-de-genere\/"},"modified":"2023-01-28T07:18:04","modified_gmt":"2023-01-28T06:18:04","slug":"problemes-de-genere-9788418197505","status":"publish","type":"product","link":"https:\/\/www.claret.cat\/es\/libro\/problemes-de-genere-9788418197505\/","title":{"rendered":"PROBLEMES DE G\u00c8NERE"},"content":{"rendered":"<p>UNA OBRA CAPITAL, UNA REFER\u00c8NCIA INELUDIBLE PER AL MOVIMENT FEMINISTA  Tot va comen\u00e7ar amb _Problemes de g\u00e8nere_, que ha esdevingut una obra capital per al moviment feminista. Amb aquest llibre Judith Butler, alhora brillant intel\u00b7lectual i activista militant, funda els estudis queer i marca el cam\u00ed a tots els pensadors que posteriorment han fet estudis sobre el g\u00e8nere. Poques obres de pensament han estat tan llegides, seguides i debatudes com aquesta en els darrers cinquanta anys. Butler hi critica la idea essencialista segons la qual les identitats de g\u00e8nere s\u00f3n immutables i estan arrelades en el cos, en la naturalesa o en una heterosexualitat normativa. Afirma que conceptes com    o    no estan fixats biol\u00f2gicament sin\u00f3 preestablerts culturalment. El g\u00e8nere, per tant, no prov\u00e9 d&#8217;una realitat pr\u00e8via sin\u00f3 que \u00e9s el resultat d&#8217;una influ\u00e8ncia social reiterada. Dialogant amb autors com Lacan, Freud, De Beauvoir o Foucault, i incorporant postulats avan\u00e7ats de l&#8217;antropologia, la psicologia o la filosofia, les idees recollides a Problemes de g\u00e8nere continuen sorprenent per la seva originalitat i la seva voluntat subversiva.<\/p>\n","protected":false},"excerpt":{"rendered":"<p>BUTLER, JUDITH<\/p>\n","protected":false},"featured_media":318305,"template":"","meta":{"_acf_changed":false,"om_disable_all_campaigns":false,"rs_blank_template":"","rs_page_bg_color":"","slide_template_v7":"","inline_featured_image":false,"_monsterinsights_skip_tracking":false,"_monsterinsights_sitenote_active":false,"_monsterinsights_sitenote_note":"","_monsterinsights_sitenote_category":0},"product_brand":[],"product_cat":[376,178],"product_tag":[],"class_list":{"0":"post-89026","1":"product","2":"type-product","3":"status-publish","4":"has-post-thumbnail","6":"product_cat-autores-psicologia-2_humanidades","7":"product_cat-autors-psicologia","9":"first","10":"instock","11":"taxable","12":"shipping-taxable","13":"purchasable","14":"product-type-simple"},"acf":{"editorial":[{"ID":6122,"post_author":"3","post_date":"2022-07-28 17:45:22","post_date_gmt":"2022-07-28 15:45:22","post_content":"","post_title":"ANGLE EDITORIAL","post_excerpt":"","post_status":"publish","comment_status":"closed","ping_status":"closed","post_password":"","post_name":"angle-editorial","to_ping":"","pinged":"","post_modified":"2022-07-28 17:45:22","post_modified_gmt":"2022-07-28 15:45:22","post_content_filtered":"","post_parent":0,"guid":"http:\/\/dev.claret.cat\/editorial\/angle-editorial\/","menu_order":0,"post_type":"editorial","post_mime_type":"","comment_count":"0","filter":"raw"}],"autor":"BUTLER, JUDITH","codart":"841819750","libros-coleccion":"FORA DE COL.LECCI\u00d3","ediciones":"1","encuadernacion":"R\u00fastica","fecha_de_publicacion":"01\/05\/2021","novedad":"1","paginas":"336","subtitulo":"EL FEMINISME I LA SUBVERSI\u00d3 DE LA IDENTITAT","orden":"0","portada":"0","idioma":"cat","autores-libros":[{"ID":161213,"post_author":"3","post_date":"2022-10-14 17:16:24","post_date_gmt":"2022-10-14 15:16:24","post_content":"","post_title":"JUDITH BUTLER","post_excerpt":"","post_status":"publish","comment_status":"closed","ping_status":"closed","post_password":"","post_name":"judith-butler","to_ping":"","pinged":"","post_modified":"2022-10-14 17:16:24","post_modified_gmt":"2022-10-14 15:16:24","post_content_filtered":"","post_parent":0,"guid":"http:\/\/dev.claret.cat\/autor\/judith-butler\/","menu_order":0,"post_type":"autor","post_mime_type":"","comment_count":"0","filter":"raw"}]},"aioseo_notices":[],"_links":{"self":[{"href":"https:\/\/www.claret.cat\/es\/wp-json\/wp\/v2\/product\/89026","targetHints":{"allow":["GET"]}}],"collection":[{"href":"https:\/\/www.claret.cat\/es\/wp-json\/wp\/v2\/product"}],"about":[{"href":"https:\/\/www.claret.cat\/es\/wp-json\/wp\/v2\/types\/product"}],"wp:featuredmedia":[{"embeddable":true,"href":"https:\/\/www.claret.cat\/es\/wp-json\/wp\/v2\/media\/318305"}],"wp:attachment":[{"href":"https:\/\/www.claret.cat\/es\/wp-json\/wp\/v2\/media?parent=89026"}],"wp:term":[{"taxonomy":"product_brand","embeddable":true,"href":"https:\/\/www.claret.cat\/es\/wp-json\/wp\/v2\/product_brand?post=89026"},{"taxonomy":"product_cat","embeddable":true,"href":"https:\/\/www.claret.cat\/es\/wp-json\/wp\/v2\/product_cat?post=89026"},{"taxonomy":"product_tag","embeddable":true,"href":"https:\/\/www.claret.cat\/es\/wp-json\/wp\/v2\/product_tag?post=89026"}],"curies":[{"name":"wp","href":"https:\/\/api.w.org\/{rel}","templated":true}]}}