{"id":89074,"date":"2022-10-11T18:25:32","date_gmt":"2022-10-11T16:25:32","guid":{"rendered":"http:\/\/dev.claret.cat\/producte\/madre-mediadora-maestra\/"},"modified":"2026-01-19T11:57:55","modified_gmt":"2026-01-19T10:57:55","slug":"madre-mediadora-maestra-9788431336196","status":"publish","type":"product","link":"https:\/\/www.claret.cat\/es\/libro\/madre-mediadora-maestra-9788431336196\/","title":{"rendered":"MADRE, MEDIADORA, MAESTRA"},"content":{"rendered":"<p>La Iglesia contempor\u00e1nea (como la de siempre) est\u00e1 avocada en todo el \u00e1mbito de su tarea a progresar en el conocimiento y en la difusi\u00f3n del misterio de la Madre de Cristo y de los hombres. Y dentro de la Iglesia, en particular, la teolog\u00eda. Es un requerimiento central en cualquier etapa de la historia con sus caracter\u00edsticas propias, y por eso tambi\u00e9n del momento presente, marcado por cierta debilitaci\u00f3n del testimonio personal y social de los cristianos. El siglo XXI ha de ser, si es mariano, un tiempo no de debilitaci\u00f3n sino de reforzamiento de la siembra y de la cosecha cristianas. No hay en realidad otro camino m\u00e1s congruente y mejor. La finalidad de este libro est\u00e1 orientada en esa direcci\u00f3n. Su argumento de fondo, aunque abordado por v\u00edas distintas, es siempre el mismo: la reflexi\u00f3n teol\u00f3gica sobre la maternidad espiritual de Mar\u00eda y, por consiguiente, sobre su inalterable funci\u00f3n de mediaci\u00f3n en la econom\u00eda salv\u00edfica (econom\u00eda de la filiaci\u00f3n divina adoptiva), que le ha sido consignada por su Hijo.<\/p>\n","protected":false},"excerpt":{"rendered":"<p>ARANDA LOME\u00d1A, ANTONIO<\/p>\n","protected":false},"featured_media":89075,"template":"","meta":{"_acf_changed":false,"om_disable_all_campaigns":false,"rs_blank_template":"","rs_page_bg_color":"","slide_template_v7":"","inline_featured_image":false,"_monsterinsights_skip_tracking":false,"_monsterinsights_sitenote_active":false,"_monsterinsights_sitenote_note":"","_monsterinsights_sitenote_category":0},"product_brand":[],"product_cat":[235,393],"product_tag":[],"class_list":{"0":"post-89074","1":"product","2":"type-product","3":"status-publish","4":"has-post-thumbnail","6":"product_cat-mariana","7":"product_cat-mariana-espiritualidad-1_espiritualidad","9":"first","10":"instock","11":"taxable","12":"shipping-taxable","13":"purchasable","14":"product-type-simple"},"acf":{"editorial":[{"ID":6251,"post_author":"3","post_date":"2022-07-28 17:48:11","post_date_gmt":"2022-07-28 15:48:11","post_content":"","post_title":"EUNSA. EDICIONES UNIVERSIDAD DE NAVARRA","post_excerpt":"","post_status":"publish","comment_status":"closed","ping_status":"closed","post_password":"","post_name":"eunsa-ediciones-universidad-de-navarra","to_ping":"","pinged":"","post_modified":"2022-07-28 17:48:11","post_modified_gmt":"2022-07-28 15:48:11","post_content_filtered":"","post_parent":0,"guid":"http:\/\/dev.claret.cat\/editorial\/eunsa-ediciones-universidad-de-navarra\/","menu_order":0,"post_type":"editorial","post_mime_type":"","comment_count":"0","filter":"raw"}],"autor":"ARANDA LOME\u00d1A, ANTONIO","codart":"843133619","libros-coleccion":"Astrolabio Religi\u00f3n","ediciones":"1","encuadernacion":"R\u00fastica","fecha_de_publicacion":"01\/05\/2021","novedad":"1","paginas":"400","subtitulo":"ESCRITOS DE MARIOLOG\u00cdA","orden":"0","portada":"0","idioma":"spa","autores-libros":[{"ID":150879,"post_author":"3","post_date":"2022-10-14 14:36:27","post_date_gmt":"2022-10-14 12:36:27","post_content":"","post_title":"ANTONIO ARANDA LOME\u00d1A","post_excerpt":"","post_status":"publish","comment_status":"closed","ping_status":"closed","post_password":"","post_name":"antonio-aranda-lomena","to_ping":"","pinged":"","post_modified":"2022-10-14 14:36:27","post_modified_gmt":"2022-10-14 12:36:27","post_content_filtered":"","post_parent":0,"guid":"http:\/\/dev.claret.cat\/autor\/antonio-aranda-lomena\/","menu_order":0,"post_type":"autor","post_mime_type":"","comment_count":"0","filter":"raw"}],"booktrailer":"","resenas":""},"aioseo_notices":[],"_links":{"self":[{"href":"https:\/\/www.claret.cat\/es\/wp-json\/wp\/v2\/product\/89074","targetHints":{"allow":["GET"]}}],"collection":[{"href":"https:\/\/www.claret.cat\/es\/wp-json\/wp\/v2\/product"}],"about":[{"href":"https:\/\/www.claret.cat\/es\/wp-json\/wp\/v2\/types\/product"}],"wp:featuredmedia":[{"embeddable":true,"href":"https:\/\/www.claret.cat\/es\/wp-json\/wp\/v2\/media\/89075"}],"wp:attachment":[{"href":"https:\/\/www.claret.cat\/es\/wp-json\/wp\/v2\/media?parent=89074"}],"wp:term":[{"taxonomy":"product_brand","embeddable":true,"href":"https:\/\/www.claret.cat\/es\/wp-json\/wp\/v2\/product_brand?post=89074"},{"taxonomy":"product_cat","embeddable":true,"href":"https:\/\/www.claret.cat\/es\/wp-json\/wp\/v2\/product_cat?post=89074"},{"taxonomy":"product_tag","embeddable":true,"href":"https:\/\/www.claret.cat\/es\/wp-json\/wp\/v2\/product_tag?post=89074"}],"curies":[{"name":"wp","href":"https:\/\/api.w.org\/{rel}","templated":true}]}}