{"id":8909,"date":"2022-09-30T12:23:14","date_gmt":"2022-09-30T10:23:14","guid":{"rendered":"http:\/\/dev.claret.cat\/producte\/la-transfiguracion-de-la-belleza\/"},"modified":"2024-05-24T06:22:13","modified_gmt":"2024-05-24T04:22:13","slug":"la-transfiguracion-de-la-belleza-9788430120833","status":"publish","type":"product","link":"https:\/\/www.claret.cat\/es\/libro\/la-transfiguracion-de-la-belleza-9788430120833\/","title":{"rendered":"LA TRANSFIGURACI\u00d3N DE LA BELLEZA"},"content":{"rendered":"<p>Durante la \u00faltima d\u00e9cada del siglo XIX, Soloviov se concentr\u00f3 en reformular y organizar su sistema filos\u00f3fico a partir de los trascendentales del ser: la verdad, el bien y la belleza. As\u00ed, tras las extraordinarias lecciones sobre filosof\u00eda de la religi\u00f3n que integran su &#8216;Teohumanidad&#8217;, en 1897 public\u00f3 &#8216;La justificaci\u00f3n del bien&#8217; y comenz\u00f3 a elaborar su metaf\u00edsica y su teor\u00eda del conocimiento en la inacabada &#8216;Filosof\u00eda te\u00f3rica&#8217; (1897-1899). Por aquellos a\u00f1os, Soloviov apuntaba en sus cartas la intenci\u00f3n de editar una obra sobre est\u00e9tica, pero nunca se ha encontrado el manuscrito. La presente edici\u00f3n pretende completar este vac\u00edo.<br \/> La belleza es el fin al que aspira y tiende el universo. No se trata, por tanto, de un mero objeto de contemplaci\u00f3n, sino de una fuerza creadora y vital, capaz de actuar sobre el mundo y transformarlo. El artista debe continuar la tarea iniciada por la naturaleza.<br \/> Ahora bien, si pretende participar en la belleza del mundo, el artista debe comenzar transform\u00e1ndose a s\u00ed mismo interiormente y vencer la tentaci\u00f3n de su voluntad ego\u00edsta, que construye un mundo a su medida. Solo entonces podr\u00e1 recuperar el entusiasmo que nace de la acogida del amor que viene de lo alto.<br \/> Vlad\u00edmir Soloviov (Mosc\u00fa 1853-1900) fue un destacado fil\u00f3sofo, poeta y cr\u00edtico literario del Siglo de Plata ruso. Mantuvo una estrecha amistad con Dostoievski e influy\u00f3 en los principales movimientos culturales del primer tercio del siglo XX.<\/p>\n","protected":false},"excerpt":{"rendered":"<p>SOLOVIOV, VLAD\u00cdMIR<\/p>\n","protected":false},"featured_media":342353,"template":"","meta":{"_acf_changed":false,"om_disable_all_campaigns":false,"rs_blank_template":"","rs_page_bg_color":"","slide_template_v7":"","inline_featured_image":false,"_monsterinsights_skip_tracking":false,"_monsterinsights_sitenote_active":false,"_monsterinsights_sitenote_note":"","_monsterinsights_sitenote_category":0},"product_brand":[],"product_cat":[172,443],"product_tag":[],"class_list":{"0":"post-8909","1":"product","2":"type-product","3":"status-publish","4":"has-post-thumbnail","6":"product_cat-estetica","7":"product_cat-estetica-filosofia-2_humanidades","9":"first","10":"instock","11":"taxable","12":"shipping-taxable","13":"purchasable","14":"product-type-simple"},"acf":{"editorial":[{"ID":6364,"post_author":"3","post_date":"2022-07-28 17:50:36","post_date_gmt":"2022-07-28 15:50:36","post_content":"","post_title":"S\u00edgueme","post_excerpt":"","post_status":"publish","comment_status":"closed","ping_status":"closed","post_password":"","post_name":"sigueme","to_ping":"","pinged":"","post_modified":"2022-07-28 17:50:36","post_modified_gmt":"2022-07-28 15:50:36","post_content_filtered":"","post_parent":0,"guid":"http:\/\/dev.claret.cat\/editorial\/sigueme\/","menu_order":0,"post_type":"editorial","post_mime_type":"","comment_count":"0","filter":"raw"}],"autores-libros":[{"ID":6083,"post_author":"3","post_date":"2022-07-28 17:37:46","post_date_gmt":"2022-07-28 15:37:46","post_content":"","post_title":"VLAD\u00cdMIR SOLOVIOV","post_excerpt":"","post_status":"publish","comment_status":"closed","ping_status":"closed","post_password":"","post_name":"vladimir-soloviov","to_ping":"","pinged":"","post_modified":"2022-07-28 17:37:46","post_modified_gmt":"2022-07-28 15:37:46","post_content_filtered":"","post_parent":0,"guid":"http:\/\/dev.claret.cat\/autor\/vladimir-soloviov\/","menu_order":0,"post_type":"autor","post_mime_type":"","comment_count":"0","filter":"raw"}],"autor":"SOLOVIOV, VLAD\u00cdMIR","codart":"843012083","libros-coleccion":"Hermeneia","ediciones":"1","encuadernacion":"R\u00fastica","fecha_de_publicacion":"19\/04\/2021","novedad":"1","paginas":"368","subtitulo":"ESCRITOS DE EST\u00c9TICA","orden":"0","portada":"0","idioma":"spa"},"aioseo_notices":[],"_links":{"self":[{"href":"https:\/\/www.claret.cat\/es\/wp-json\/wp\/v2\/product\/8909","targetHints":{"allow":["GET"]}}],"collection":[{"href":"https:\/\/www.claret.cat\/es\/wp-json\/wp\/v2\/product"}],"about":[{"href":"https:\/\/www.claret.cat\/es\/wp-json\/wp\/v2\/types\/product"}],"wp:featuredmedia":[{"embeddable":true,"href":"https:\/\/www.claret.cat\/es\/wp-json\/wp\/v2\/media\/342353"}],"wp:attachment":[{"href":"https:\/\/www.claret.cat\/es\/wp-json\/wp\/v2\/media?parent=8909"}],"wp:term":[{"taxonomy":"product_brand","embeddable":true,"href":"https:\/\/www.claret.cat\/es\/wp-json\/wp\/v2\/product_brand?post=8909"},{"taxonomy":"product_cat","embeddable":true,"href":"https:\/\/www.claret.cat\/es\/wp-json\/wp\/v2\/product_cat?post=8909"},{"taxonomy":"product_tag","embeddable":true,"href":"https:\/\/www.claret.cat\/es\/wp-json\/wp\/v2\/product_tag?post=8909"}],"curies":[{"name":"wp","href":"https:\/\/api.w.org\/{rel}","templated":true}]}}