{"id":89137,"date":"2022-10-11T18:26:23","date_gmt":"2022-10-11T16:26:23","guid":{"rendered":"http:\/\/dev.claret.cat\/producte\/difon-la-idea\/"},"modified":"2023-01-28T16:08:46","modified_gmt":"2023-01-28T15:08:46","slug":"difon-la-idea-9788418580154","status":"publish","type":"product","link":"https:\/\/www.claret.cat\/es\/libro\/difon-la-idea-9788418580154\/","title":{"rendered":"DIFON LA IDEA!"},"content":{"rendered":"<p>Difon la idea \u00e9s un llibre sobre la hist\u00f2ria de l?&#8217;Esquerra Independentista dels Pa\u00efsos Catalans (1969-2019) a trav\u00e9s dels seus adhesius. La mem\u00f2ria gr\u00e0fica d&#8217;?un moviment pol\u00edtic divers i plural, des de la fundaci\u00f3 del PSAN (1968-1969) fins a la lluita antirepressiva despr\u00e9s de la r\u00e0tzia contra militants independentistes o les detencions arran de les protestes contra la sent\u00e8ncia dels presos pol\u00edtics (2019). Agrupats tem\u00e0ticament (Nacional, Social, Feminismes, Defensa del territori, Lluita, Cultura,   Joves, habitatge i drogues, Eleccions i institucions, i Bloc negre), el llibre reprodueix m\u00e9s de 1.000 adhesius (en el color original) de les diverses lluites en les que l?&#8217;Esquerra Independentista s&#8217;?ha vist abocada. A m\u00e9s, junt a l?&#8217;edici\u00f3 d?aquest llibre, s&#8217;?ha reimpr\u00e8s un lot amb les r\u00e8pliques d&#8217;?alguns dels adhesius m\u00e9s significatius.<\/p>\n","protected":false},"excerpt":{"rendered":"<p>PADR\u00d3, JORDI \/ PUIG, MART\u00cd \/ GARCIA, PEP<\/p>\n","protected":false},"featured_media":89138,"template":"","meta":{"_acf_changed":false,"om_disable_all_campaigns":false,"rs_blank_template":"","rs_page_bg_color":"","slide_template_v7":"","inline_featured_image":false,"_monsterinsights_skip_tracking":false,"_monsterinsights_sitenote_active":false,"_monsterinsights_sitenote_note":"","_monsterinsights_sitenote_category":0},"product_brand":[],"product_cat":[153,120],"product_tag":[],"class_list":{"0":"post-89137","1":"product","2":"type-product","3":"status-publish","4":"has-post-thumbnail","6":"product_cat-catalunya","7":"product_cat-politica","9":"first","10":"instock","11":"taxable","12":"shipping-taxable","13":"purchasable","14":"product-type-simple"},"acf":{"editorial":[{"ID":6333,"post_author":"3","post_date":"2022-07-28 17:49:56","post_date_gmt":"2022-07-28 15:49:56","post_content":"","post_title":"POL.LEN EDICIONS","post_excerpt":"","post_status":"publish","comment_status":"closed","ping_status":"closed","post_password":"","post_name":"pol-len-edicions","to_ping":"","pinged":"","post_modified":"2022-07-28 17:49:56","post_modified_gmt":"2022-07-28 15:49:56","post_content_filtered":"","post_parent":0,"guid":"http:\/\/dev.claret.cat\/editorial\/pol-len-edicions\/","menu_order":0,"post_type":"editorial","post_mime_type":"","comment_count":"0","filter":"raw"}],"autor":"PADR\u00d3, JORDI \/ PUIG, MART\u00cd \/ GARCIA, PEP","codart":"841858015","libros-coleccion":"FORA DE COL.LECCI\u00d3","ediciones":"1","encuadernacion":"R\u00fastica","fecha_de_publicacion":"01\/04\/2021","novedad":"1","paginas":"292","subtitulo":"MEM\u00d2RIA GR\u00c0FICA DE L'ESQUERRA INDEPENDENTISTA ADHESIUS 1969-2019","orden":"0","portada":"0","idioma":"cat","autores-libros":[{"ID":159966,"post_author":"3","post_date":"2022-10-14 15:49:12","post_date_gmt":"2022-10-14 13:49:12","post_content":"","post_title":"JORDI PADR\u00d3","post_excerpt":"","post_status":"publish","comment_status":"closed","ping_status":"closed","post_password":"","post_name":"jordi-padro","to_ping":"","pinged":"","post_modified":"2022-10-14 15:49:12","post_modified_gmt":"2022-10-14 13:49:12","post_content_filtered":"","post_parent":0,"guid":"http:\/\/dev.claret.cat\/autor\/jordi-padro\/","menu_order":0,"post_type":"autor","post_mime_type":"","comment_count":"0","filter":"raw"},{"ID":164260,"post_author":"3","post_date":"2022-10-14 17:45:39","post_date_gmt":"2022-10-14 15:45:39","post_content":"","post_title":"MART\u00cd PUIG","post_excerpt":"","post_status":"publish","comment_status":"closed","ping_status":"closed","post_password":"","post_name":"marti-puig","to_ping":"","pinged":"","post_modified":"2022-10-14 17:45:39","post_modified_gmt":"2022-10-14 15:45:39","post_content_filtered":"","post_parent":0,"guid":"http:\/\/dev.claret.cat\/autor\/marti-puig\/","menu_order":0,"post_type":"autor","post_mime_type":"","comment_count":"0","filter":"raw"},{"ID":166955,"post_author":"3","post_date":"2022-10-14 18:07:23","post_date_gmt":"2022-10-14 16:07:23","post_content":"","post_title":"PEP GARCIA","post_excerpt":"","post_status":"publish","comment_status":"closed","ping_status":"closed","post_password":"","post_name":"pep-garcia","to_ping":"","pinged":"","post_modified":"2022-10-14 18:07:23","post_modified_gmt":"2022-10-14 16:07:23","post_content_filtered":"","post_parent":0,"guid":"http:\/\/dev.claret.cat\/autor\/pep-garcia\/","menu_order":0,"post_type":"autor","post_mime_type":"","comment_count":"0","filter":"raw"}]},"aioseo_notices":[],"_links":{"self":[{"href":"https:\/\/www.claret.cat\/es\/wp-json\/wp\/v2\/product\/89137","targetHints":{"allow":["GET"]}}],"collection":[{"href":"https:\/\/www.claret.cat\/es\/wp-json\/wp\/v2\/product"}],"about":[{"href":"https:\/\/www.claret.cat\/es\/wp-json\/wp\/v2\/types\/product"}],"wp:featuredmedia":[{"embeddable":true,"href":"https:\/\/www.claret.cat\/es\/wp-json\/wp\/v2\/media\/89138"}],"wp:attachment":[{"href":"https:\/\/www.claret.cat\/es\/wp-json\/wp\/v2\/media?parent=89137"}],"wp:term":[{"taxonomy":"product_brand","embeddable":true,"href":"https:\/\/www.claret.cat\/es\/wp-json\/wp\/v2\/product_brand?post=89137"},{"taxonomy":"product_cat","embeddable":true,"href":"https:\/\/www.claret.cat\/es\/wp-json\/wp\/v2\/product_cat?post=89137"},{"taxonomy":"product_tag","embeddable":true,"href":"https:\/\/www.claret.cat\/es\/wp-json\/wp\/v2\/product_tag?post=89137"}],"curies":[{"name":"wp","href":"https:\/\/api.w.org\/{rel}","templated":true}]}}