{"id":8924,"date":"2022-09-30T12:23:31","date_gmt":"2022-09-30T10:23:31","guid":{"rendered":"http:\/\/dev.claret.cat\/producte\/el-amigo-del-novio\/"},"modified":"2024-05-23T05:15:50","modified_gmt":"2024-05-23T03:15:50","slug":"el-amigo-del-novio-9788490735152","status":"publish","type":"product","link":"https:\/\/www.claret.cat\/es\/libro\/el-amigo-del-novio-9788490735152\/","title":{"rendered":"EL AMIGO DEL NOVIO"},"content":{"rendered":"<p>A pesar de la frecuencia con la que mucha gente escucha mencionar a Juan Bautista en las liturgias y otras celebraciones, su figura contin\u00faa siendo un tanto enigm\u00e0tica y desconocida. Sin embargo, su trascendencia en el Nuevo Testamento es incuestionable. Jesucristo le dedica el mayor halago que persona alguna haya recibido: &#8216;Les aseguro que, entre los nacidos de mujer, no ha aparecido uno mayor que Juan el Bautista&#8230;&#8217; (Mt 11,11); y el historiador Flavio Josefo utiliza m\u00e1s espacio en el Bautista que en el propio Jes\u00fas. Pero, \u00bfqui\u00e9n fue aut\u00e9nticamente Juan? \u00bfFueron \u00e9l y Jesucristo primos, como popularmente se comenta, o \u00fanicamente parientes, como expresamente indica el evangelio de Lucas (1,36)? \u00bfPor qu\u00e9 se dej\u00f3 bautizar Cristo por Juan con &#8216;un bautismo para el perd\u00f3n de los pecados&#8217; (Mc 1,4) si \u00e9l no ten\u00eda pecado? Este estudio trata estas y muchas otras preguntas de car\u00e1cter hist\u00f3rico pero tambi\u00e9n teol\u00f3gico acerca de Juan Bautista, a\u00fan hoy venerado en numerosos templos y liturgias alrededor del mundo como &#8216;el amigo del novio&#8217; (Jn 3,29).<\/p>\n","protected":false},"excerpt":{"rendered":"<p>MART\u00cdNEZ RIVERA, ROBERTO<\/p>\n","protected":false},"featured_media":372925,"template":"","meta":{"_acf_changed":false,"om_disable_all_campaigns":false,"rs_blank_template":"","rs_page_bg_color":"","slide_template_v7":"","inline_featured_image":false,"_monsterinsights_skip_tracking":false,"_monsterinsights_sitenote_active":false,"_monsterinsights_sitenote_note":"","_monsterinsights_sitenote_category":0},"product_brand":[],"product_cat":[465,204],"product_tag":[],"class_list":{"0":"post-8924","1":"product","2":"type-product","3":"status-publish","4":"has-post-thumbnail","6":"product_cat-san-juan-y-epistolas","7":"product_cat-sant-joan-i-epistoles","9":"first","10":"instock","11":"taxable","12":"shipping-taxable","13":"purchasable","14":"product-type-simple"},"acf":{"editorial":[{"ID":6390,"post_author":"3","post_date":"2022-07-28 17:51:08","post_date_gmt":"2022-07-28 15:51:08","post_content":"","post_title":"VERBO DIVINO","post_excerpt":"","post_status":"publish","comment_status":"closed","ping_status":"closed","post_password":"","post_name":"verbo-divino","to_ping":"","pinged":"","post_modified":"2022-07-28 17:51:08","post_modified_gmt":"2022-07-28 15:51:08","post_content_filtered":"","post_parent":0,"guid":"http:\/\/dev.claret.cat\/editorial\/verbo-divino\/","menu_order":0,"post_type":"editorial","post_mime_type":"","comment_count":"0","filter":"raw"}],"autores-libros":[{"ID":5983,"post_author":"3","post_date":"2022-07-28 17:35:40","post_date_gmt":"2022-07-28 15:35:40","post_content":"","post_title":"ROBERTO MART\u00cdNEZ RIVERA","post_excerpt":"","post_status":"publish","comment_status":"closed","ping_status":"closed","post_password":"","post_name":"roberto-martinez-rivera","to_ping":"","pinged":"","post_modified":"2022-07-28 17:35:40","post_modified_gmt":"2022-07-28 15:35:40","post_content_filtered":"","post_parent":0,"guid":"http:\/\/dev.claret.cat\/autor\/roberto-martinez-rivera\/","menu_order":0,"post_type":"autor","post_mime_type":"","comment_count":"0","filter":"raw"}],"autor":"MART\u00cdNEZ RIVERA, ROBERTO","codart":"849073515","libros-coleccion":"Estudios B\u00edblicos","ediciones":"1","encuadernacion":"R\u00fastica","fecha_de_publicacion":"20\/09\/2019","novedad":"1","paginas":"384","subtitulo":"JUAN EL BAUTISTA: HISTORIA Y TEOLOG\u00cdA","orden":"0","portada":"0","idioma":"spa"},"aioseo_notices":[],"_links":{"self":[{"href":"https:\/\/www.claret.cat\/es\/wp-json\/wp\/v2\/product\/8924","targetHints":{"allow":["GET"]}}],"collection":[{"href":"https:\/\/www.claret.cat\/es\/wp-json\/wp\/v2\/product"}],"about":[{"href":"https:\/\/www.claret.cat\/es\/wp-json\/wp\/v2\/types\/product"}],"wp:featuredmedia":[{"embeddable":true,"href":"https:\/\/www.claret.cat\/es\/wp-json\/wp\/v2\/media\/372925"}],"wp:attachment":[{"href":"https:\/\/www.claret.cat\/es\/wp-json\/wp\/v2\/media?parent=8924"}],"wp:term":[{"taxonomy":"product_brand","embeddable":true,"href":"https:\/\/www.claret.cat\/es\/wp-json\/wp\/v2\/product_brand?post=8924"},{"taxonomy":"product_cat","embeddable":true,"href":"https:\/\/www.claret.cat\/es\/wp-json\/wp\/v2\/product_cat?post=8924"},{"taxonomy":"product_tag","embeddable":true,"href":"https:\/\/www.claret.cat\/es\/wp-json\/wp\/v2\/product_tag?post=8924"}],"curies":[{"name":"wp","href":"https:\/\/api.w.org\/{rel}","templated":true}]}}