{"id":89350,"date":"2022-10-11T18:29:12","date_gmt":"2022-10-11T16:29:12","guid":{"rendered":"http:\/\/dev.claret.cat\/producte\/geopolitica\/"},"modified":"2023-01-28T10:26:10","modified_gmt":"2023-01-28T09:26:10","slug":"geopolitica-9788412106350","status":"publish","type":"product","link":"https:\/\/www.claret.cat\/es\/libro\/geopolitica-9788412106350\/","title":{"rendered":"GEOPOL\u00cdTICA"},"content":{"rendered":"<p>En nuestro tiempo, la geopol\u00edtica se ha convertido en un asunto global que opera, en paralelo, a diferentes escalas: afecta a los organismos internacionales y a los distintos gobiernos, pero tambi\u00e9n a los ciudadanos de a pie.<\/p>\n<p> En este libro, Klaus Dodds describe, con un estilo accesible pero incisivo, desde los or\u00edgenes intelectuales de la geopol\u00edtica hasta el modo en que todos interaccionamos hoy con asuntos globales en nuestra vida diaria. Analiza temas como el reciente ascenso del populismo y del nacionalismo econ\u00f3mico mediante ejemplos como el \u201cMake America Great Again\u201d o el Brexit; dedica un espacio a las m\u00faltiples formas, a veces insospechadas, en que los pa\u00edses, las personas y las empresas gestionan en la actualidad los relatos pol\u00edticos y territoriales; y nos muestra, en definitiva, c\u00f3mo la geopol\u00edtica se convierte en una disciplina clave para entender el mundo de hoy y el sinf\u00edn de conexiones que lo articulan.<\/p>\n","protected":false},"excerpt":{"rendered":"<p>DODDS, KLAUS<\/p>\n","protected":false},"featured_media":89351,"template":"","meta":{"_acf_changed":false,"om_disable_all_campaigns":false,"rs_blank_template":"","rs_page_bg_color":"","slide_template_v7":"","inline_featured_image":false,"_monsterinsights_skip_tracking":false,"_monsterinsights_sitenote_active":false,"_monsterinsights_sitenote_note":"","_monsterinsights_sitenote_category":0},"product_brand":[],"product_cat":[162,120],"product_tag":[],"class_list":{"0":"post-89350","1":"product","2":"type-product","3":"status-publish","4":"has-post-thumbnail","6":"product_cat-economica-i-politica","7":"product_cat-politica","9":"first","10":"instock","11":"taxable","12":"shipping-taxable","13":"purchasable","14":"product-type-simple"},"acf":{"editorial":[{"ID":147444,"post_author":"3","post_date":"2022-10-14 11:50:37","post_date_gmt":"2022-10-14 09:50:37","post_content":"","post_title":"Antoni Bosch Editor","post_excerpt":"","post_status":"publish","comment_status":"closed","ping_status":"closed","post_password":"","post_name":"antoni-bosch-editor","to_ping":"","pinged":"","post_modified":"2022-10-14 11:50:37","post_modified_gmt":"2022-10-14 09:50:37","post_content_filtered":"","post_parent":0,"guid":"http:\/\/dev.claret.cat\/editorial\/antoni-bosch-editor\/","menu_order":0,"post_type":"editorial","post_mime_type":"","comment_count":"0","filter":"raw"}],"autores-libros":[{"ID":161716,"post_author":"3","post_date":"2022-10-14 17:20:28","post_date_gmt":"2022-10-14 15:20:28","post_content":"","post_title":"KLAUS DODDS","post_excerpt":"","post_status":"publish","comment_status":"closed","ping_status":"closed","post_password":"","post_name":"klaus-dodds","to_ping":"","pinged":"","post_modified":"2022-10-14 17:20:28","post_modified_gmt":"2022-10-14 15:20:28","post_content_filtered":"","post_parent":0,"guid":"http:\/\/dev.claret.cat\/autor\/klaus-dodds\/","menu_order":0,"post_type":"autor","post_mime_type":"","comment_count":"0","filter":"raw"}],"autor":"DODDS, KLAUS","codart":"841210635","libros-coleccion":"SIN COLECCI\u00d3N","ediciones":"1","encuadernacion":"R\u00fastica","fecha_de_publicacion":"01\/05\/2021","novedad":"1","paginas":"238","subtitulo":"UNA BREVE INTRODUCCI\u00d3N","orden":"0","portada":"0","idioma":"spa"},"aioseo_notices":[],"_links":{"self":[{"href":"https:\/\/www.claret.cat\/es\/wp-json\/wp\/v2\/product\/89350","targetHints":{"allow":["GET"]}}],"collection":[{"href":"https:\/\/www.claret.cat\/es\/wp-json\/wp\/v2\/product"}],"about":[{"href":"https:\/\/www.claret.cat\/es\/wp-json\/wp\/v2\/types\/product"}],"wp:featuredmedia":[{"embeddable":true,"href":"https:\/\/www.claret.cat\/es\/wp-json\/wp\/v2\/media\/89351"}],"wp:attachment":[{"href":"https:\/\/www.claret.cat\/es\/wp-json\/wp\/v2\/media?parent=89350"}],"wp:term":[{"taxonomy":"product_brand","embeddable":true,"href":"https:\/\/www.claret.cat\/es\/wp-json\/wp\/v2\/product_brand?post=89350"},{"taxonomy":"product_cat","embeddable":true,"href":"https:\/\/www.claret.cat\/es\/wp-json\/wp\/v2\/product_cat?post=89350"},{"taxonomy":"product_tag","embeddable":true,"href":"https:\/\/www.claret.cat\/es\/wp-json\/wp\/v2\/product_tag?post=89350"}],"curies":[{"name":"wp","href":"https:\/\/api.w.org\/{rel}","templated":true}]}}