{"id":89356,"date":"2022-10-11T18:29:16","date_gmt":"2022-10-11T16:29:16","guid":{"rendered":"http:\/\/dev.claret.cat\/producte\/el-mediterraneo\/"},"modified":"2024-02-07T14:45:41","modified_gmt":"2024-02-07T13:45:41","slug":"el-mediterraneo-9788418217401","status":"publish","type":"product","link":"https:\/\/www.claret.cat\/es\/libro\/el-mediterraneo-9788418217401\/","title":{"rendered":"EL MEDITERR\u00c1NEO"},"content":{"rendered":"<p>El Mediterr\u00e1neo ha sido el origen de tres de las m\u00e1s fascinantes civilizaciones de la Antig\u00fcedad: Egipto, Grecia y Roma; testigo del nacimiento y desarrollo de tres de las mayores religiones: juda\u00edsmo, cristianismo e islam; y ba\u00f1a tres de los seis continentes: Europa, Asia y \u00c1frica. Para los pueblos que se han asentado en sus costas, ha actuado como cuna y tumba, como v\u00ednculo y frontera, como bendici\u00f3n y campo de batalla. Y ha inspirado a grandes escritores de todos los tiempos, desde Homero y Virgilio hasta Byron, Shelley o Keats, entre otros.  <\/p>\n<p> John Julius Norwich, con su habitual maestr\u00eda, nos gu\u00eda por la riqu\u00edsima y turbulenta historia de este mar y las civilizaciones a las que ha acogido, desde los fenicios al Tratado de Versalles, pasando por la conquista \u00e1rabe de Siria y el norte de \u00c1frica, el Sacro Imperio Romano Germ\u00e1nico y las Cruzadas, los Reyes Cat\u00f3licos y la Santa Inquisici\u00f3n, los largos asedios de Rodas y Malta por Solim\u00e1n el Magn\u00edfico, los piratas berberiscos y la batalla de Lepanto; Nelson y Napole\u00f3n; la Guerra de la Independencia Griega y el Risorgimento italiano, la tr\u00e1gica campa\u00f1a de Gal\u00edpoli y la batalla de Aqaba con el famoso Lawrence de Arabia. <\/p>\n<p> Esta es una novedosa cr\u00f3nica que narra con elegante estilo y ritmo trepidante la historia del mar que vio nacer al mundo occidental.<\/p>\n","protected":false},"excerpt":{"rendered":"<p>NORWICH, JOHN JULIUS<\/p>\n","protected":false},"featured_media":89357,"template":"","meta":{"_acf_changed":false,"om_disable_all_campaigns":false,"rs_blank_template":"","rs_page_bg_color":"","slide_template_v7":"","inline_featured_image":false,"_monsterinsights_skip_tracking":false,"_monsterinsights_sitenote_active":false,"_monsterinsights_sitenote_note":"","_monsterinsights_sitenote_category":0},"product_brand":[],"product_cat":[157,370],"product_tag":[],"class_list":{"0":"post-89356","1":"product","2":"type-product","3":"status-publish","4":"has-post-thumbnail","6":"product_cat-investigacio-i-corrents","7":"product_cat-investigacion-y-corrientes","9":"first","10":"instock","11":"taxable","12":"shipping-taxable","13":"purchasable","14":"product-type-simple"},"acf":{"editorial":[{"ID":6131,"post_author":"3","post_date":"2022-07-28 17:45:33","post_date_gmt":"2022-07-28 15:45:33","post_content":"","post_title":"ATICO DE LOS LIBROS","post_excerpt":"","post_status":"publish","comment_status":"closed","ping_status":"closed","post_password":"","post_name":"atico-de-los-libros","to_ping":"","pinged":"","post_modified":"2022-07-28 17:45:33","post_modified_gmt":"2022-07-28 15:45:33","post_content_filtered":"","post_parent":0,"guid":"http:\/\/dev.claret.cat\/editorial\/atico-de-los-libros\/","menu_order":0,"post_type":"editorial","post_mime_type":"","comment_count":"0","filter":"raw"}],"autor":"NORWICH, JOHN JULIUS","codart":"841821740","libros-coleccion":"\u00c1tico Tempus","ediciones":"1","encuadernacion":"R\u00fastica","fecha_de_publicacion":"01\/05\/2021","novedad":"1","paginas":"784","subtitulo":"UN MAR DE ENCUENTROS","orden":"0","portada":"0","idioma":"spa","autores-libros":[{"ID":159662,"post_author":"3","post_date":"2022-10-14 15:46:42","post_date_gmt":"2022-10-14 13:46:42","post_content":"","post_title":"JOHN JULIUS NORWICH","post_excerpt":"","post_status":"publish","comment_status":"closed","ping_status":"closed","post_password":"","post_name":"john-julius-norwich","to_ping":"","pinged":"","post_modified":"2022-10-14 15:46:42","post_modified_gmt":"2022-10-14 13:46:42","post_content_filtered":"","post_parent":0,"guid":"http:\/\/dev.claret.cat\/autor\/john-julius-norwich\/","menu_order":0,"post_type":"autor","post_mime_type":"","comment_count":"0","filter":"raw"}]},"aioseo_notices":[],"_links":{"self":[{"href":"https:\/\/www.claret.cat\/es\/wp-json\/wp\/v2\/product\/89356","targetHints":{"allow":["GET"]}}],"collection":[{"href":"https:\/\/www.claret.cat\/es\/wp-json\/wp\/v2\/product"}],"about":[{"href":"https:\/\/www.claret.cat\/es\/wp-json\/wp\/v2\/types\/product"}],"wp:featuredmedia":[{"embeddable":true,"href":"https:\/\/www.claret.cat\/es\/wp-json\/wp\/v2\/media\/89357"}],"wp:attachment":[{"href":"https:\/\/www.claret.cat\/es\/wp-json\/wp\/v2\/media?parent=89356"}],"wp:term":[{"taxonomy":"product_brand","embeddable":true,"href":"https:\/\/www.claret.cat\/es\/wp-json\/wp\/v2\/product_brand?post=89356"},{"taxonomy":"product_cat","embeddable":true,"href":"https:\/\/www.claret.cat\/es\/wp-json\/wp\/v2\/product_cat?post=89356"},{"taxonomy":"product_tag","embeddable":true,"href":"https:\/\/www.claret.cat\/es\/wp-json\/wp\/v2\/product_tag?post=89356"}],"curies":[{"name":"wp","href":"https:\/\/api.w.org\/{rel}","templated":true}]}}