{"id":89383,"date":"2022-10-11T18:29:36","date_gmt":"2022-10-11T16:29:36","guid":{"rendered":"http:\/\/dev.claret.cat\/producte\/el-futuro-recordado\/"},"modified":"2023-01-28T01:40:39","modified_gmt":"2023-01-28T00:40:39","slug":"el-futuro-recordado-9788412155112","status":"publish","type":"product","link":"https:\/\/www.claret.cat\/es\/libro\/el-futuro-recordado-9788412155112\/","title":{"rendered":"EL FUTURO RECORDADO"},"content":{"rendered":"<p>En la mejor tradici\u00f3n del periodismo sosegado, cultural y filos\u00f3fico, las columnas recopiladas en &#8216;El futuro recordado&#8217; captan el p\u00e1lpito de nuestra \u00e9poca llamando a las voces del pasado. Sirvi\u00e9ndose de los materiales cotidianos de la vida actual, Irene Vallejo elabora peque\u00f1as piezas literarias en las que recrea un imaginario banquete con ilustres invitados como Safo, Tuc\u00eddides, S\u00e9neca, Epicteto, Graci\u00e1n, Montesquieu o Wilde, entre otros muchos. Gracias a las correspondencias secretas que saca a la luz este l\u00facido juego con los tiempos, lo distante se hace m\u00e1s n\u00edtido. Para entender el presente apresurado y ca\u00f3tico, la autora posa la mirada en lo que una vez fue y a\u00fan puede latir y explicar. Al mismo tiempo nos ense\u00f1a c\u00f3mo los mitos, los cuentos, las leyendas, las historias sirven para iluminar y aliviar nuestro desasosiego. <br \/> Las columnas de palabras que publica Irene Vallejo en &#8216;Heraldo de Arag\u00f3n&#8217; forman una amena y clara arboleda que nos deja ver el conjunto del bosque: la humanidad entera, nosotros.<\/p>\n","protected":false},"excerpt":{"rendered":"<p>VALLEJO MOREU, IRENE<\/p>\n","protected":false},"featured_media":89384,"template":"","meta":{"_acf_changed":false,"om_disable_all_campaigns":false,"rs_blank_template":"","rs_page_bg_color":"","slide_template_v7":"","inline_featured_image":false,"_monsterinsights_skip_tracking":false,"_monsterinsights_sitenote_active":false,"_monsterinsights_sitenote_note":"","_monsterinsights_sitenote_category":0},"product_brand":[],"product_cat":[90],"product_tag":[],"class_list":{"0":"post-89383","1":"product","2":"type-product","3":"status-publish","4":"has-post-thumbnail","6":"product_cat-altres","8":"first","9":"instock","10":"taxable","11":"shipping-taxable","12":"purchasable","13":"product-type-simple"},"acf":{"editorial":[{"ID":147949,"post_author":"3","post_date":"2022-10-14 11:54:28","post_date_gmt":"2022-10-14 09:54:28","post_content":"","post_title":"EDITORIAL CONTRASE\u00d1A","post_excerpt":"","post_status":"publish","comment_status":"closed","ping_status":"closed","post_password":"","post_name":"editorial-contrasena","to_ping":"","pinged":"","post_modified":"2022-10-14 11:54:28","post_modified_gmt":"2022-10-14 09:54:28","post_content_filtered":"","post_parent":0,"guid":"http:\/\/dev.claret.cat\/editorial\/editorial-contrasena\/","menu_order":0,"post_type":"editorial","post_mime_type":"","comment_count":"0","filter":"raw"}],"autores-libros":[{"ID":158004,"post_author":"3","post_date":"2022-10-14 15:33:23","post_date_gmt":"2022-10-14 13:33:23","post_content":"","post_title":"IRENE VALLEJO MOREU","post_excerpt":"","post_status":"publish","comment_status":"closed","ping_status":"closed","post_password":"","post_name":"irene-vallejo-moreu","to_ping":"","pinged":"","post_modified":"2022-10-14 15:33:23","post_modified_gmt":"2022-10-14 13:33:23","post_content_filtered":"","post_parent":0,"guid":"http:\/\/dev.claret.cat\/autor\/irene-vallejo-moreu\/","menu_order":0,"post_type":"autor","post_mime_type":"","comment_count":"0","filter":"raw"}],"autor":"VALLEJO MOREU, IRENE","codart":"841215511","libros-coleccion":"","ediciones":"1","encuadernacion":"R\u00fastica","fecha_de_publicacion":"01\/06\/2020","novedad":"1","paginas":"160","subtitulo":"","orden":"0","portada":"0","idioma":"spa"},"aioseo_notices":[],"_links":{"self":[{"href":"https:\/\/www.claret.cat\/es\/wp-json\/wp\/v2\/product\/89383","targetHints":{"allow":["GET"]}}],"collection":[{"href":"https:\/\/www.claret.cat\/es\/wp-json\/wp\/v2\/product"}],"about":[{"href":"https:\/\/www.claret.cat\/es\/wp-json\/wp\/v2\/types\/product"}],"wp:featuredmedia":[{"embeddable":true,"href":"https:\/\/www.claret.cat\/es\/wp-json\/wp\/v2\/media\/89384"}],"wp:attachment":[{"href":"https:\/\/www.claret.cat\/es\/wp-json\/wp\/v2\/media?parent=89383"}],"wp:term":[{"taxonomy":"product_brand","embeddable":true,"href":"https:\/\/www.claret.cat\/es\/wp-json\/wp\/v2\/product_brand?post=89383"},{"taxonomy":"product_cat","embeddable":true,"href":"https:\/\/www.claret.cat\/es\/wp-json\/wp\/v2\/product_cat?post=89383"},{"taxonomy":"product_tag","embeddable":true,"href":"https:\/\/www.claret.cat\/es\/wp-json\/wp\/v2\/product_tag?post=89383"}],"curies":[{"name":"wp","href":"https:\/\/api.w.org\/{rel}","templated":true}]}}