{"id":89386,"date":"2022-10-11T18:29:39","date_gmt":"2022-10-11T16:29:39","guid":{"rendered":"http:\/\/dev.claret.cat\/producte\/cuentos-de-buenas-noches-para-nuestras-ninas-rebeldes\/"},"modified":"2023-07-27T18:08:08","modified_gmt":"2023-07-27T16:08:08","slug":"cuentos-de-buenas-noches-para-nuestras-ninas-rebeldes-9788408241676","status":"publish","type":"product","link":"https:\/\/www.claret.cat\/es\/libro\/cuentos-de-buenas-noches-para-nuestras-ninas-rebeldes-9788408241676\/","title":{"rendered":"CUENTOS DE BUENAS NOCHES PARA NUESTRAS NI\u00d1AS REBELDES"},"content":{"rendered":"<p>De Agustina de Arag\u00f3n a Margarita Salas, de Alaska a Clara Campoamor, de Carme Ruscalleda a Vero Boquete, en este nuevo volumen te explicamos la historia de cien espa\u00f1olas incre\u00edbles. Cien mujeres que so\u00f1aron a lo grande, que no se conformaron. Cien mujeres valientes y decididas que no se dejaron llevar por los convencionalismos y lucharon por aquello que realmente quer\u00edan. Cien mujeres que encontraron su camino, aunque no fuera el que ten\u00edan delante. Cien rebeldes.<br \/> Pol\u00edticas, m\u00e9dicas, chefs, deportistas o inform\u00e1ticas, en este libro conviven cien ejemplos de mujeres que nacieron para ser referentes. Verdaderas valientes que inspirar\u00e1n a nuestras ni\u00f1as a perseguir sus sue\u00f1os.<\/p>\n","protected":false},"excerpt":{"rendered":"<p>NI\u00d1AS REBELDES<\/p>\n","protected":false},"featured_media":89387,"template":"","meta":{"_acf_changed":false,"om_disable_all_campaigns":false,"rs_blank_template":"","rs_page_bg_color":"","slide_template_v7":"","inline_featured_image":false,"_monsterinsights_skip_tracking":false,"_monsterinsights_sitenote_active":false,"_monsterinsights_sitenote_note":"","_monsterinsights_sitenote_category":0},"product_brand":[],"product_cat":[133,132,362,363],"product_tag":[],"class_list":{"0":"post-89386","1":"product","2":"type-product","3":"status-publish","4":"has-post-thumbnail","6":"product_cat-lectures-per-adolescents-12-18-anys","7":"product_cat-lectures-per-preadolescents-6-12-anys","8":"product_cat-libros-preadolescentes-6-12-anos","9":"product_cat-lecturas-por-adolescentes-12-18-anos","11":"first","12":"instock","13":"taxable","14":"shipping-taxable","15":"purchasable","16":"product-type-simple"},"acf":{"editorial":[{"ID":6233,"post_author":"3","post_date":"2022-07-28 17:47:48","post_date_gmt":"2022-07-28 15:47:48","post_content":"","post_title":"EDITORIAL PLANETA","post_excerpt":"","post_status":"publish","comment_status":"closed","ping_status":"closed","post_password":"","post_name":"editorial-planeta","to_ping":"","pinged":"","post_modified":"2022-07-28 17:47:48","post_modified_gmt":"2022-07-28 15:47:48","post_content_filtered":"","post_parent":0,"guid":"http:\/\/dev.claret.cat\/editorial\/editorial-planeta\/","menu_order":0,"post_type":"editorial","post_mime_type":"","comment_count":"0","filter":"raw"}],"autores-libros":[{"ID":165903,"post_author":"3","post_date":"2022-10-14 17:58:51","post_date_gmt":"2022-10-14 15:58:51","post_content":"","post_title":"NI\u00d1AS REBELDES","post_excerpt":"","post_status":"publish","comment_status":"closed","ping_status":"closed","post_password":"","post_name":"ninas-rebeldes","to_ping":"","pinged":"","post_modified":"2022-10-14 17:58:51","post_modified_gmt":"2022-10-14 15:58:51","post_content_filtered":"","post_parent":0,"guid":"http:\/\/dev.claret.cat\/autor\/ninas-rebeldes\/","menu_order":0,"post_type":"autor","post_mime_type":"","comment_count":"0","filter":"raw"}],"autor":"NI\u00d1AS REBELDES","codart":"840824167","libros-coleccion":"Destino. Fuera de colecci\u00f3n","ediciones":"1","encuadernacion":"Carton\u00e9","fecha_de_publicacion":"01\/05\/2021","novedad":"1","paginas":"220","subtitulo":"","orden":"0","portada":"0","idioma":"spa"},"aioseo_notices":[],"_links":{"self":[{"href":"https:\/\/www.claret.cat\/es\/wp-json\/wp\/v2\/product\/89386","targetHints":{"allow":["GET"]}}],"collection":[{"href":"https:\/\/www.claret.cat\/es\/wp-json\/wp\/v2\/product"}],"about":[{"href":"https:\/\/www.claret.cat\/es\/wp-json\/wp\/v2\/types\/product"}],"wp:featuredmedia":[{"embeddable":true,"href":"https:\/\/www.claret.cat\/es\/wp-json\/wp\/v2\/media\/89387"}],"wp:attachment":[{"href":"https:\/\/www.claret.cat\/es\/wp-json\/wp\/v2\/media?parent=89386"}],"wp:term":[{"taxonomy":"product_brand","embeddable":true,"href":"https:\/\/www.claret.cat\/es\/wp-json\/wp\/v2\/product_brand?post=89386"},{"taxonomy":"product_cat","embeddable":true,"href":"https:\/\/www.claret.cat\/es\/wp-json\/wp\/v2\/product_cat?post=89386"},{"taxonomy":"product_tag","embeddable":true,"href":"https:\/\/www.claret.cat\/es\/wp-json\/wp\/v2\/product_tag?post=89386"}],"curies":[{"name":"wp","href":"https:\/\/api.w.org\/{rel}","templated":true}]}}