{"id":89440,"date":"2022-10-11T18:30:18","date_gmt":"2022-10-11T16:30:18","guid":{"rendered":"http:\/\/dev.claret.cat\/producte\/555-chistes-geniales-para-risas-totales\/"},"modified":"2023-01-28T04:18:38","modified_gmt":"2023-01-28T03:18:38","slug":"555-chistes-geniales-para-risas-totales-9788418594229","status":"publish","type":"product","link":"https:\/\/www.claret.cat\/es\/libro\/555-chistes-geniales-para-risas-totales-9788418594229\/","title":{"rendered":"555 CHISTES GENIALES PARA RISAS TOTALES"},"content":{"rendered":"<p>Un incre\u00edble recopilatorio de 555 chistes tronchantes. \u00a1No podr\u00e1s parar de re\u00edr! \u00bfEst\u00e1s cansado de escuchar una y otra vez las mismas bromas de siempre?  \u00bfSe te han agotado los chistes que ten\u00edas en la cabeza y ya no tienes  ideas para contar a tus amigos? \u00bfTe aburren las infiniiiiitas historias que no tienen ninguna gracia? LA SOLUCI\u00d3N A TODOS TUS PROBLEMAS EST\u00c1 EN TUS MANOS: \u00a1DI ADI\u00d3S AL  ABURRIMIENTO Y DESCUBRE 555 CHISTES GENIALES PARA RISAS TOTALES! ___________ Lo que encontrar\u00e1s en este libro:  &#8211; 555 chistes con los que vas a llorar de risa  &#8211; Todas las tem\u00e1ticas del mundo   &#8211; Ilustraciones gracios\u00edsimas en cada p\u00e1gina  &#8211; Ganas de leer d\u00eda s\u00ed, d\u00eda tambi\u00e9n Y \u00a1MUCHO HUMOR PARA RE\u00cdRTE A CARCAJADAS!<\/p>\n","protected":false},"excerpt":{"rendered":"<p>PLANA, PAU \/ L\u00d3PEZ, \u00c0LEX \/ DOM\u00cdNGUEZ, DAVID<\/p>\n","protected":false},"featured_media":89441,"template":"","meta":{"_acf_changed":false,"om_disable_all_campaigns":false,"rs_blank_template":"","rs_page_bg_color":"","slide_template_v7":"","inline_featured_image":false,"_monsterinsights_skip_tracking":false,"_monsterinsights_sitenote_active":false,"_monsterinsights_sitenote_note":"","_monsterinsights_sitenote_category":0},"product_brand":[],"product_cat":[135],"product_tag":[],"class_list":{"0":"post-89440","1":"product","2":"type-product","3":"status-publish","4":"has-post-thumbnail","6":"product_cat-entreteniment","8":"first","9":"instock","10":"taxable","11":"shipping-taxable","12":"purchasable","13":"product-type-simple"},"acf":{"editorial":[{"ID":6310,"post_author":"3","post_date":"2022-07-28 17:49:26","post_date_gmt":"2022-07-28 15:49:26","post_content":"","post_title":"MONTENA","post_excerpt":"","post_status":"publish","comment_status":"closed","ping_status":"closed","post_password":"","post_name":"montena","to_ping":"","pinged":"","post_modified":"2022-07-28 17:49:26","post_modified_gmt":"2022-07-28 15:49:26","post_content_filtered":"","post_parent":0,"guid":"http:\/\/dev.claret.cat\/editorial\/montena\/","menu_order":0,"post_type":"editorial","post_mime_type":"","comment_count":"0","filter":"raw"}],"autor":"PLANA, PAU \/ L\u00d3PEZ, \u00c0LEX \/ DOM\u00cdNGUEZ, DAVID","codart":"841859422","libros-coleccion":"No ficci\u00f3n ilustrados","ediciones":"1","encuadernacion":"R\u00fastica","fecha_de_publicacion":"01\/05\/2021","novedad":"1","paginas":"288","subtitulo":"PARA NI\u00d1OS Y NI\u00d1AS. DIVERTIDOS Y GRACIOSOS PARA RE\u00cdR TODA LA FAMILIA. HUMOR INFA","orden":"0","portada":"0","idioma":"spa","autores-libros":[{"ID":149647,"post_author":"3","post_date":"2022-10-14 14:26:34","post_date_gmt":"2022-10-14 12:26:34","post_content":"","post_title":"ALEX LOPEZ","post_excerpt":"","post_status":"publish","comment_status":"closed","ping_status":"closed","post_password":"","post_name":"alex-lopez","to_ping":"","pinged":"","post_modified":"2022-10-14 14:26:34","post_modified_gmt":"2022-10-14 12:26:34","post_content_filtered":"","post_parent":0,"guid":"http:\/\/dev.claret.cat\/autor\/alex-lopez\/","menu_order":0,"post_type":"autor","post_mime_type":"","comment_count":"0","filter":"raw"},{"ID":153798,"post_author":"3","post_date":"2022-10-14 14:59:37","post_date_gmt":"2022-10-14 12:59:37","post_content":"","post_title":"DAVID DOM\u00cdNGUEZ","post_excerpt":"","post_status":"publish","comment_status":"closed","ping_status":"closed","post_password":"","post_name":"david-dominguez","to_ping":"","pinged":"","post_modified":"2022-10-14 14:59:37","post_modified_gmt":"2022-10-14 12:59:37","post_content_filtered":"","post_parent":0,"guid":"http:\/\/dev.claret.cat\/autor\/david-dominguez\/","menu_order":0,"post_type":"autor","post_mime_type":"","comment_count":"0","filter":"raw"},{"ID":166703,"post_author":"3","post_date":"2022-10-14 18:05:22","post_date_gmt":"2022-10-14 16:05:22","post_content":"","post_title":"PAU PLANA","post_excerpt":"","post_status":"publish","comment_status":"closed","ping_status":"closed","post_password":"","post_name":"pau-plana","to_ping":"","pinged":"","post_modified":"2022-10-14 18:05:22","post_modified_gmt":"2022-10-14 16:05:22","post_content_filtered":"","post_parent":0,"guid":"http:\/\/dev.claret.cat\/autor\/pau-plana\/","menu_order":0,"post_type":"autor","post_mime_type":"","comment_count":"0","filter":"raw"}]},"aioseo_notices":[],"_links":{"self":[{"href":"https:\/\/www.claret.cat\/es\/wp-json\/wp\/v2\/product\/89440","targetHints":{"allow":["GET"]}}],"collection":[{"href":"https:\/\/www.claret.cat\/es\/wp-json\/wp\/v2\/product"}],"about":[{"href":"https:\/\/www.claret.cat\/es\/wp-json\/wp\/v2\/types\/product"}],"wp:featuredmedia":[{"embeddable":true,"href":"https:\/\/www.claret.cat\/es\/wp-json\/wp\/v2\/media\/89441"}],"wp:attachment":[{"href":"https:\/\/www.claret.cat\/es\/wp-json\/wp\/v2\/media?parent=89440"}],"wp:term":[{"taxonomy":"product_brand","embeddable":true,"href":"https:\/\/www.claret.cat\/es\/wp-json\/wp\/v2\/product_brand?post=89440"},{"taxonomy":"product_cat","embeddable":true,"href":"https:\/\/www.claret.cat\/es\/wp-json\/wp\/v2\/product_cat?post=89440"},{"taxonomy":"product_tag","embeddable":true,"href":"https:\/\/www.claret.cat\/es\/wp-json\/wp\/v2\/product_tag?post=89440"}],"curies":[{"name":"wp","href":"https:\/\/api.w.org\/{rel}","templated":true}]}}