{"id":89455,"date":"2022-10-11T18:30:29","date_gmt":"2022-10-11T16:30:29","guid":{"rendered":"http:\/\/dev.claret.cat\/producte\/nadie-como-ella\/"},"modified":"2023-01-28T05:27:57","modified_gmt":"2023-01-28T04:27:57","slug":"nadie-como-ella-9788418038204","status":"publish","type":"product","link":"https:\/\/www.claret.cat\/es\/libro\/nadie-como-ella-9788418038204\/","title":{"rendered":"NADIE COMO ELLA"},"content":{"rendered":"<p>La historia de amor prohibido que querr\u00e1s vivir. La nueva y adictiva serie de Martina D&#8217;Antiochia para adolescentes a partir de 16 a\u00f1os. La segunda parte de la trilog\u00eda YA de Martina D&#8217;Antiochia. La autora nos  trae una ficci\u00f3n llena de aventuras, amor, relaciones personales,  amigas, enemigas&#8230; En definitiva, el d\u00eda a d\u00eda de la vida de un grupo de amigas de instituto y todo lo que las rodea.<\/p>\n","protected":false},"excerpt":{"rendered":"<p>D&#8217;ANTIOCHIA, MARTINA<\/p>\n","protected":false},"featured_media":89456,"template":"","meta":{"_acf_changed":false,"om_disable_all_campaigns":false,"rs_blank_template":"","rs_page_bg_color":"","slide_template_v7":"","inline_featured_image":false,"_monsterinsights_skip_tracking":false,"_monsterinsights_sitenote_active":false,"_monsterinsights_sitenote_note":"","_monsterinsights_sitenote_category":0},"product_brand":[],"product_cat":[133,117],"product_tag":[],"class_list":{"0":"post-89455","1":"product","2":"type-product","3":"status-publish","4":"has-post-thumbnail","6":"product_cat-lectures-per-adolescents-12-18-anys","7":"product_cat-juvenil","9":"first","10":"instock","11":"taxable","12":"shipping-taxable","13":"purchasable","14":"product-type-simple"},"acf":{"editorial":[{"ID":6310,"post_author":"3","post_date":"2022-07-28 17:49:26","post_date_gmt":"2022-07-28 15:49:26","post_content":"","post_title":"MONTENA","post_excerpt":"","post_status":"publish","comment_status":"closed","ping_status":"closed","post_password":"","post_name":"montena","to_ping":"","pinged":"","post_modified":"2022-07-28 17:49:26","post_modified_gmt":"2022-07-28 15:49:26","post_content_filtered":"","post_parent":0,"guid":"http:\/\/dev.claret.cat\/editorial\/montena\/","menu_order":0,"post_type":"editorial","post_mime_type":"","comment_count":"0","filter":"raw"}],"autor":"D'ANTIOCHIA, MARTINA","codart":"841803820","libros-coleccion":"Martina","ediciones":"1","encuadernacion":"R\u00fastica","fecha_de_publicacion":"01\/05\/2021","novedad":"1","paginas":"336","subtitulo":"","orden":"0","portada":"0","idioma":"spa","autores-libros":[{"ID":164327,"post_author":"3","post_date":"2022-10-14 17:46:11","post_date_gmt":"2022-10-14 15:46:11","post_content":"","post_title":"MARTINA D\u00b4ANTIOCHIA","post_excerpt":"","post_status":"publish","comment_status":"closed","ping_status":"closed","post_password":"","post_name":"martina-dantiochia-2","to_ping":"","pinged":"","post_modified":"2022-10-14 17:46:11","post_modified_gmt":"2022-10-14 15:46:11","post_content_filtered":"","post_parent":0,"guid":"http:\/\/dev.claret.cat\/autor\/martina-dantiochia-2\/","menu_order":0,"post_type":"autor","post_mime_type":"","comment_count":"0","filter":"raw"}]},"aioseo_notices":[],"_links":{"self":[{"href":"https:\/\/www.claret.cat\/es\/wp-json\/wp\/v2\/product\/89455","targetHints":{"allow":["GET"]}}],"collection":[{"href":"https:\/\/www.claret.cat\/es\/wp-json\/wp\/v2\/product"}],"about":[{"href":"https:\/\/www.claret.cat\/es\/wp-json\/wp\/v2\/types\/product"}],"wp:featuredmedia":[{"embeddable":true,"href":"https:\/\/www.claret.cat\/es\/wp-json\/wp\/v2\/media\/89456"}],"wp:attachment":[{"href":"https:\/\/www.claret.cat\/es\/wp-json\/wp\/v2\/media?parent=89455"}],"wp:term":[{"taxonomy":"product_brand","embeddable":true,"href":"https:\/\/www.claret.cat\/es\/wp-json\/wp\/v2\/product_brand?post=89455"},{"taxonomy":"product_cat","embeddable":true,"href":"https:\/\/www.claret.cat\/es\/wp-json\/wp\/v2\/product_cat?post=89455"},{"taxonomy":"product_tag","embeddable":true,"href":"https:\/\/www.claret.cat\/es\/wp-json\/wp\/v2\/product_tag?post=89455"}],"curies":[{"name":"wp","href":"https:\/\/api.w.org\/{rel}","templated":true}]}}