{"id":89527,"date":"2022-10-11T18:31:22","date_gmt":"2022-10-11T16:31:22","guid":{"rendered":"http:\/\/dev.claret.cat\/producte\/36-vistas-del-monte-fuji-por-hokusai-y-hiroshige\/"},"modified":"2023-01-28T03:29:26","modified_gmt":"2023-01-28T02:29:26","slug":"36-vistas-del-monte-fuji-por-hokusai-y-hiroshige-9788412264937","status":"publish","type":"product","link":"https:\/\/www.claret.cat\/es\/libro\/36-vistas-del-monte-fuji-por-hokusai-y-hiroshige-9788412264937\/","title":{"rendered":"36 VISTAS DEL MONTE FUJI POR HOKUSAI Y HIROSHIGE"},"content":{"rendered":"<p>En esta obra presentamos Las 36 vistas del monte Fuji creadas por Utagawa Hiroshige y Katsushika Hokusai, los m\u00e1s reputados dibujantes, grabadores y pintores del estilo ukiyo-e. Los dos son los int\u00e9rpretes m\u00e1s importantes de la ilustraci\u00f3n nipona, con un control sutil del cromatismo ?con el dominio del verde y del azul? y su sentido del primer plano, que ser\u00eda imitado, m\u00e1s tarde, por la fotograf\u00eda y el cine.Este libro es una gran novedad porque muestra las visiones enfrentadas y al mismo tiempo compenetradas del monte Fuji, el pico m\u00e1s alto de la isla de Honshu, est\u00e1 considerado sagrado desde la Antig\u00fcedad y les estaba prohibido a las mujeres llegar a la cima hasta la era Meiji (finales del siglo XIX)Los dos mejores autores del ukiyo-e en una obra in\u00e9dita y con edici\u00f3n limitada de 2.000 unidades&nbsp;Esta edici\u00f3n limitada incluye una fabulosa l\u00e1mina que se despliega en tr\u00edpticos para su exposici\u00f3n y decoraci\u00f3n en cualquier pared. Desde The Galobart Books hemos seleccionado la m\u00e1s espectacular para que forme parte de una colecci\u00f3n privada y exclusiva de arte japon\u00e9s<\/p>\n","protected":false},"excerpt":{"rendered":"<p>MOURELO SUSO<\/p>\n","protected":false},"featured_media":89528,"template":"","meta":{"_acf_changed":false,"om_disable_all_campaigns":false,"rs_blank_template":"","rs_page_bg_color":"","slide_template_v7":"","inline_featured_image":false,"_monsterinsights_skip_tracking":false,"_monsterinsights_sitenote_active":false,"_monsterinsights_sitenote_note":"","_monsterinsights_sitenote_category":0},"product_brand":[],"product_cat":[110,105],"product_tag":[],"class_list":{"0":"post-89527","1":"product","2":"type-product","3":"status-publish","4":"has-post-thumbnail","6":"product_cat-art","7":"product_cat-regal","9":"first","10":"instock","11":"taxable","12":"shipping-taxable","13":"purchasable","14":"product-type-simple"},"acf":{"editorial":[{"ID":148871,"post_author":"3","post_date":"2022-10-14 12:01:38","post_date_gmt":"2022-10-14 10:01:38","post_content":"","post_title":"The Galobart Books","post_excerpt":"","post_status":"publish","comment_status":"closed","ping_status":"closed","post_password":"","post_name":"the-galobart-books","to_ping":"","pinged":"","post_modified":"2022-10-14 12:01:38","post_modified_gmt":"2022-10-14 10:01:38","post_content_filtered":"","post_parent":0,"guid":"http:\/\/dev.claret.cat\/editorial\/the-galobart-books\/","menu_order":0,"post_type":"editorial","post_mime_type":"","comment_count":"0","filter":"raw"}],"autores-libros":[{"ID":165481,"post_author":"3","post_date":"2022-10-14 17:55:31","post_date_gmt":"2022-10-14 15:55:31","post_content":"","post_title":"MOURELO SUSO","post_excerpt":"","post_status":"publish","comment_status":"closed","ping_status":"closed","post_password":"","post_name":"mourelo-suso","to_ping":"","pinged":"","post_modified":"2022-10-14 17:55:31","post_modified_gmt":"2022-10-14 15:55:31","post_content_filtered":"","post_parent":0,"guid":"http:\/\/dev.claret.cat\/autor\/mourelo-suso\/","menu_order":0,"post_type":"autor","post_mime_type":"","comment_count":"0","filter":"raw"}],"autor":"MOURELO SUSO","codart":"841226493","libros-coleccion":"Ilustrado","ediciones":"1","encuadernacion":"Carton\u00e9","fecha_de_publicacion":"01\/05\/2021","novedad":"1","paginas":"288","subtitulo":"","orden":"0","portada":"0","idioma":"spa"},"aioseo_notices":[],"_links":{"self":[{"href":"https:\/\/www.claret.cat\/es\/wp-json\/wp\/v2\/product\/89527","targetHints":{"allow":["GET"]}}],"collection":[{"href":"https:\/\/www.claret.cat\/es\/wp-json\/wp\/v2\/product"}],"about":[{"href":"https:\/\/www.claret.cat\/es\/wp-json\/wp\/v2\/types\/product"}],"wp:featuredmedia":[{"embeddable":true,"href":"https:\/\/www.claret.cat\/es\/wp-json\/wp\/v2\/media\/89528"}],"wp:attachment":[{"href":"https:\/\/www.claret.cat\/es\/wp-json\/wp\/v2\/media?parent=89527"}],"wp:term":[{"taxonomy":"product_brand","embeddable":true,"href":"https:\/\/www.claret.cat\/es\/wp-json\/wp\/v2\/product_brand?post=89527"},{"taxonomy":"product_cat","embeddable":true,"href":"https:\/\/www.claret.cat\/es\/wp-json\/wp\/v2\/product_cat?post=89527"},{"taxonomy":"product_tag","embeddable":true,"href":"https:\/\/www.claret.cat\/es\/wp-json\/wp\/v2\/product_tag?post=89527"}],"curies":[{"name":"wp","href":"https:\/\/api.w.org\/{rel}","templated":true}]}}