{"id":89536,"date":"2022-10-11T18:31:29","date_gmt":"2022-10-11T16:31:29","guid":{"rendered":"http:\/\/dev.claret.cat\/producte\/flores-salvajes\/"},"modified":"2023-01-28T19:39:02","modified_gmt":"2023-01-28T18:39:02","slug":"flores-salvajes-9788417553951","status":"publish","type":"product","link":"https:\/\/www.claret.cat\/es\/libro\/flores-salvajes-9788417553951\/","title":{"rendered":"FLORES SALVAJES"},"content":{"rendered":"<p>Tres hermanas se sumergen en Flores salvajes en la aventura de sus vidas: explorar\u00e1n juntas una isla misteriosa y se expondr\u00e1n en ella a m\u00faltiples peligros y pruebas. La peque\u00f1a no querr\u00e1 dejar de participar en esta andanza y har\u00e1 que la historia se vuelva alocada e irresistible con sus sorprendentes ocurrencias. \u00ab\u00a1Hubo un terrible accidente!\u00bb, se nos dir\u00e1 desde el principio, pero este comienzo algo desgarrador ir\u00e1 alzando el vuelo hacia un dulce y estupendo final. \u00a1La fascinaci\u00f3n y la admiraci\u00f3n a partes iguales de LINIERS por el extravagante mundo de los ni\u00f1os es maravillosa!<\/p>\n","protected":false},"excerpt":{"rendered":"<p>LINIERS<\/p>\n","protected":false},"featured_media":89537,"template":"","meta":{"_acf_changed":false,"om_disable_all_campaigns":false,"rs_blank_template":"","rs_page_bg_color":"","slide_template_v7":"","inline_featured_image":false,"_monsterinsights_skip_tracking":false,"_monsterinsights_sitenote_active":false,"_monsterinsights_sitenote_note":"","_monsterinsights_sitenote_category":0},"product_brand":[],"product_cat":[108],"product_tag":[],"class_list":{"0":"post-89536","1":"product","2":"type-product","3":"status-publish","4":"has-post-thumbnail","6":"product_cat-comic","8":"first","9":"instock","10":"taxable","11":"shipping-taxable","12":"purchasable","13":"product-type-simple"},"acf":{"autor":"LINIERS","codart":"841755395","libros-coleccion":"El chico amarillo","ediciones":"1","encuadernacion":"Carton\u00e9","fecha_de_publicacion":"01\/05\/2021","novedad":"1","paginas":"40","subtitulo":"","orden":"0","portada":"0","idioma":"spa","editorial":[{"ID":148284,"post_author":"3","post_date":"2022-10-14 11:57:03","post_date_gmt":"2022-10-14 09:57:03","post_content":"","post_title":"IMPEDIMENTA","post_excerpt":"","post_status":"publish","comment_status":"closed","ping_status":"closed","post_password":"","post_name":"impedimenta","to_ping":"","pinged":"","post_modified":"2022-10-14 11:57:03","post_modified_gmt":"2022-10-14 09:57:03","post_content_filtered":"","post_parent":0,"guid":"http:\/\/dev.claret.cat\/editorial\/impedimenta\/","menu_order":0,"post_type":"editorial","post_mime_type":"","comment_count":"0","filter":"raw"}],"autores-libros":[{"ID":162243,"post_author":"3","post_date":"2022-10-14 17:29:28","post_date_gmt":"2022-10-14 15:29:28","post_content":"","post_title":"LINIERS","post_excerpt":"","post_status":"publish","comment_status":"closed","ping_status":"closed","post_password":"","post_name":"liniers","to_ping":"","pinged":"","post_modified":"2022-10-14 17:29:28","post_modified_gmt":"2022-10-14 15:29:28","post_content_filtered":"","post_parent":0,"guid":"http:\/\/dev.claret.cat\/autor\/liniers\/","menu_order":0,"post_type":"autor","post_mime_type":"","comment_count":"0","filter":"raw"}]},"aioseo_notices":[],"_links":{"self":[{"href":"https:\/\/www.claret.cat\/es\/wp-json\/wp\/v2\/product\/89536","targetHints":{"allow":["GET"]}}],"collection":[{"href":"https:\/\/www.claret.cat\/es\/wp-json\/wp\/v2\/product"}],"about":[{"href":"https:\/\/www.claret.cat\/es\/wp-json\/wp\/v2\/types\/product"}],"wp:featuredmedia":[{"embeddable":true,"href":"https:\/\/www.claret.cat\/es\/wp-json\/wp\/v2\/media\/89537"}],"wp:attachment":[{"href":"https:\/\/www.claret.cat\/es\/wp-json\/wp\/v2\/media?parent=89536"}],"wp:term":[{"taxonomy":"product_brand","embeddable":true,"href":"https:\/\/www.claret.cat\/es\/wp-json\/wp\/v2\/product_brand?post=89536"},{"taxonomy":"product_cat","embeddable":true,"href":"https:\/\/www.claret.cat\/es\/wp-json\/wp\/v2\/product_cat?post=89536"},{"taxonomy":"product_tag","embeddable":true,"href":"https:\/\/www.claret.cat\/es\/wp-json\/wp\/v2\/product_tag?post=89536"}],"curies":[{"name":"wp","href":"https:\/\/api.w.org\/{rel}","templated":true}]}}