{"id":89599,"date":"2022-10-11T18:32:18","date_gmt":"2022-10-11T16:32:18","guid":{"rendered":"http:\/\/dev.claret.cat\/producte\/por-que-dios-analisis-de-los-fenomenos-religiosos\/"},"modified":"2026-04-01T07:41:51","modified_gmt":"2026-04-01T05:41:51","slug":"por-que-dios-analisis-de-los-fenomenos-religiosos-9788429330274","status":"publish","type":"product","link":"https:\/\/www.claret.cat\/es\/libro\/por-que-dios-analisis-de-los-fenomenos-religiosos-9788429330274\/","title":{"rendered":"\u00bfPOR QU\u00c9 DIOS?. AN\u00c1LISIS DE LOS FEN\u00d3MENOS RELIGIOSOS"},"content":{"rendered":"<p>\u00bfPor qu\u00e9 la mayor\u00eda de las personas estamos vinculados a alg\u00fan tipo de fe? \u00bfPor qu\u00e9 nos atrae la religi\u00f3n? En este libro, Rodney Stark analiza qu\u00e9 es la religi\u00f3n, qu\u00e9 hace y por qu\u00e9 es un rasgo universal de las sociedades humanas, abordando todos los temas religiosos, incluidos el monote\u00edsmo, el descubrimiento del pecado, las causas de la hostilidad y del conflicto religioso, y el papel de las revelaciones.<\/p>\n","protected":false},"excerpt":{"rendered":"<p>STARK, RODNEY<\/p>\n","protected":false},"featured_media":340875,"template":"","meta":{"_acf_changed":false,"om_disable_all_campaigns":false,"rs_blank_template":"","rs_page_bg_color":"","slide_template_v7":"","inline_featured_image":false,"_monsterinsights_skip_tracking":false,"_monsterinsights_sitenote_active":false,"_monsterinsights_sitenote_note":"","_monsterinsights_sitenote_category":0},"product_brand":[],"product_cat":[509,279,278,508],"product_tag":[],"class_list":{"0":"post-89599","1":"product","2":"type-product","3":"status-publish","4":"has-post-thumbnail","6":"product_cat-antropologia-teologica-teologia-1_espiritualidad","7":"product_cat-antropologia-teologica","8":"product_cat-misteri-de-deu","9":"product_cat-misterio-de-dios","11":"first","12":"instock","13":"taxable","14":"shipping-taxable","15":"purchasable","16":"product-type-simple"},"acf":{"editorial":[{"ID":6351,"post_author":"3","post_date":"2022-07-28 17:50:19","post_date_gmt":"2022-07-28 15:50:19","post_content":"","post_title":"Sal Terrae","post_excerpt":"","post_status":"publish","comment_status":"closed","ping_status":"closed","post_password":"","post_name":"sal-terrae","to_ping":"","pinged":"","post_modified":"2022-07-28 17:50:19","post_modified_gmt":"2022-07-28 15:50:19","post_content_filtered":"","post_parent":0,"guid":"http:\/\/dev.claret.cat\/editorial\/sal-terrae\/","menu_order":0,"post_type":"editorial","post_mime_type":"","comment_count":"0","filter":"raw"}],"autor":"STARK, RODNEY","codart":"842933027","libros-coleccion":"Ciencia y religi\u00f3n","ediciones":"1","encuadernacion":"R\u00fastica","fecha_de_publicacion":"17\/05\/2021","novedad":"1","paginas":"312","subtitulo":"","orden":"0","portada":"0","idioma":"spa","autores-libros":[{"ID":168329,"post_author":"3","post_date":"2022-10-14 18:18:21","post_date_gmt":"2022-10-14 16:18:21","post_content":"","post_title":"RODNEY STARK","post_excerpt":"","post_status":"publish","comment_status":"closed","ping_status":"closed","post_password":"","post_name":"rodney-stark","to_ping":"","pinged":"","post_modified":"2022-10-14 18:18:21","post_modified_gmt":"2022-10-14 16:18:21","post_content_filtered":"","post_parent":0,"guid":"http:\/\/dev.claret.cat\/autor\/rodney-stark\/","menu_order":0,"post_type":"autor","post_mime_type":"","comment_count":"0","filter":"raw"}],"booktrailer":"","resenas":""},"aioseo_notices":[],"_links":{"self":[{"href":"https:\/\/www.claret.cat\/es\/wp-json\/wp\/v2\/product\/89599","targetHints":{"allow":["GET"]}}],"collection":[{"href":"https:\/\/www.claret.cat\/es\/wp-json\/wp\/v2\/product"}],"about":[{"href":"https:\/\/www.claret.cat\/es\/wp-json\/wp\/v2\/types\/product"}],"wp:featuredmedia":[{"embeddable":true,"href":"https:\/\/www.claret.cat\/es\/wp-json\/wp\/v2\/media\/340875"}],"wp:attachment":[{"href":"https:\/\/www.claret.cat\/es\/wp-json\/wp\/v2\/media?parent=89599"}],"wp:term":[{"taxonomy":"product_brand","embeddable":true,"href":"https:\/\/www.claret.cat\/es\/wp-json\/wp\/v2\/product_brand?post=89599"},{"taxonomy":"product_cat","embeddable":true,"href":"https:\/\/www.claret.cat\/es\/wp-json\/wp\/v2\/product_cat?post=89599"},{"taxonomy":"product_tag","embeddable":true,"href":"https:\/\/www.claret.cat\/es\/wp-json\/wp\/v2\/product_tag?post=89599"}],"curies":[{"name":"wp","href":"https:\/\/api.w.org\/{rel}","templated":true}]}}