{"id":89858,"date":"2022-10-11T18:35:52","date_gmt":"2022-10-11T16:35:52","guid":{"rendered":"http:\/\/dev.claret.cat\/producte\/el-espiritu-en-la-forma\/"},"modified":"2026-04-02T11:05:05","modified_gmt":"2026-04-02T09:05:05","slug":"el-espiritu-en-la-forma-9788427135635","status":"publish","type":"product","link":"https:\/\/www.claret.cat\/es\/libro\/el-espiritu-en-la-forma-9788427135635\/","title":{"rendered":"EL ESP\u00cdRITU EN LA FORMA"},"content":{"rendered":"<p>Entre los escritos de san Ignacio, las Constituciones ocupan el segundo lugar en importancia, despu\u00e9s de los Ejercicios Espirituales. El impacto que las Constituciones siguen teniendo en los procesos de admisi\u00f3n, formaci\u00f3n, organizaci\u00f3n, conservaci\u00f3n y env\u00edo (misi\u00f3n) de las formas de vida apost\u00f3lica no se puede estimar suficientemente: revolucionaron la vida religiosa medieval y la introdujeron en la Edad Moderna.<\/p>\n","protected":false},"excerpt":{"rendered":"<p>COUPEAU DORRONSORO, JOS\u00c9 CARLOS<\/p>\n","protected":false},"featured_media":1094348,"template":"","meta":{"_acf_changed":false,"om_disable_all_campaigns":false,"rs_blank_template":"","rs_page_bg_color":"","slide_template_v7":"","inline_featured_image":false,"_monsterinsights_skip_tracking":false,"_monsterinsights_sitenote_active":false,"_monsterinsights_sitenote_note":"","_monsterinsights_sitenote_category":0},"product_brand":[],"product_cat":[90,540],"product_tag":[],"class_list":{"0":"post-89858","1":"product","2":"type-product","3":"status-publish","4":"has-post-thumbnail","6":"product_cat-altres","7":"product_cat-otros","9":"first","10":"outofstock","11":"taxable","12":"shipping-taxable","13":"purchasable","14":"product-type-simple"},"acf":{"editorial":[{"ID":8258,"post_author":"3","post_date":"2022-09-30 09:21:32","post_date_gmt":"2022-09-30 07:21:32","post_content":"","post_title":"MENSAJERO","post_excerpt":"","post_status":"publish","comment_status":"closed","ping_status":"closed","post_password":"","post_name":"mensajero","to_ping":"","pinged":"","post_modified":"2022-09-30 09:21:32","post_modified_gmt":"2022-09-30 07:21:32","post_content_filtered":"","post_parent":0,"guid":"http:\/\/dev.claret.cat\/editorial\/mensajero\/","menu_order":0,"post_type":"editorial","post_mime_type":"","comment_count":"0","filter":"raw"}],"autor":"COUPEAU DORRONSORO, JOS\u00c9 CARLOS","codart":"842713563","libros-coleccion":"Manresa","ediciones":"1","encuadernacion":"R\u00fastica","fecha_de_publicacion":"01\/03\/2014","novedad":"1","paginas":"420","subtitulo":"LAS CONSTITUCIONES A LA LUZ DE LA RET\u00d3RICA","orden":"0","portada":"0","idioma":"spa","autores-libros":[{"ID":160213,"post_author":"3","post_date":"2022-10-14 15:51:13","post_date_gmt":"2022-10-14 13:51:13","post_content":"","post_title":"JOS\u00c9 CARLOS COUPEAU DORRONSORO","post_excerpt":"","post_status":"publish","comment_status":"closed","ping_status":"closed","post_password":"","post_name":"jose-carlos-coupeau-dorronsoro","to_ping":"","pinged":"","post_modified":"2022-10-14 15:51:13","post_modified_gmt":"2022-10-14 13:51:13","post_content_filtered":"","post_parent":0,"guid":"http:\/\/dev.claret.cat\/autor\/jose-carlos-coupeau-dorronsoro\/","menu_order":0,"post_type":"autor","post_mime_type":"","comment_count":"0","filter":"raw"}],"booktrailer":"","resenas":""},"aioseo_notices":[],"_links":{"self":[{"href":"https:\/\/www.claret.cat\/es\/wp-json\/wp\/v2\/product\/89858","targetHints":{"allow":["GET"]}}],"collection":[{"href":"https:\/\/www.claret.cat\/es\/wp-json\/wp\/v2\/product"}],"about":[{"href":"https:\/\/www.claret.cat\/es\/wp-json\/wp\/v2\/types\/product"}],"wp:featuredmedia":[{"embeddable":true,"href":"https:\/\/www.claret.cat\/es\/wp-json\/wp\/v2\/media\/1094348"}],"wp:attachment":[{"href":"https:\/\/www.claret.cat\/es\/wp-json\/wp\/v2\/media?parent=89858"}],"wp:term":[{"taxonomy":"product_brand","embeddable":true,"href":"https:\/\/www.claret.cat\/es\/wp-json\/wp\/v2\/product_brand?post=89858"},{"taxonomy":"product_cat","embeddable":true,"href":"https:\/\/www.claret.cat\/es\/wp-json\/wp\/v2\/product_cat?post=89858"},{"taxonomy":"product_tag","embeddable":true,"href":"https:\/\/www.claret.cat\/es\/wp-json\/wp\/v2\/product_tag?post=89858"}],"curies":[{"name":"wp","href":"https:\/\/api.w.org\/{rel}","templated":true}]}}