{"id":89870,"date":"2022-10-11T18:36:02","date_gmt":"2022-10-11T16:36:02","guid":{"rendered":"http:\/\/dev.claret.cat\/producte\/de-mayor-quiero-ser-feliz-cuaderno-de-actividades\/"},"modified":"2023-01-28T15:05:49","modified_gmt":"2023-01-28T14:05:49","slug":"de-mayor-quiero-ser-feliz-cuaderno-de-actividades-9788448856168","status":"publish","type":"product","link":"https:\/\/www.claret.cat\/es\/libro\/de-mayor-quiero-ser-feliz-cuaderno-de-actividades-9788448856168\/","title":{"rendered":"DE MAYOR QUIERO SER# FELIZ. CUADERNO DE ACTIVIDADES"},"content":{"rendered":"<p>Un cuaderno de actividades con el que ni\u00f1os y ni\u00f1as de 4 a 6 a\u00f1os aprender\u00e1n a desarrollar  y gestionar sus emociones. Con este entretenido cuaderno de actividades los m\u00e1s peque\u00f1os reforzar\u00e1n  su autoestima y ser\u00e1n m\u00e1s positivos en su d\u00eda a d\u00eda. Jugar\u00e1n a resolver divertidos laberintos, adivinanzas y sudokus para repasar todas las herramientas de gesti\u00f3n emocional que aparecen en los libros de Anna Morat\u00f3: De mayor quiero ser# feliz, \u00a1Hoy voy a tener un buen d\u00eda!,  Vamos a llevarnos bien, Al otro  lado y Creo en ti. M\u00e1s de 40 actividades sobre: * El lenguaje positivo * El agradecimiento * La confianza * La gesti\u00f3n de la frustraci\u00f3n * La empat\u00eda Igual que aprendemos desde peque\u00f1os a leer y a sumar, tambi\u00e9n podemos APRENDER A SER FELICES.<\/p>\n","protected":false},"excerpt":{"rendered":"<p>MORAT\u00d3 GARC\u00cdA, ANNA<\/p>\n","protected":false},"featured_media":89871,"template":"","meta":{"_acf_changed":false,"om_disable_all_campaigns":false,"rs_blank_template":"","rs_page_bg_color":"","slide_template_v7":"","inline_featured_image":false,"_monsterinsights_skip_tracking":false,"_monsterinsights_sitenote_active":false,"_monsterinsights_sitenote_note":"","_monsterinsights_sitenote_category":0},"product_brand":[],"product_cat":[132],"product_tag":[],"class_list":{"0":"post-89870","1":"product","2":"type-product","3":"status-publish","4":"has-post-thumbnail","6":"product_cat-lectures-per-preadolescents-6-12-anys","8":"first","9":"instock","10":"taxable","11":"shipping-taxable","12":"purchasable","13":"product-type-simple"},"acf":{"editorial":[{"ID":6141,"post_author":"3","post_date":"2022-07-28 17:45:46","post_date_gmt":"2022-07-28 15:45:46","post_content":"","post_title":"BEASCOA","post_excerpt":"","post_status":"publish","comment_status":"closed","ping_status":"closed","post_password":"","post_name":"beascoa","to_ping":"","pinged":"","post_modified":"2022-07-28 17:45:46","post_modified_gmt":"2022-07-28 15:45:46","post_content_filtered":"","post_parent":0,"guid":"http:\/\/dev.claret.cat\/editorial\/beascoa\/","menu_order":0,"post_type":"editorial","post_mime_type":"","comment_count":"0","filter":"raw"}],"autor":"MORAT\u00d3 GARC\u00cdA, ANNA","codart":"844885616","libros-coleccion":"Emociones, valores y h\u00e1bitos","ediciones":"1","encuadernacion":"R\u00fastica","fecha_de_publicacion":"01\/05\/2021","novedad":"1","paginas":"80","subtitulo":"VALORES Y HERRAMIENTAS PARA FOMENTAR UNA ACTITUD POSITIVA","orden":"0","portada":"0","idioma":"spa","autores-libros":[{"ID":150628,"post_author":"3","post_date":"2022-10-14 14:34:29","post_date_gmt":"2022-10-14 12:34:29","post_content":"","post_title":"ANNA MORATO GARC\u00cdA","post_excerpt":"","post_status":"publish","comment_status":"closed","ping_status":"closed","post_password":"","post_name":"anna-morato-garcia","to_ping":"","pinged":"","post_modified":"2022-10-14 14:34:29","post_modified_gmt":"2022-10-14 12:34:29","post_content_filtered":"","post_parent":0,"guid":"http:\/\/dev.claret.cat\/autor\/anna-morato-garcia\/","menu_order":0,"post_type":"autor","post_mime_type":"","comment_count":"0","filter":"raw"}]},"aioseo_notices":[],"_links":{"self":[{"href":"https:\/\/www.claret.cat\/es\/wp-json\/wp\/v2\/product\/89870","targetHints":{"allow":["GET"]}}],"collection":[{"href":"https:\/\/www.claret.cat\/es\/wp-json\/wp\/v2\/product"}],"about":[{"href":"https:\/\/www.claret.cat\/es\/wp-json\/wp\/v2\/types\/product"}],"wp:featuredmedia":[{"embeddable":true,"href":"https:\/\/www.claret.cat\/es\/wp-json\/wp\/v2\/media\/89871"}],"wp:attachment":[{"href":"https:\/\/www.claret.cat\/es\/wp-json\/wp\/v2\/media?parent=89870"}],"wp:term":[{"taxonomy":"product_brand","embeddable":true,"href":"https:\/\/www.claret.cat\/es\/wp-json\/wp\/v2\/product_brand?post=89870"},{"taxonomy":"product_cat","embeddable":true,"href":"https:\/\/www.claret.cat\/es\/wp-json\/wp\/v2\/product_cat?post=89870"},{"taxonomy":"product_tag","embeddable":true,"href":"https:\/\/www.claret.cat\/es\/wp-json\/wp\/v2\/product_tag?post=89870"}],"curies":[{"name":"wp","href":"https:\/\/api.w.org\/{rel}","templated":true}]}}