{"id":89933,"date":"2022-10-11T18:36:54","date_gmt":"2022-10-11T16:36:54","guid":{"rendered":"http:\/\/dev.claret.cat\/producte\/los-compas-escapan-de-la-prision-nueva-presentacion\/"},"modified":"2024-06-04T18:10:15","modified_gmt":"2024-06-04T16:10:15","slug":"los-compas-escapan-de-la-prision-nueva-presentacion-9788427047952","status":"publish","type":"product","link":"https:\/\/www.claret.cat\/es\/libro\/los-compas-escapan-de-la-prision-nueva-presentacion-9788427047952\/","title":{"rendered":"LOS COMPAS ESCAPAN DE LA PRISI\u00d3N (NUEVA PRESENTACI\u00d3N)"},"content":{"rendered":"<p>Gracias al diamantito legendario, MIKE, TIMBA y TROLLI pueden continuar por fin con sus merecidas vacaciones\u2026 \u00bfO no?<br \/> Justo cuando est\u00e1n celebr\u00e1ndolo, aparece el sargento Pimiento, al mando de la polic\u00eda de Tropicubo, y los detiene por vandalismo.<br \/> \u00a1Pero si ellos no han hecho nada!<br \/> Por m\u00e1s que protestan, parece que la nueva aventura de los Compas tendr\u00e1 lugar en un sitio que ninguno de ellos imaginaba\u2026<\/p>\n","protected":false},"excerpt":{"rendered":"<p>MIKECRACK, EL TROLLINO Y TIMBA VK<\/p>\n","protected":false},"featured_media":89934,"template":"","meta":{"_acf_changed":false,"om_disable_all_campaigns":false,"rs_blank_template":"","rs_page_bg_color":"","slide_template_v7":"","inline_featured_image":false,"_monsterinsights_skip_tracking":false,"_monsterinsights_sitenote_active":false,"_monsterinsights_sitenote_note":"","_monsterinsights_sitenote_category":0},"product_brand":[],"product_cat":[90,540],"product_tag":[],"class_list":{"0":"post-89933","1":"product","2":"type-product","3":"status-publish","4":"has-post-thumbnail","6":"product_cat-altres","7":"product_cat-otros","9":"first","10":"instock","11":"taxable","12":"shipping-taxable","13":"purchasable","14":"product-type-simple"},"acf":{"editorial":[{"ID":6303,"post_author":"3","post_date":"2022-07-28 17:49:17","post_date_gmt":"2022-07-28 15:49:17","post_content":"","post_title":"MARTINEZ ROCA","post_excerpt":"","post_status":"publish","comment_status":"closed","ping_status":"closed","post_password":"","post_name":"martinez-roca","to_ping":"","pinged":"","post_modified":"2022-07-28 17:49:17","post_modified_gmt":"2022-07-28 15:49:17","post_content_filtered":"","post_parent":0,"guid":"http:\/\/dev.claret.cat\/editorial\/martinez-roca\/","menu_order":0,"post_type":"editorial","post_mime_type":"","comment_count":"0","filter":"raw"}],"autores-libros":[{"ID":5429,"post_author":"3","post_date":"2022-07-28 17:23:45","post_date_gmt":"2022-07-28 15:23:45","post_content":"","post_title":"EL TROLLINO Y TIMBA VK MIKECRACK","post_excerpt":"","post_status":"publish","comment_status":"closed","ping_status":"closed","post_password":"","post_name":"el-trollino-y-timba-vk-mikecrack","to_ping":"","pinged":"","post_modified":"2022-07-28 17:23:45","post_modified_gmt":"2022-07-28 15:23:45","post_content_filtered":"","post_parent":0,"guid":"http:\/\/dev.claret.cat\/autor\/el-trollino-y-timba-vk-mikecrack\/","menu_order":0,"post_type":"autor","post_mime_type":"","comment_count":"0","filter":"raw"}],"autor":"MIKECRACK, EL TROLLINO Y TIMBA VK","codart":"842704795","libros-coleccion":"4You2","ediciones":"1","encuadernacion":"Carton\u00e9","fecha_de_publicacion":"01\/10\/2020","novedad":"1","paginas":"220","subtitulo":"","orden":"0","portada":"0","idioma":"spa"},"aioseo_notices":[],"_links":{"self":[{"href":"https:\/\/www.claret.cat\/es\/wp-json\/wp\/v2\/product\/89933","targetHints":{"allow":["GET"]}}],"collection":[{"href":"https:\/\/www.claret.cat\/es\/wp-json\/wp\/v2\/product"}],"about":[{"href":"https:\/\/www.claret.cat\/es\/wp-json\/wp\/v2\/types\/product"}],"wp:featuredmedia":[{"embeddable":true,"href":"https:\/\/www.claret.cat\/es\/wp-json\/wp\/v2\/media\/89934"}],"wp:attachment":[{"href":"https:\/\/www.claret.cat\/es\/wp-json\/wp\/v2\/media?parent=89933"}],"wp:term":[{"taxonomy":"product_brand","embeddable":true,"href":"https:\/\/www.claret.cat\/es\/wp-json\/wp\/v2\/product_brand?post=89933"},{"taxonomy":"product_cat","embeddable":true,"href":"https:\/\/www.claret.cat\/es\/wp-json\/wp\/v2\/product_cat?post=89933"},{"taxonomy":"product_tag","embeddable":true,"href":"https:\/\/www.claret.cat\/es\/wp-json\/wp\/v2\/product_tag?post=89933"}],"curies":[{"name":"wp","href":"https:\/\/api.w.org\/{rel}","templated":true}]}}