{"id":90059,"date":"2022-10-11T18:38:33","date_gmt":"2022-10-11T16:38:33","guid":{"rendered":"http:\/\/dev.claret.cat\/producte\/el-banc-de-la-desolacio-la-bestia-a-la-jungla\/"},"modified":"2023-01-28T00:52:58","modified_gmt":"2023-01-27T23:52:58","slug":"el-banc-de-la-desolacio-la-bestia-a-la-jungla-9788412356410","status":"publish","type":"product","link":"https:\/\/www.claret.cat\/es\/libro\/el-banc-de-la-desolacio-la-bestia-a-la-jungla-9788412356410\/","title":{"rendered":"EL BANC DE LA DESOLACI\u00d3 \/ LA B\u00c8STIA A LA JUNGLA"},"content":{"rendered":"<p>Dins de les hist\u00f2ries de Henry James sempre hi ha un secret. Sempre. Aquest s?amaga darrere d&#8217;unes aparences i, paradoxalment, la seva recerca far\u00e0 tan sols que s?allunyi qualsevol possibilitat de resoldre?l. Una veritat oculta no nom\u00e9s per mentides i fal\u00f2rnies sin\u00f3 tamb\u00e9 per conductes, convencionalismes i malentesos. Ambig\u00fcitat, ironia, jocs de llums i ombres?&nbsp;Precises i perfectes, aquestes dues novel\u00b7les curtes han acabat convertint-se en petites joies de la literatura universal.<\/p>\n","protected":false},"excerpt":{"rendered":"<p>JAMES HENRY<\/p>\n","protected":false},"featured_media":90060,"template":"","meta":{"_acf_changed":false,"om_disable_all_campaigns":false,"rs_blank_template":"","rs_page_bg_color":"","slide_template_v7":"","inline_featured_image":false,"_monsterinsights_skip_tracking":false,"_monsterinsights_sitenote_active":false,"_monsterinsights_sitenote_note":"","_monsterinsights_sitenote_category":0},"product_brand":[],"product_cat":[123],"product_tag":[],"class_list":{"0":"post-90059","1":"product","2":"type-product","3":"status-publish","4":"has-post-thumbnail","6":"product_cat-classica","8":"first","9":"instock","10":"taxable","11":"shipping-taxable","12":"purchasable","13":"product-type-simple"},"acf":{"editorial":[{"ID":148379,"post_author":"3","post_date":"2022-10-14 11:57:47","post_date_gmt":"2022-10-14 09:57:47","post_content":"","post_title":"LA TEMERARIA, EDITORIAL","post_excerpt":"","post_status":"publish","comment_status":"closed","ping_status":"closed","post_password":"","post_name":"la-temeraria-editorial","to_ping":"","pinged":"","post_modified":"2022-10-14 11:57:47","post_modified_gmt":"2022-10-14 09:57:47","post_content_filtered":"","post_parent":0,"guid":"http:\/\/dev.claret.cat\/editorial\/la-temeraria-editorial\/","menu_order":0,"post_type":"editorial","post_mime_type":"","comment_count":"0","filter":"raw"}],"autores-libros":[{"ID":158413,"post_author":"3","post_date":"2022-10-14 15:36:39","post_date_gmt":"2022-10-14 13:36:39","post_content":"","post_title":"JAMES HENRY","post_excerpt":"","post_status":"publish","comment_status":"closed","ping_status":"closed","post_password":"","post_name":"james-henry","to_ping":"","pinged":"","post_modified":"2022-10-14 15:36:39","post_modified_gmt":"2022-10-14 13:36:39","post_content_filtered":"","post_parent":0,"guid":"http:\/\/dev.claret.cat\/autor\/james-henry\/","menu_order":0,"post_type":"autor","post_mime_type":"","comment_count":"0","filter":"raw"}],"autor":"JAMES HENRY","codart":"841235641","libros-coleccion":"LA TEMERARIA","ediciones":"1","encuadernacion":"R\u00fastica","fecha_de_publicacion":"01\/05\/2021","novedad":"1","paginas":"152","subtitulo":"","orden":"0","portada":"0","idioma":"cat"},"aioseo_notices":[],"_links":{"self":[{"href":"https:\/\/www.claret.cat\/es\/wp-json\/wp\/v2\/product\/90059","targetHints":{"allow":["GET"]}}],"collection":[{"href":"https:\/\/www.claret.cat\/es\/wp-json\/wp\/v2\/product"}],"about":[{"href":"https:\/\/www.claret.cat\/es\/wp-json\/wp\/v2\/types\/product"}],"wp:featuredmedia":[{"embeddable":true,"href":"https:\/\/www.claret.cat\/es\/wp-json\/wp\/v2\/media\/90060"}],"wp:attachment":[{"href":"https:\/\/www.claret.cat\/es\/wp-json\/wp\/v2\/media?parent=90059"}],"wp:term":[{"taxonomy":"product_brand","embeddable":true,"href":"https:\/\/www.claret.cat\/es\/wp-json\/wp\/v2\/product_brand?post=90059"},{"taxonomy":"product_cat","embeddable":true,"href":"https:\/\/www.claret.cat\/es\/wp-json\/wp\/v2\/product_cat?post=90059"},{"taxonomy":"product_tag","embeddable":true,"href":"https:\/\/www.claret.cat\/es\/wp-json\/wp\/v2\/product_tag?post=90059"}],"curies":[{"name":"wp","href":"https:\/\/api.w.org\/{rel}","templated":true}]}}