{"id":90131,"date":"2022-10-11T18:39:26","date_gmt":"2022-10-11T16:39:26","guid":{"rendered":"http:\/\/dev.claret.cat\/producte\/antiguo-egipto\/"},"modified":"2023-01-27T23:48:52","modified_gmt":"2023-01-27T22:48:52","slug":"antiguo-egipto-9788418346859","status":"publish","type":"product","link":"https:\/\/www.claret.cat\/es\/libro\/antiguo-egipto-9788418346859\/","title":{"rendered":"ANTIGUO EGIPTO"},"content":{"rendered":"<p>Salima Ikram es profesora de Egiptolog\u00eda en la Universidad Americana de El Cairo. La autora, arque\u00f3loga especializada en el antiguo Egipto, ha publicado varios libros, acad\u00e9micos y divulgativos, entre los que cabe destacar obras de la relevancia de Death and Burial in Ancient Egypt y Divine Creatures: Animal Mummies in Ancient Egypt; y, junto a A. M. Dodson, The Tomb in Ancient Egypt y The Mummy in Ancient Egypt.<\/p>\n<p> Este libro nos ofrece una rigurosa y amena introducci\u00f3n a una de las m\u00e1s grandes civilizaciones de todos los tiempos? el antiguo Egipto. Comienza con una rese\u00f1a geogr\u00e1fica que nos ayudar\u00e1 a comprender el desarrollo del sistema de creencias egipcio y el subsecuente desarrollo pol\u00edtico, examina la metodolog\u00eda y la historia de esa disciplina egiptol\u00f3gica, la religi\u00f3n, la organizaci\u00f3n social y la vida urbana y rural, adem\u00e1s de los ritos y creencias funerarias. Tambi\u00e9n aborda el estilo de vida de los diferentes estratos sociales del antiguo Egipto. Incluye abundantes ilustraciones, con fotograf\u00edas de lugares poco vistos. Por lo tanto, sirve igualmente como libro de texto b\u00e1sico en cursos introductorios al antiguo Egipto. Adem\u00e1s, ofrece diversas herramientas para el estudiante, como son un glosario especializado, una bibliograf\u00eda y una lista de fuentes, \u00fatiles para quienes deseen profundizar en su inter\u00e9s por el antiguo Egipto. <\/p>\n<p> \u00abLos grandes descubrimientos, las aventuras de los viajeros, los misterios de los faraones, la danza de las momias y los aromas de la vida a lo largo del Nilo? El antiguo Egipto vuelve a la vida a trav\u00e9s de las p\u00e1ginas de esta excelente obra\u00bb.  Dr. Zahi Hawass, secretario general del Consejo Supremo de Antig\u00fcedades, Egipto.<\/p>\n","protected":false},"excerpt":{"rendered":"<p>SALIMA IKRAM<\/p>\n","protected":false},"featured_media":90132,"template":"","meta":{"_acf_changed":false,"om_disable_all_campaigns":false,"rs_blank_template":"","rs_page_bg_color":"","slide_template_v7":"","inline_featured_image":false,"_monsterinsights_skip_tracking":false,"_monsterinsights_sitenote_active":false,"_monsterinsights_sitenote_note":"","_monsterinsights_sitenote_category":0},"product_brand":[],"product_cat":[148],"product_tag":[],"class_list":{"0":"post-90131","1":"product","2":"type-product","3":"status-publish","4":"has-post-thumbnail","6":"product_cat-antiga","8":"first","9":"instock","10":"taxable","11":"shipping-taxable","12":"purchasable","13":"product-type-simple"},"acf":{"editorial":[{"ID":6120,"post_author":"3","post_date":"2022-07-28 17:45:19","post_date_gmt":"2022-07-28 15:45:19","post_content":"","post_title":"ALMUZARA","post_excerpt":"","post_status":"publish","comment_status":"closed","ping_status":"closed","post_password":"","post_name":"almuzara","to_ping":"","pinged":"","post_modified":"2022-07-28 17:45:19","post_modified_gmt":"2022-07-28 15:45:19","post_content_filtered":"","post_parent":0,"guid":"http:\/\/dev.claret.cat\/editorial\/almuzara\/","menu_order":0,"post_type":"editorial","post_mime_type":"","comment_count":"0","filter":"raw"}],"autores-libros":[{"ID":6006,"post_author":"3","post_date":"2022-07-28 17:36:09","post_date_gmt":"2022-07-28 15:36:09","post_content":"","post_title":"SALIMA IKRAM","post_excerpt":"","post_status":"publish","comment_status":"closed","ping_status":"closed","post_password":"","post_name":"salima-ikram","to_ping":"","pinged":"","post_modified":"2022-07-28 17:36:09","post_modified_gmt":"2022-07-28 15:36:09","post_content_filtered":"","post_parent":0,"guid":"http:\/\/dev.claret.cat\/autor\/salima-ikram\/","menu_order":0,"post_type":"autor","post_mime_type":"","comment_count":"0","filter":"raw"}],"autor":"SALIMA IKRAM","codart":"841834685","libros-coleccion":"FORA DE COL.LECCI\u00d3","ediciones":"1","encuadernacion":"R\u00fastica","fecha_de_publicacion":"01\/04\/2021","novedad":"1","paginas":"472","subtitulo":"INTRODUCCI\u00d3N A SU HISTORIA Y CULTURA","orden":"0","portada":"0","idioma":"spa"},"aioseo_notices":[],"_links":{"self":[{"href":"https:\/\/www.claret.cat\/es\/wp-json\/wp\/v2\/product\/90131","targetHints":{"allow":["GET"]}}],"collection":[{"href":"https:\/\/www.claret.cat\/es\/wp-json\/wp\/v2\/product"}],"about":[{"href":"https:\/\/www.claret.cat\/es\/wp-json\/wp\/v2\/types\/product"}],"wp:featuredmedia":[{"embeddable":true,"href":"https:\/\/www.claret.cat\/es\/wp-json\/wp\/v2\/media\/90132"}],"wp:attachment":[{"href":"https:\/\/www.claret.cat\/es\/wp-json\/wp\/v2\/media?parent=90131"}],"wp:term":[{"taxonomy":"product_brand","embeddable":true,"href":"https:\/\/www.claret.cat\/es\/wp-json\/wp\/v2\/product_brand?post=90131"},{"taxonomy":"product_cat","embeddable":true,"href":"https:\/\/www.claret.cat\/es\/wp-json\/wp\/v2\/product_cat?post=90131"},{"taxonomy":"product_tag","embeddable":true,"href":"https:\/\/www.claret.cat\/es\/wp-json\/wp\/v2\/product_tag?post=90131"}],"curies":[{"name":"wp","href":"https:\/\/api.w.org\/{rel}","templated":true}]}}