{"id":90315,"date":"2022-10-11T18:41:46","date_gmt":"2022-10-11T16:41:46","guid":{"rendered":"http:\/\/dev.claret.cat\/producte\/los-aromas-perdidos-la-estacion-de-las-tormentas-2\/"},"modified":"2023-01-28T06:48:47","modified_gmt":"2023-01-28T05:48:47","slug":"los-aromas-perdidos-la-estacion-de-las-tormentas-2-9788425358364","status":"publish","type":"product","link":"https:\/\/www.claret.cat\/es\/libro\/los-aromas-perdidos-la-estacion-de-las-tormentas-2-9788425358364\/","title":{"rendered":"LOS AROMAS PERDIDOS (LA ESTACI\u00d3N DE LAS TORMENTAS 2)"},"content":{"rendered":"<p>Pasi\u00f3n, amor, lealtad y traici\u00f3n en la Alemania nazi.  Segunda entrega de La estaci\u00f3n de las tormentas. Alemania, mayo de 1938. El fantasma del nazismo amenaza Europa pero  Felicia, fuerte e inconformista, maneja con decisi\u00f3n el tim\u00f3n de su  familia y su empresa. A su hija Belle no le importa la pol\u00edtica, solo  piensa en su carrera en el cine y en el hombre de sus sue\u00f1os, con quien  espera casarse muy pronto. La ceremonia se celebrar\u00e1 en la casa familiar  de Lulinn y asistir\u00e1 toda la familia salvo su madre, que ha decidido  acompa\u00f1ar a su socio jud\u00edo hasta la frontera. Al poco tiempo Susanne, su  otra hija, recibe una propuesta de matrimonio de un joven oficial de las SS.  Ninguna de esas tres mujeres imagina el descenso a los infiernos que  se avecina. Su pa\u00eds ser\u00e1 arrasado y dividido, y el mundo entero librar\u00e1  una lucha feroz por la supervivencia. Cuando por fin llegue la paz, solo  los m\u00e1s afortunados reaparecer\u00e1n entre las ruinas de un paisaje devastado por las bombas.   Los aromas perdidos es la apasionante historia de una familia,  convertida en un v\u00edvido reflejo de acontecimientos que tuvieron en jaque a la humanidad.<\/p>\n","protected":false},"excerpt":{"rendered":"<p>LINK, CHARLOTTE<\/p>\n","protected":false},"featured_media":90316,"template":"","meta":{"_acf_changed":false,"om_disable_all_campaigns":false,"rs_blank_template":"","rs_page_bg_color":"","slide_template_v7":"","inline_featured_image":false,"_monsterinsights_skip_tracking":false,"_monsterinsights_sitenote_active":false,"_monsterinsights_sitenote_note":"","_monsterinsights_sitenote_category":0},"product_brand":[],"product_cat":[127,130],"product_tag":[],"class_list":{"0":"post-90315","1":"product","2":"type-product","3":"status-publish","4":"has-post-thumbnail","6":"product_cat-novella-contemporania","7":"product_cat-novella-historica-i-ficcio","9":"first","10":"instock","11":"taxable","12":"shipping-taxable","13":"purchasable","14":"product-type-simple"},"acf":{"editorial":[{"ID":6263,"post_author":"3","post_date":"2022-07-28 17:48:27","post_date_gmt":"2022-07-28 15:48:27","post_content":"","post_title":"GRIJALBO","post_excerpt":"","post_status":"publish","comment_status":"closed","ping_status":"closed","post_password":"","post_name":"grijalbo","to_ping":"","pinged":"","post_modified":"2022-07-28 17:48:27","post_modified_gmt":"2022-07-28 15:48:27","post_content_filtered":"","post_parent":0,"guid":"http:\/\/dev.claret.cat\/editorial\/grijalbo\/","menu_order":0,"post_type":"editorial","post_mime_type":"","comment_count":"0","filter":"raw"}],"autor":"LINK, CHARLOTTE","codart":"842535836","libros-coleccion":"FORA DE COL.LECCI\u00d3","ediciones":"1","encuadernacion":"Carton\u00e9","fecha_de_publicacion":"01\/05\/2021","novedad":"1","paginas":"0","subtitulo":"LA ESTACI\u00d3N DE LAS TORMENTAS II","orden":"0","portada":"0","idioma":"spa","autores-libros":[{"ID":152798,"post_author":"3","post_date":"2022-10-14 14:51:40","post_date_gmt":"2022-10-14 12:51:40","post_content":"","post_title":"CHARLOTTE LINK","post_excerpt":"","post_status":"publish","comment_status":"closed","ping_status":"closed","post_password":"","post_name":"charlotte-link","to_ping":"","pinged":"","post_modified":"2022-10-14 14:51:40","post_modified_gmt":"2022-10-14 12:51:40","post_content_filtered":"","post_parent":0,"guid":"http:\/\/dev.claret.cat\/autor\/charlotte-link\/","menu_order":0,"post_type":"autor","post_mime_type":"","comment_count":"0","filter":"raw"}]},"aioseo_notices":[],"_links":{"self":[{"href":"https:\/\/www.claret.cat\/es\/wp-json\/wp\/v2\/product\/90315","targetHints":{"allow":["GET"]}}],"collection":[{"href":"https:\/\/www.claret.cat\/es\/wp-json\/wp\/v2\/product"}],"about":[{"href":"https:\/\/www.claret.cat\/es\/wp-json\/wp\/v2\/types\/product"}],"wp:featuredmedia":[{"embeddable":true,"href":"https:\/\/www.claret.cat\/es\/wp-json\/wp\/v2\/media\/90316"}],"wp:attachment":[{"href":"https:\/\/www.claret.cat\/es\/wp-json\/wp\/v2\/media?parent=90315"}],"wp:term":[{"taxonomy":"product_brand","embeddable":true,"href":"https:\/\/www.claret.cat\/es\/wp-json\/wp\/v2\/product_brand?post=90315"},{"taxonomy":"product_cat","embeddable":true,"href":"https:\/\/www.claret.cat\/es\/wp-json\/wp\/v2\/product_cat?post=90315"},{"taxonomy":"product_tag","embeddable":true,"href":"https:\/\/www.claret.cat\/es\/wp-json\/wp\/v2\/product_tag?post=90315"}],"curies":[{"name":"wp","href":"https:\/\/api.w.org\/{rel}","templated":true}]}}