{"id":90333,"date":"2022-10-11T18:42:00","date_gmt":"2022-10-11T16:42:00","guid":{"rendered":"http:\/\/dev.claret.cat\/producte\/rosalia-y-el-diente-que-no-se-caia\/"},"modified":"2023-01-28T12:57:53","modified_gmt":"2023-01-28T11:57:53","slug":"rosalia-y-el-diente-que-no-se-caia-9788448857615","status":"publish","type":"product","link":"https:\/\/www.claret.cat\/es\/libro\/rosalia-y-el-diente-que-no-se-caia-9788448857615\/","title":{"rendered":"ROSAL\u00cdA Y EL DIENTE QUE NO SE CA\u00cdA"},"content":{"rendered":"<p>Un divertido y delicioso album ilustrado en verso para leer en familia. La peque\u00f1a Rosal\u00eda   mira dentro de su boca,   no la invade la alegr\u00eda, no hay ninguna pieza rota!  Rosal\u00eda es una ni\u00f1a que est\u00e1 deseando que se le caiga alg\u00fan diente para  hacerse mayor y har\u00e1 lo imposible por conseguirlo. Todo lo que se le  ocurre son ideas disparatadas y al final se convierte en &#8216;mellica&#8217; de una forma inesperada. Un libro ideal para tratar en familia de forma divertida aspectos importantes en el desarrollo de los ni\u00f1os.<\/p>\n","protected":false},"excerpt":{"rendered":"<p>MERL\u00c1N, PAULA \/ L\u00d3PEZ \u00c1VILA, PILAR \/ PERPI\u00d1\u00c1N, ARANCHA<\/p>\n","protected":false},"featured_media":90334,"template":"","meta":{"_acf_changed":false,"om_disable_all_campaigns":false,"rs_blank_template":"","rs_page_bg_color":"","slide_template_v7":"","inline_featured_image":false,"_monsterinsights_skip_tracking":false,"_monsterinsights_sitenote_active":false,"_monsterinsights_sitenote_note":"","_monsterinsights_sitenote_category":0},"product_brand":[],"product_cat":[16],"product_tag":[],"class_list":{"0":"post-90333","1":"product","2":"type-product","3":"status-publish","4":"has-post-thumbnail","6":"product_cat-sense-categoria","8":"first","9":"instock","10":"taxable","11":"shipping-taxable","12":"purchasable","13":"product-type-simple"},"acf":{"editorial":[{"ID":6141,"post_author":"3","post_date":"2022-07-28 17:45:46","post_date_gmt":"2022-07-28 15:45:46","post_content":"","post_title":"BEASCOA","post_excerpt":"","post_status":"publish","comment_status":"closed","ping_status":"closed","post_password":"","post_name":"beascoa","to_ping":"","pinged":"","post_modified":"2022-07-28 17:45:46","post_modified_gmt":"2022-07-28 15:45:46","post_content_filtered":"","post_parent":0,"guid":"http:\/\/dev.claret.cat\/editorial\/beascoa\/","menu_order":0,"post_type":"editorial","post_mime_type":"","comment_count":"0","filter":"raw"}],"autor":"MERL\u00c1N, PAULA \/ L\u00d3PEZ \u00c1VILA, PILAR \/ PERPI\u00d1\u00c1N, ARANCHA","codart":"844885761","libros-coleccion":"FORA DE COL.LECCI\u00d3","ediciones":"1","encuadernacion":"Carton\u00e9","fecha_de_publicacion":"01\/05\/2021","novedad":"1","paginas":"45","subtitulo":"","orden":"0","portada":"0","idioma":"spa","autores-libros":[{"ID":167313,"post_author":"3","post_date":"2022-10-14 18:10:13","post_date_gmt":"2022-10-14 16:10:13","post_content":"","post_title":"PILAR L\u00d3PEZ \u00c1VILA","post_excerpt":"","post_status":"publish","comment_status":"closed","ping_status":"closed","post_password":"","post_name":"pilar-lopez-avila","to_ping":"","pinged":"","post_modified":"2022-10-14 18:10:13","post_modified_gmt":"2022-10-14 16:10:13","post_content_filtered":"","post_parent":0,"guid":"http:\/\/dev.claret.cat\/autor\/pilar-lopez-avila\/","menu_order":0,"post_type":"autor","post_mime_type":"","comment_count":"0","filter":"raw"},{"ID":166784,"post_author":"3","post_date":"2022-10-14 18:06:01","post_date_gmt":"2022-10-14 16:06:01","post_content":"","post_title":"PAULA MERL\u00c1N","post_excerpt":"","post_status":"publish","comment_status":"closed","ping_status":"closed","post_password":"","post_name":"paula-merlan","to_ping":"","pinged":"","post_modified":"2022-10-14 18:06:01","post_modified_gmt":"2022-10-14 16:06:01","post_content_filtered":"","post_parent":0,"guid":"http:\/\/dev.claret.cat\/autor\/paula-merlan\/","menu_order":0,"post_type":"autor","post_mime_type":"","comment_count":"0","filter":"raw"},{"ID":151048,"post_author":"3","post_date":"2022-10-14 14:37:48","post_date_gmt":"2022-10-14 12:37:48","post_content":"","post_title":"ARANCHA PERPI\u00d1\u00c1N","post_excerpt":"","post_status":"publish","comment_status":"closed","ping_status":"closed","post_password":"","post_name":"arancha-perpinan","to_ping":"","pinged":"","post_modified":"2022-10-14 14:37:48","post_modified_gmt":"2022-10-14 12:37:48","post_content_filtered":"","post_parent":0,"guid":"http:\/\/dev.claret.cat\/autor\/arancha-perpinan\/","menu_order":0,"post_type":"autor","post_mime_type":"","comment_count":"0","filter":"raw"}]},"aioseo_notices":[],"_links":{"self":[{"href":"https:\/\/www.claret.cat\/es\/wp-json\/wp\/v2\/product\/90333","targetHints":{"allow":["GET"]}}],"collection":[{"href":"https:\/\/www.claret.cat\/es\/wp-json\/wp\/v2\/product"}],"about":[{"href":"https:\/\/www.claret.cat\/es\/wp-json\/wp\/v2\/types\/product"}],"wp:featuredmedia":[{"embeddable":true,"href":"https:\/\/www.claret.cat\/es\/wp-json\/wp\/v2\/media\/90334"}],"wp:attachment":[{"href":"https:\/\/www.claret.cat\/es\/wp-json\/wp\/v2\/media?parent=90333"}],"wp:term":[{"taxonomy":"product_brand","embeddable":true,"href":"https:\/\/www.claret.cat\/es\/wp-json\/wp\/v2\/product_brand?post=90333"},{"taxonomy":"product_cat","embeddable":true,"href":"https:\/\/www.claret.cat\/es\/wp-json\/wp\/v2\/product_cat?post=90333"},{"taxonomy":"product_tag","embeddable":true,"href":"https:\/\/www.claret.cat\/es\/wp-json\/wp\/v2\/product_tag?post=90333"}],"curies":[{"name":"wp","href":"https:\/\/api.w.org\/{rel}","templated":true}]}}