{"id":90336,"date":"2022-10-11T18:42:02","date_gmt":"2022-10-11T16:42:02","guid":{"rendered":"http:\/\/dev.claret.cat\/producte\/misterio-en-el-hipermercado-ole-mortadelo-215\/"},"modified":"2023-01-28T23:44:23","modified_gmt":"2023-01-28T22:44:23","slug":"misterio-en-el-hipermercado-ole-mortadelo-215-9788402424518","status":"publish","type":"product","link":"https:\/\/www.claret.cat\/es\/libro\/misterio-en-el-hipermercado-ole-mortadelo-215-9788402424518\/","title":{"rendered":"\u00a1MISTERIO EN EL HIPERMERCADO! (OL\u00c9! MORTADELO 215)"},"content":{"rendered":"<p>N\u00famero 215 de la colecci\u00f3n \u00abOl\u00e9! Mortadelo\u00bb, la m\u00e1s longeva hasta la actualidad.  \u00a1Mortadelo y Filem\u00f3n vivir\u00e1n sus aventuras en el hipermercado! El S\u00faper encarga a Mortadelo y Filem\u00f3n una mision en Valdetrasto. El  alcalde y el due\u00f1o del hipermercado de la poblaci\u00f3n est\u00e1n enemistados entre s\u00ed. El alcalde dice que se ven movimientos extra\u00f1os por la noche, ya que ven  salir cajas sin parar del local, y el due\u00f1o del hipermercado dice que el alcalde le tiene tirria y quiere hundirlo. Mortadelo y Filem\u00f3n conseguir\u00e1n desentra\u00f1ar el misterio de las cajas, no  sin antes vivir divertid\u00edsmas situaciones que nos har\u00e1n re\u00edr sin parar. Hasta el mism\u00edsimo Ib\u00e1\u00f1ez firmar\u00e1 ejemplares de sus \u00e1lbumes en el hipermercado. Sobre la colecci\u00f3n:<br \/>La colecci\u00f3n \u00abOl\u00e9!\u00bb naci\u00f3 en 1971 en Bruguera y se convirti\u00f3  r\u00e1pidamente en uno de los mayores \u00e9xitos de la editorial. Hoy en d\u00eda  todav\u00eda puede presumir de ser una de las colecciones m\u00e1s longevas del mercado nacional del c\u00f3mic. En sus or\u00edgenes, \u00abOl\u00e9!\u00bb recopilaba aventuras cortas y conten\u00eda una  gran variedad de personajes del gran fondo de c\u00f3mic de Bruguera: desde  los principales personajes de Ib\u00e1\u00f1ez, V\u00e1zquez y Escobar, hasta los inolvidables Sir Tim O\u00b4Theo de Raf, Don P\u00edo y Gordito Relleno de Pe\u00f1arroya,  Agamen\u00f3n de Nen\u00e9 Estivill, Rigoberto Picaporte de Robert Segura, Deliranta Rococ\u00f3 de Martz Schmidt, entre otros. En la actualidad, en  \u00abOl\u00e9!\u00bb se publican las novedades de Mortadelo y Filem\u00f3n que han aparecido previamente en la colecci\u00f3n \u00abMagos del Humor\u00bb.<\/p>\n","protected":false},"excerpt":{"rendered":"<p>IB\u00c1\u00d1EZ, FRANCISCO<\/p>\n","protected":false},"featured_media":90337,"template":"","meta":{"_acf_changed":false,"om_disable_all_campaigns":false,"rs_blank_template":"","rs_page_bg_color":"","slide_template_v7":"","inline_featured_image":false,"_monsterinsights_skip_tracking":false,"_monsterinsights_sitenote_active":false,"_monsterinsights_sitenote_note":"","_monsterinsights_sitenote_category":0},"product_brand":[],"product_cat":[108],"product_tag":[],"class_list":{"0":"post-90336","1":"product","2":"type-product","3":"status-publish","4":"has-post-thumbnail","6":"product_cat-comic","8":"first","9":"instock","10":"taxable","11":"shipping-taxable","12":"purchasable","13":"product-type-simple"},"acf":{"editorial":[{"ID":147571,"post_author":"3","post_date":"2022-10-14 11:51:35","post_date_gmt":"2022-10-14 09:51:35","post_content":"","post_title":"Bruguera (Ediciones B)","post_excerpt":"","post_status":"publish","comment_status":"closed","ping_status":"closed","post_password":"","post_name":"bruguera-ediciones-b","to_ping":"","pinged":"","post_modified":"2022-10-14 11:51:35","post_modified_gmt":"2022-10-14 09:51:35","post_content_filtered":"","post_parent":0,"guid":"http:\/\/dev.claret.cat\/editorial\/bruguera-ediciones-b\/","menu_order":0,"post_type":"editorial","post_mime_type":"","comment_count":"0","filter":"raw"}],"autores-libros":[{"ID":156255,"post_author":"3","post_date":"2022-10-14 15:19:21","post_date_gmt":"2022-10-14 13:19:21","post_content":"","post_title":"FRANCISCO IBA\u00d1EZ","post_excerpt":"","post_status":"publish","comment_status":"closed","ping_status":"closed","post_password":"","post_name":"francisco-ibanez","to_ping":"","pinged":"","post_modified":"2022-10-14 15:19:21","post_modified_gmt":"2022-10-14 13:19:21","post_content_filtered":"","post_parent":0,"guid":"http:\/\/dev.claret.cat\/autor\/francisco-ibanez\/","menu_order":0,"post_type":"autor","post_mime_type":"","comment_count":"0","filter":"raw"}],"autor":"IB\u00c1\u00d1EZ, FRANCISCO","codart":"840242451","libros-coleccion":"Ol\u00e9! Mortadelo","ediciones":"1","encuadernacion":"R\u00fastica","fecha_de_publicacion":"01\/05\/2021","novedad":"1","paginas":"44","subtitulo":"","orden":"0","portada":"0","idioma":"spa"},"aioseo_notices":[],"_links":{"self":[{"href":"https:\/\/www.claret.cat\/es\/wp-json\/wp\/v2\/product\/90336","targetHints":{"allow":["GET"]}}],"collection":[{"href":"https:\/\/www.claret.cat\/es\/wp-json\/wp\/v2\/product"}],"about":[{"href":"https:\/\/www.claret.cat\/es\/wp-json\/wp\/v2\/types\/product"}],"wp:featuredmedia":[{"embeddable":true,"href":"https:\/\/www.claret.cat\/es\/wp-json\/wp\/v2\/media\/90337"}],"wp:attachment":[{"href":"https:\/\/www.claret.cat\/es\/wp-json\/wp\/v2\/media?parent=90336"}],"wp:term":[{"taxonomy":"product_brand","embeddable":true,"href":"https:\/\/www.claret.cat\/es\/wp-json\/wp\/v2\/product_brand?post=90336"},{"taxonomy":"product_cat","embeddable":true,"href":"https:\/\/www.claret.cat\/es\/wp-json\/wp\/v2\/product_cat?post=90336"},{"taxonomy":"product_tag","embeddable":true,"href":"https:\/\/www.claret.cat\/es\/wp-json\/wp\/v2\/product_tag?post=90336"}],"curies":[{"name":"wp","href":"https:\/\/api.w.org\/{rel}","templated":true}]}}